{"id":165761,"date":"2025-12-19T15:35:45","date_gmt":"2025-12-19T12:35:45","guid":{"rendered":"https:\/\/baldumarket.lt\/product\/tadeusz-4-komoda-4-szuflady-dab-stuletni\/"},"modified":"2026-04-12T16:05:25","modified_gmt":"2026-04-12T13:05:25","slug":"tadeusz-4-komoda-4-szuflady-dab-stuletni","status":"publish","type":"product","link":"https:\/\/baldumarket.lt\/lt\/product\/tadeusz-4-komoda-4-szuflady-dab-stuletni\/","title":{"rendered":"TADEUSZ-4 &#8211; Komoda su 4 stal\u010diais, \u0105\u017euolo spalvos"},"content":{"rendered":"<p>Komoda \u201eTadeusz-4\u201c pagaminta i\u0161 auk\u0161tos kokyb\u0117s laminuotos plok\u0161t\u0117s. Jos i\u0161vaizda ir apdaila primena autenti\u0161k\u0105, \u0161imtamet\u0119 \u0105\u017euolo medien\u0105, suteikdami jai unikal\u0173 charakter\u012f. Auksin\u0117s ranken\u0117l\u0117s suteikia subtilios prabangos, tod\u0117l ji taps ak\u012f traukian\u010diu bet kokio interjero akcentu. I\u0161manus keturi\u0173 erdvi\u0173 stal\u010di\u0173 dizainas u\u017etikrina puik\u0173 funkcionalum\u0105. J\u0173 talpa leid\u017eia patogiai laikyti \u012fvairius daiktus \u2013 nuo dokument\u0173 ir nam\u0173 aksesuar\u0173 iki drabu\u017ei\u0173. Tai ne tik suteikia vietos daiktams, bet ir sukuria tvark\u0105 j\u016bs\u0173 aplinkoje. Komoda \u201eTadeusz-4\u201c yra i\u0161skirtinai universalus baldas, kuris puikiai tiks prie bet kokio interjero stiliaus. Nesvarbu, ar ie\u0161kote baldo prie\u0161kambariui, miegamajam ar svetainei, \u0161i komoda pateisins j\u016bs\u0173 l\u016bkes\u010dius. Jos dizainas dera tiek su klasikin\u0117mis, tiek su moderniomis erdv\u0117mis, sukurdamas jauki\u0105 ir \u0161ilt\u0105 atmosfer\u0105.<\/p>","protected":false},"excerpt":{"rendered":"<p>Plotis (cm): 63<br \/>\n\u016agis (cm): 90<br \/>\nGylis (cm): 44<\/p>","protected":false},"featured_media":165762,"comment_status":"open","ping_status":"open","template":"","meta":[],"product_brand":[],"product_cat":[9515,1173,4108],"product_tag":[],"class_list":{"0":"post-165761","1":"product","2":"type-product","3":"status-publish","4":"has-post-thumbnail","6":"product_cat-furniture-system-tadeusz-jarstol-meble","7":"product_cat-chests-of-drawers","8":"product_cat-jarstol","10":"first","11":"instock","12":"purchasable","13":"product-type-simple"},"_links":{"self":[{"href":"https:\/\/baldumarket.lt\/lt\/wp-json\/wp\/v2\/product\/165761","targetHints":{"allow":["GET"]}}],"collection":[{"href":"https:\/\/baldumarket.lt\/lt\/wp-json\/wp\/v2\/product"}],"about":[{"href":"https:\/\/baldumarket.lt\/lt\/wp-json\/wp\/v2\/types\/product"}],"replies":[{"embeddable":true,"href":"https:\/\/baldumarket.lt\/lt\/wp-json\/wp\/v2\/comments?post=165761"}],"wp:featuredmedia":[{"embeddable":true,"href":"https:\/\/baldumarket.lt\/lt\/wp-json\/wp\/v2\/media\/165762"}],"wp:attachment":[{"href":"https:\/\/baldumarket.lt\/lt\/wp-json\/wp\/v2\/media?parent=165761"}],"wp:term":[{"taxonomy":"product_brand","embeddable":true,"href":"https:\/\/baldumarket.lt\/lt\/wp-json\/wp\/v2\/product_brand?post=165761"},{"taxonomy":"product_cat","embeddable":true,"href":"https:\/\/baldumarket.lt\/lt\/wp-json\/wp\/v2\/product_cat?post=165761"},{"taxonomy":"product_tag","embeddable":true,"href":"https:\/\/baldumarket.lt\/lt\/wp-json\/wp\/v2\/product_tag?post=165761"}],"curies":[{"name":"wp","href":"https:\/\/api.w.org\/{rel}","templated":true}]}}