{"id":165753,"date":"2025-12-19T15:35:26","date_gmt":"2025-12-19T12:35:26","guid":{"rendered":"https:\/\/baldumarket.lt\/product\/tadeusz-5-komoda-2d4s-dab-lefkas\/"},"modified":"2026-04-12T16:05:17","modified_gmt":"2026-04-12T13:05:17","slug":"tadeusz-5-komoda-2d4s-dab-lefkas","status":"publish","type":"product","link":"https:\/\/baldumarket.lt\/lt\/product\/tadeusz-5-komoda-2d4s-dab-lefkas\/","title":{"rendered":"TADEUSZ-5 &#8211; Komoda 2D4S Lefkas \u0104\u017euolas"},"content":{"rendered":"<p>\u0160ilto atspalvio ir nat\u016bralios i\u0161vaizdos \u0105\u017euolin\u0117 komoda \u201eTADEUSZ-5 Lefkas\u201c suteiks j\u016bs\u0173 namams jaukumo. Auksin\u0117s ranken\u0117l\u0117s suteikia prabangos, tod\u0117l ji taps tikru bet kurio kambario puo\u0161mena. \u0160i erdvi komoda buvo sukurta atsi\u017evelgiant \u012f kasdienius poreikius ir si\u016blo ideali\u0105 daikt\u0173 laikymo viet\u0105. Dviejose erdviose spintel\u0117se ir keturiuose stal\u010diuose joje lengvai tilps visi j\u016bs\u0173 lobiai \u2013 drabu\u017eiai, dokumentai ir net \u017eaislai. D\u0117l metalini\u0173 vyri\u0173 ir b\u0117geli\u0173 naudojimo galite b\u016bti tikri, kad ja naudotis bus ne tik patogu, bet ir patvaru. \u0160iam baldui b\u016bdingas kaimi\u0161kas stilius puikiai tinka tiek moderniam, tiek klasikiniam interjerui. Galima rinktis i\u0161 dviej\u0173 spalv\u0173, tod\u0117l j\u0105 lengvai priderinsite prie savo interjero stiliaus, sukurdami harmoning\u0105 erdv\u0119 svetain\u0117je, miegamajame ar biure.<\/p>","protected":false},"excerpt":{"rendered":"<p>Plotis (cm): 120<br \/>\n\u016agis (cm): 90<br \/>\nGylis (cm): 44<\/p>","protected":false},"featured_media":165754,"comment_status":"open","ping_status":"open","template":"","meta":[],"product_brand":[],"product_cat":[9515,1173,4108],"product_tag":[],"class_list":{"0":"post-165753","1":"product","2":"type-product","3":"status-publish","4":"has-post-thumbnail","6":"product_cat-furniture-system-tadeusz-jarstol-meble","7":"product_cat-chests-of-drawers","8":"product_cat-jarstol","10":"first","11":"instock","12":"purchasable","13":"product-type-simple"},"_links":{"self":[{"href":"https:\/\/baldumarket.lt\/lt\/wp-json\/wp\/v2\/product\/165753","targetHints":{"allow":["GET"]}}],"collection":[{"href":"https:\/\/baldumarket.lt\/lt\/wp-json\/wp\/v2\/product"}],"about":[{"href":"https:\/\/baldumarket.lt\/lt\/wp-json\/wp\/v2\/types\/product"}],"replies":[{"embeddable":true,"href":"https:\/\/baldumarket.lt\/lt\/wp-json\/wp\/v2\/comments?post=165753"}],"wp:featuredmedia":[{"embeddable":true,"href":"https:\/\/baldumarket.lt\/lt\/wp-json\/wp\/v2\/media\/165754"}],"wp:attachment":[{"href":"https:\/\/baldumarket.lt\/lt\/wp-json\/wp\/v2\/media?parent=165753"}],"wp:term":[{"taxonomy":"product_brand","embeddable":true,"href":"https:\/\/baldumarket.lt\/lt\/wp-json\/wp\/v2\/product_brand?post=165753"},{"taxonomy":"product_cat","embeddable":true,"href":"https:\/\/baldumarket.lt\/lt\/wp-json\/wp\/v2\/product_cat?post=165753"},{"taxonomy":"product_tag","embeddable":true,"href":"https:\/\/baldumarket.lt\/lt\/wp-json\/wp\/v2\/product_tag?post=165753"}],"curies":[{"name":"wp","href":"https:\/\/api.w.org\/{rel}","templated":true}]}}