{"id":165745,"date":"2025-12-19T15:35:08","date_gmt":"2025-12-19T12:35:08","guid":{"rendered":"https:\/\/baldumarket.lt\/product\/tadeusz-6-komoda-2d4s-dab-lefkas\/"},"modified":"2026-04-12T16:05:17","modified_gmt":"2026-04-12T13:05:17","slug":"tadeusz-6-komoda-2d4s-dab-lefkas","status":"publish","type":"product","link":"https:\/\/baldumarket.lt\/lt\/product\/tadeusz-6-komoda-2d4s-dab-lefkas\/","title":{"rendered":"TADEUSZ-6 &#8211; Komoda 2D4S Lefkas \u0104\u017euolas"},"content":{"rendered":"<p>Komoda \u2019Tadeusz-6\u201c \u2013 puikus pasirinkimas tiems, kurie vertina elegancij\u0105 ir funkcionalum\u0105. Pagaminta i\u0161 auk\u0161\u010diausios kokyb\u0117s laminuotos plok\u0161t\u0117s, pasi\u017eymin\u010dios nuostabiu Lefko \u0105\u017euolo atspalviu, ji puikiai dera prie bet kokio interjero. Minimalistinis dizainas ir \u0161ilta spalva suteiks namams jaukumo, o auksin\u0117s ranken\u0117l\u0117s \u2013 unikalumo. Tai baldas, kuris traukia ak\u012f ir tampa bet kurio interjero traukos centru. \u0160ios komodos erdvumas yra did\u017eiulis privalumas. 140 cm plo\u010dio ir 90 cm auk\u0161\u010dio komoda suteikia daug vietos ne tik asmeniniams daiktams, bet ir dekoracijoms laikyti. Keturi erdv\u016bs stal\u010diai ir dvi \u0161onin\u0117s spintel\u0117s su lentynomis leid\u017eia ai\u0161kiai ir patogiai susitvarkyti daiktus. \u010cia galite laikyti visk\u0105, ko norite \u2013 nuo sezonini\u0173 drabu\u017ei\u0173 iki knyg\u0173 ir vaik\u0173 \u017eaisl\u0173, tod\u0117l tai idealus sprendimas miegamajam, darbo kambariui ar svetainei. Kasdien naudojant, nereikia r\u016bpintis komodos patvarumu. D\u0117l tvirt\u0173 metalini\u0173 kreipian\u010di\u0173j\u0173 ir vyri\u0173 naudojimas yra tylus ir patogus, o pati konstrukcija u\u017etikrina baldo ilgaam\u017ei\u0161kum\u0105. Nors montavimas yra kruop\u0161tus, jis paprastas ir lengvas, tod\u0117l gal\u0117site greitai m\u0117gautis nauju interjero elementu.<\/p>","protected":false},"excerpt":{"rendered":"<p>Plotis (cm): 140<br \/>\n\u016agis (cm): 90<br \/>\nGylis (cm): 44<\/p>","protected":false},"featured_media":165746,"comment_status":"open","ping_status":"open","template":"","meta":[],"product_brand":[],"product_cat":[9515,1173,4108],"product_tag":[],"class_list":{"0":"post-165745","1":"product","2":"type-product","3":"status-publish","4":"has-post-thumbnail","6":"product_cat-furniture-system-tadeusz-jarstol-meble","7":"product_cat-chests-of-drawers","8":"product_cat-jarstol","10":"first","11":"instock","12":"purchasable","13":"product-type-simple"},"_links":{"self":[{"href":"https:\/\/baldumarket.lt\/lt\/wp-json\/wp\/v2\/product\/165745","targetHints":{"allow":["GET"]}}],"collection":[{"href":"https:\/\/baldumarket.lt\/lt\/wp-json\/wp\/v2\/product"}],"about":[{"href":"https:\/\/baldumarket.lt\/lt\/wp-json\/wp\/v2\/types\/product"}],"replies":[{"embeddable":true,"href":"https:\/\/baldumarket.lt\/lt\/wp-json\/wp\/v2\/comments?post=165745"}],"wp:featuredmedia":[{"embeddable":true,"href":"https:\/\/baldumarket.lt\/lt\/wp-json\/wp\/v2\/media\/165746"}],"wp:attachment":[{"href":"https:\/\/baldumarket.lt\/lt\/wp-json\/wp\/v2\/media?parent=165745"}],"wp:term":[{"taxonomy":"product_brand","embeddable":true,"href":"https:\/\/baldumarket.lt\/lt\/wp-json\/wp\/v2\/product_brand?post=165745"},{"taxonomy":"product_cat","embeddable":true,"href":"https:\/\/baldumarket.lt\/lt\/wp-json\/wp\/v2\/product_cat?post=165745"},{"taxonomy":"product_tag","embeddable":true,"href":"https:\/\/baldumarket.lt\/lt\/wp-json\/wp\/v2\/product_tag?post=165745"}],"curies":[{"name":"wp","href":"https:\/\/api.w.org\/{rel}","templated":true}]}}