{"id":165737,"date":"2025-12-19T15:34:50","date_gmt":"2025-12-19T12:34:50","guid":{"rendered":"https:\/\/baldumarket.lt\/product\/tadeusz-6-komoda-2d4s-dab-stuletni\/"},"modified":"2026-04-12T16:05:17","modified_gmt":"2026-04-12T13:05:17","slug":"tadeusz-6-komoda-2d4s-dab-stuletni","status":"publish","type":"product","link":"https:\/\/baldumarket.lt\/lt\/product\/tadeusz-6-komoda-2d4s-dab-stuletni\/","title":{"rendered":"TADEUSZ-6 \u2013 Komoda 2D4S \u0160imtametis \u0105\u017euolas"},"content":{"rendered":"<p>Atraskite unikali\u0105 komod\u0105 TADEUSZ-6, kurioje dera i\u0161skirtinis dizainas ir funkcionalumas. Stilinga \u2019Centennial Oak\u201c apdaila suteikia elegancijos, sukurdama jauki\u0105 atmosfer\u0105 bet kuriame kambaryje. Sukurta taip, kad papildyt\u0173 \u012fvairius interjerus \u2013 nuo klasikinio iki modernaus, tai universalus baldas. Funkcionalumas yra vienas did\u017eiausi\u0173 m\u016bs\u0173 komodos privalum\u0173. Tur\u0117dama keturis erdvius stal\u010dius ir dvi \u0161onines spinteles su lentynomis, TADEUSZ-6 komoda leid\u017eia efektyviai organizuoti erdv\u0119. Nesvarbu, ar jums reikia laikyti drabu\u017eius, dokumentus ar aksesuarus, \u0161i komoda patenkins j\u016bs\u0173 poreikius, supaprastindama kasdienyb\u0119 ir palaikydama tvark\u0105 namuose. Komoda pagaminta i\u0161 auk\u0161tos kokyb\u0117s laminuotos plok\u0161t\u0117s, u\u017etikrinan\u010dios patvarum\u0105 ir lengv\u0105 prie\u017ei\u016br\u0105. Be to, aukso spalvos metalin\u0117s ranken\u0117l\u0117s pabr\u0117\u017eia modern\u0173 ir i\u0161skirtin\u012f baldo charakter\u012f, o metaliniai vyriai ir b\u0117geliai u\u017etikrina skland\u0173 veikim\u0105. D\u0117l minimalistinio dizaino TADEUSZ-6 der\u0117s prie bet kokio interjero, sukurdama harmoning\u0105 visum\u0105 su kitais baldais.<\/p>","protected":false},"excerpt":{"rendered":"<p>Plotis (cm): 140<br \/>\n\u016agis (cm): 90<br \/>\nGylis (cm): 44<\/p>","protected":false},"featured_media":165738,"comment_status":"open","ping_status":"open","template":"","meta":[],"product_brand":[],"product_cat":[9515,1173,4108],"product_tag":[],"class_list":{"0":"post-165737","1":"product","2":"type-product","3":"status-publish","4":"has-post-thumbnail","6":"product_cat-furniture-system-tadeusz-jarstol-meble","7":"product_cat-chests-of-drawers","8":"product_cat-jarstol","10":"first","11":"instock","12":"purchasable","13":"product-type-simple"},"_links":{"self":[{"href":"https:\/\/baldumarket.lt\/lt\/wp-json\/wp\/v2\/product\/165737","targetHints":{"allow":["GET"]}}],"collection":[{"href":"https:\/\/baldumarket.lt\/lt\/wp-json\/wp\/v2\/product"}],"about":[{"href":"https:\/\/baldumarket.lt\/lt\/wp-json\/wp\/v2\/types\/product"}],"replies":[{"embeddable":true,"href":"https:\/\/baldumarket.lt\/lt\/wp-json\/wp\/v2\/comments?post=165737"}],"wp:featuredmedia":[{"embeddable":true,"href":"https:\/\/baldumarket.lt\/lt\/wp-json\/wp\/v2\/media\/165738"}],"wp:attachment":[{"href":"https:\/\/baldumarket.lt\/lt\/wp-json\/wp\/v2\/media?parent=165737"}],"wp:term":[{"taxonomy":"product_brand","embeddable":true,"href":"https:\/\/baldumarket.lt\/lt\/wp-json\/wp\/v2\/product_brand?post=165737"},{"taxonomy":"product_cat","embeddable":true,"href":"https:\/\/baldumarket.lt\/lt\/wp-json\/wp\/v2\/product_cat?post=165737"},{"taxonomy":"product_tag","embeddable":true,"href":"https:\/\/baldumarket.lt\/lt\/wp-json\/wp\/v2\/product_tag?post=165737"}],"curies":[{"name":"wp","href":"https:\/\/api.w.org\/{rel}","templated":true}]}}