{"id":165729,"date":"2025-12-19T15:34:32","date_gmt":"2025-12-19T12:34:32","guid":{"rendered":"https:\/\/baldumarket.lt\/product\/tadeusz-7-szafa-2-drzwiowa-dab-lefkas-opcja-z-drazkiem\/"},"modified":"2026-01-07T01:34:02","modified_gmt":"2026-01-06T22:34:02","slug":"tadeusz-7-szafa-2-drzwiowa-dab-lefkas-opcja-z-drazkiem","status":"publish","type":"product","link":"https:\/\/baldumarket.lt\/lt\/produktas\/tadeusz-7-szafa-2-drzwiowa-dab-lefkas-opcja-z-drazkiem\/","title":{"rendered":"TADEUSZ-7 &#8211; Szafa 2-drzwiowa D\u0105b Lefkas Opcja z Dr\u0105\u017ckiem"},"content":{"rendered":"<p>The TADEUSZ-7 wardrobe is a perfect blend of modernity and functionality, perfectly fitting into any space. Crafted from the highest quality materials, its Lefkas oak wood captivates with its elegance and warmth, while gold handles add a touch of luxury. Measuring 190 cm high, 90 cm wide, and 57 cm deep, the wardrobe fits perfectly into both the bedroom and hallway, introducing a fresh, modern style. The interior of the TADEUSZ-7 wardrobe offers numerous organizational options. The hanging rail option allows you to keep your clothing collection in perfect order. A deep drawer at the bottom is ideal for small accessories or underwear, making this wardrobe not only aesthetically pleasing but also highly practical. Subtle details characterize this model, giving it a unique character. The well-thought-out design and the use of metal guides and hinges ensure not only durability but also ease of use. TADEUSZ-7 is a piece of furniture that impresses with its simplicity and functionality, fitting into contemporary interior design trends.<\/p>","protected":false},"excerpt":{"rendered":"<p>Plotis (cm): 90<br \/>\nHeight (cm): 190<br \/>\nGylis (cm): 44<\/p>","protected":false},"featured_media":165730,"comment_status":"open","ping_status":"open","template":"","meta":[],"product_brand":[],"product_cat":[4108,1177],"product_tag":[],"class_list":{"0":"post-165729","1":"product","2":"type-product","3":"status-publish","4":"has-post-thumbnail","6":"product_cat-jarstol","7":"product_cat-wardrobes","9":"first","10":"instock","11":"purchasable","12":"product-type-simple"},"_links":{"self":[{"href":"https:\/\/baldumarket.lt\/lt\/wp-json\/wp\/v2\/product\/165729","targetHints":{"allow":["GET"]}}],"collection":[{"href":"https:\/\/baldumarket.lt\/lt\/wp-json\/wp\/v2\/product"}],"about":[{"href":"https:\/\/baldumarket.lt\/lt\/wp-json\/wp\/v2\/types\/product"}],"replies":[{"embeddable":true,"href":"https:\/\/baldumarket.lt\/lt\/wp-json\/wp\/v2\/comments?post=165729"}],"wp:featuredmedia":[{"embeddable":true,"href":"https:\/\/baldumarket.lt\/lt\/wp-json\/wp\/v2\/media\/165730"}],"wp:attachment":[{"href":"https:\/\/baldumarket.lt\/lt\/wp-json\/wp\/v2\/media?parent=165729"}],"wp:term":[{"taxonomy":"product_brand","embeddable":true,"href":"https:\/\/baldumarket.lt\/lt\/wp-json\/wp\/v2\/product_brand?post=165729"},{"taxonomy":"product_cat","embeddable":true,"href":"https:\/\/baldumarket.lt\/lt\/wp-json\/wp\/v2\/product_cat?post=165729"},{"taxonomy":"product_tag","embeddable":true,"href":"https:\/\/baldumarket.lt\/lt\/wp-json\/wp\/v2\/product_tag?post=165729"}],"curies":[{"name":"wp","href":"https:\/\/api.w.org\/{rel}","templated":true}]}}