{"id":165713,"date":"2025-12-19T15:33:55","date_gmt":"2025-12-19T12:33:55","guid":{"rendered":"https:\/\/baldumarket.lt\/product\/tadeusz-8-witryna-2d2s-dab-lefkas\/"},"modified":"2026-04-12T16:05:17","modified_gmt":"2026-04-12T13:05:17","slug":"tadeusz-8-witryna-2d2s-dab-lefkas","status":"publish","type":"product","link":"https:\/\/baldumarket.lt\/lt\/product\/tadeusz-8-witryna-2d2s-dab-lefkas\/","title":{"rendered":"TADEUSZ-8 \u2013 2D2S Vitrina Lefkas \u0104\u017euolas"},"content":{"rendered":"<p>TADEUSZ-8 vitrina Lefkas \u0105\u017euolo spalvos \u2013 tai ak\u012f traukianti spintel\u0117, sukurianti \u0161ilt\u0105 atmosfer\u0105 j\u016bs\u0173 svetain\u0117je ar valgomajame. Vir\u0161utin\u0117 dalis, papuo\u0161ta stiklin\u0117mis durel\u0117mis, leid\u017eia eksponuoti m\u0117gstamiausius dekoracijas, knygas ar vertingus suvenyrus. D\u0117l eleganti\u0161ko dizaino ir harmoningo spalv\u0173 derinio spintel\u0117 tampa ne tik funkcionaliu baldu, bet ir tikra interjero puo\u0161mena. Ne tik i\u0161vaizda daro TADEUSZ-8 vitrin\u0105 idealiu pasirinkimu. Gerai apgalvotas dizainas suteikia daug vietos b\u016btiniausiems priedams, tokiems kaip stalo \u012frankiai ir servet\u0117l\u0117s, laikyti dviejuose erdviuose stal\u010diuose, esan\u010diuose apatin\u0117je dalyje. \u0160is paprastas sprendimas leid\u017eia visk\u0105 lengvai pasiekti, o nam\u0173 tvarkymas tampa lengvesnis. Eleganti\u0161kos, aukso spalvos metalin\u0117s ranken\u0117l\u0117s ne tik papildo vitrinos estetik\u0105, bet ir suteikia patogi\u0105 prieig\u0105 prie jos turinio. Detal\u0117s apibr\u0117\u017eia baldo charakter\u012f, ir \u0161iuo atveju jos atitinka net i\u0161rankiausi\u0173 dizaino entuziast\u0173 l\u016bkes\u010dius. Vitrina yra dviej\u0173 spalv\u0173, tod\u0117l j\u0105 galima pritaikyti prie \u012fvairi\u0173 interjero dizain\u0173 \u2013 tiek moderni\u0173, tiek klasikini\u0173.<\/p>","protected":false},"excerpt":{"rendered":"<p>Plotis (cm): 90<br \/>\n\u016agis (cm): 190,7<br \/>\nGylis (cm): 57<\/p>","protected":false},"featured_media":165714,"comment_status":"open","ping_status":"open","template":"","meta":[],"product_brand":[],"product_cat":[9515,4108,2006],"product_tag":[],"class_list":{"0":"post-165713","1":"product","2":"type-product","3":"status-publish","4":"has-post-thumbnail","6":"product_cat-furniture-system-tadeusz-jarstol-meble","7":"product_cat-jarstol","8":"product_cat-vitrines","10":"first","11":"instock","12":"purchasable","13":"product-type-simple"},"_links":{"self":[{"href":"https:\/\/baldumarket.lt\/lt\/wp-json\/wp\/v2\/product\/165713","targetHints":{"allow":["GET"]}}],"collection":[{"href":"https:\/\/baldumarket.lt\/lt\/wp-json\/wp\/v2\/product"}],"about":[{"href":"https:\/\/baldumarket.lt\/lt\/wp-json\/wp\/v2\/types\/product"}],"replies":[{"embeddable":true,"href":"https:\/\/baldumarket.lt\/lt\/wp-json\/wp\/v2\/comments?post=165713"}],"wp:featuredmedia":[{"embeddable":true,"href":"https:\/\/baldumarket.lt\/lt\/wp-json\/wp\/v2\/media\/165714"}],"wp:attachment":[{"href":"https:\/\/baldumarket.lt\/lt\/wp-json\/wp\/v2\/media?parent=165713"}],"wp:term":[{"taxonomy":"product_brand","embeddable":true,"href":"https:\/\/baldumarket.lt\/lt\/wp-json\/wp\/v2\/product_brand?post=165713"},{"taxonomy":"product_cat","embeddable":true,"href":"https:\/\/baldumarket.lt\/lt\/wp-json\/wp\/v2\/product_cat?post=165713"},{"taxonomy":"product_tag","embeddable":true,"href":"https:\/\/baldumarket.lt\/lt\/wp-json\/wp\/v2\/product_tag?post=165713"}],"curies":[{"name":"wp","href":"https:\/\/api.w.org\/{rel}","templated":true}]}}