{"id":165705,"date":"2025-12-19T15:33:37","date_gmt":"2025-12-19T12:33:37","guid":{"rendered":"https:\/\/baldumarket.lt\/product\/tadeusz-8-witryna-2d2s-dab-stuletni\/"},"modified":"2026-04-12T16:05:17","modified_gmt":"2026-04-12T13:05:17","slug":"tadeusz-8-witryna-2d2s-dab-stuletni","status":"publish","type":"product","link":"https:\/\/baldumarket.lt\/lt\/product\/tadeusz-8-witryna-2d2s-dab-stuletni\/","title":{"rendered":"TADEUSZ-8 \u2013 2D2S vitrina \u201e\u0160imtametis \u0105\u017euolas\u201c"},"content":{"rendered":"<p>\u0160imtame\u010dio \u0105\u017euolo apdaila pasi\u017eyminti TADEUSZ-8 vitrina atrodo i\u0161skirtinai eleganti\u0161kai, suteikdama j\u016bs\u0173 svetainei ar valgomajam \u0161ilumos ir nat\u016bralumo. D\u0117l klasikin\u0117s formos ir kruop\u0161\u010diai apgalvoto dizaino spintel\u0117 ne tik atlieka funkcin\u0119 funkcij\u0105, bet ir tampa gra\u017eiu dekoratyviniu elementu, patraukian\u010diu kiekvieno \u012feinan\u010dio \u012f kambar\u012f ak\u012f. Vir\u0161utin\u0117 spintel\u0117s dalis, papuo\u0161ta stiklin\u0117mis durel\u0117mis, idealiai tinka m\u0117gstamiems stalo \u012frankiams, gra\u017eiems puodeliams ar suvenyrams eksponuoti. Stiklo skaidrumas suteikia visam interjerui lengvumo, o j\u016bs\u0173 brangiausi daiktai \u012fgauna unikali\u0105 aplink\u0105. Apatin\u0117 dalis su dviem erdviais stal\u010diais puikiai tinka laikyti stalo \u012frankius, servet\u0117les ir kitus aksesuarus, kurie visada tur\u0117t\u0173 b\u016bti po ranka, ta\u010diau eleganti\u0161kai pasl\u0117pti. TADEUSZ-8 vitrina derina estetik\u0105 ir funkcionalum\u0105, tod\u0117l tai universalus baldas, kuris puikiai tiks \u012fvairiose aplinkose. Moderni, ta\u010diau klasikin\u0117 i\u0161vaizda puikiai tinka tiek tradiciniam, tiek moderniam interjerui. D\u0117l galimyb\u0117s surinkti spintel\u0119 savaranki\u0161kai, jums nereikia r\u016bpintis sud\u0117tingais procesais \u2013 u\u017etenka vos keli\u0173 \u017eingsni\u0173, kad gal\u0117tum\u0117te m\u0117gautis nauju savo nam\u0173 dekoro elementu.<\/p>","protected":false},"excerpt":{"rendered":"<p>Plotis (cm): 90<br \/>\n\u016agis (cm): 190,7<br \/>\nGylis (cm): 44<\/p>","protected":false},"featured_media":165706,"comment_status":"open","ping_status":"open","template":"","meta":[],"product_brand":[],"product_cat":[9515,4108,2006],"product_tag":[],"class_list":{"0":"post-165705","1":"product","2":"type-product","3":"status-publish","4":"has-post-thumbnail","6":"product_cat-furniture-system-tadeusz-jarstol-meble","7":"product_cat-jarstol","8":"product_cat-vitrines","10":"first","11":"instock","12":"purchasable","13":"product-type-simple"},"_links":{"self":[{"href":"https:\/\/baldumarket.lt\/lt\/wp-json\/wp\/v2\/product\/165705","targetHints":{"allow":["GET"]}}],"collection":[{"href":"https:\/\/baldumarket.lt\/lt\/wp-json\/wp\/v2\/product"}],"about":[{"href":"https:\/\/baldumarket.lt\/lt\/wp-json\/wp\/v2\/types\/product"}],"replies":[{"embeddable":true,"href":"https:\/\/baldumarket.lt\/lt\/wp-json\/wp\/v2\/comments?post=165705"}],"wp:featuredmedia":[{"embeddable":true,"href":"https:\/\/baldumarket.lt\/lt\/wp-json\/wp\/v2\/media\/165706"}],"wp:attachment":[{"href":"https:\/\/baldumarket.lt\/lt\/wp-json\/wp\/v2\/media?parent=165705"}],"wp:term":[{"taxonomy":"product_brand","embeddable":true,"href":"https:\/\/baldumarket.lt\/lt\/wp-json\/wp\/v2\/product_brand?post=165705"},{"taxonomy":"product_cat","embeddable":true,"href":"https:\/\/baldumarket.lt\/lt\/wp-json\/wp\/v2\/product_cat?post=165705"},{"taxonomy":"product_tag","embeddable":true,"href":"https:\/\/baldumarket.lt\/lt\/wp-json\/wp\/v2\/product_tag?post=165705"}],"curies":[{"name":"wp","href":"https:\/\/api.w.org\/{rel}","templated":true}]}}