{"id":165697,"date":"2025-12-19T15:33:18","date_gmt":"2025-12-19T12:33:18","guid":{"rendered":"https:\/\/baldumarket.lt\/product\/tadeusz-9-szafa-1d1s-dab-lefkas-opcja-z-drazkiem\/"},"modified":"2026-04-12T16:05:17","modified_gmt":"2026-04-12T13:05:17","slug":"tadeusz-9-szafa-1d1s-dab-lefkas-opcja-z-drazkiem","status":"publish","type":"product","link":"https:\/\/baldumarket.lt\/lt\/product\/tadeusz-9-szafa-1d1s-dab-lefkas-opcja-z-drazkiem\/","title":{"rendered":"TADEUSZ-9 &#8211; Spinta 1D1S Lefkas \u0105\u017euolo variantas su strypu"},"content":{"rendered":"<p>Atraskite \u201eTadeusz-9\u201c spint\u0105 \u2013 puik\u0173 sprendim\u0105 ribotoms erdv\u0117ms. Subtilus, ta\u010diau eleganti\u0161kas dizainas harmoningai derina funkcionalum\u0105 ir estetik\u0105. Pagaminta i\u0161 auk\u0161tos kokyb\u0117s laminuotos plok\u0161t\u0117s \u201eLefkas Oak\u201c spalvos, ji suteikia interjerui \u0161ilto, nat\u016bralaus \u017eavesio, skland\u017eiai dera tiek su klasikiniu, tiek su moderniu interjeru. Be to, auksin\u0117s rankenos suteikia prabangos, tod\u0117l \u0161is baldas yra tikras ak\u012f traukiantis akcentas. \u0160ios spintos erdvumas stebina, atsi\u017evelgiant \u012f kompakti\u0161kus matmenis. 57 cm gylio ir 190 cm auk\u0161\u010dio spinta neabejotinai suteikia daug vietos drabu\u017eiams ir kitiems reikalingiems aksesuarams. Viduje yra ir pakaba daiktams, ir prakti\u0161kas stal\u010dius, tod\u0117l daiktus sutvarkyti bus lengva ir malonu. D\u0117l paprasto surinkimo \u201eTadeusz-9\u201c spinta yra puikus pasirinkimas tiems, kurie m\u0117gsta \u201epasidaryk pats\u201c projektus savo namuose. Visi elementai yra kruop\u0161\u010diai suplanuoti, tod\u0117l surinkimas yra lengvas. Net jei neturite daug bald\u0173 surinkimo patirties, galite greitai ir lengvai susikurti savo spint\u0105. Surinkus, ji taps gra\u017eiu j\u016bs\u0173 interjero papildymu.<\/p>","protected":false},"excerpt":{"rendered":"<p>Plotis (cm): 46<br \/>\n\u016agis (cm): 190<br \/>\nGylis (cm): 44<\/p>","protected":false},"featured_media":165698,"comment_status":"open","ping_status":"open","template":"","meta":[],"product_brand":[],"product_cat":[9515,4108,1987],"product_tag":[],"class_list":{"0":"post-165697","1":"product","2":"type-product","3":"status-publish","4":"has-post-thumbnail","6":"product_cat-furniture-system-tadeusz-jarstol-meble","7":"product_cat-jarstol","8":"product_cat-shelving-units","10":"first","11":"instock","12":"purchasable","13":"product-type-simple"},"_links":{"self":[{"href":"https:\/\/baldumarket.lt\/lt\/wp-json\/wp\/v2\/product\/165697","targetHints":{"allow":["GET"]}}],"collection":[{"href":"https:\/\/baldumarket.lt\/lt\/wp-json\/wp\/v2\/product"}],"about":[{"href":"https:\/\/baldumarket.lt\/lt\/wp-json\/wp\/v2\/types\/product"}],"replies":[{"embeddable":true,"href":"https:\/\/baldumarket.lt\/lt\/wp-json\/wp\/v2\/comments?post=165697"}],"wp:featuredmedia":[{"embeddable":true,"href":"https:\/\/baldumarket.lt\/lt\/wp-json\/wp\/v2\/media\/165698"}],"wp:attachment":[{"href":"https:\/\/baldumarket.lt\/lt\/wp-json\/wp\/v2\/media?parent=165697"}],"wp:term":[{"taxonomy":"product_brand","embeddable":true,"href":"https:\/\/baldumarket.lt\/lt\/wp-json\/wp\/v2\/product_brand?post=165697"},{"taxonomy":"product_cat","embeddable":true,"href":"https:\/\/baldumarket.lt\/lt\/wp-json\/wp\/v2\/product_cat?post=165697"},{"taxonomy":"product_tag","embeddable":true,"href":"https:\/\/baldumarket.lt\/lt\/wp-json\/wp\/v2\/product_tag?post=165697"}],"curies":[{"name":"wp","href":"https:\/\/api.w.org\/{rel}","templated":true}]}}