{"id":165689,"date":"2025-12-19T15:33:00","date_gmt":"2025-12-19T12:33:00","guid":{"rendered":"https:\/\/baldumarket.lt\/product\/tadeusz-10-witryna-1d2s-dab-lefkas\/"},"modified":"2026-04-12T16:05:07","modified_gmt":"2026-04-12T13:05:07","slug":"tadeusz-10-witryna-1d2s-dab-lefkas","status":"publish","type":"product","link":"https:\/\/baldumarket.lt\/lt\/product\/tadeusz-10-witryna-1d2s-dab-lefkas\/","title":{"rendered":"TADEUSZ-10 \u2013 Vitrina 1D2S Lefkas \u0104\u017euolas"},"content":{"rendered":"<p>\u201eJarstol\u201c 1D2S \u201eTadeusz-10\u201c vitrina \u2013 eleganti\u0161kas baldas, kuris bet kokiam interjerui suteiks klas\u0117s. Apdailintas gra\u017eiu Lefko \u0105\u017euolo atspalviu, \u0161is baldas derina modern\u0173 dizain\u0105 ir funkcionalum\u0105, tod\u0117l puikiai tinka svetainei, valgomajam ar biurui. Stilinga i\u0161vaizda ir kruop\u0161tus meistri\u0161kumas, daug pasakantis apie auk\u0161t\u0105 naudojam\u0173 med\u017eiag\u0173 kokyb\u0119, tikrai patrauks ak\u012f. \u0160is vien\u0173 dur\u0173 spintel\u0117 pasi\u017eymi stikliniais fasadais, dekoruotais stiklo juostel\u0117mis, leid\u017eian\u010diais efektyviai eksponuoti vertingus lobius. Viduje yra trys lentynos, kuriose galite eksponuoti savo papuo\u0161alus, gra\u017eius stalo \u012frankius ar kitus d\u0117mesio vertus nieku\u010dius. D\u0117l gerai apgalvoto dizaino \u201eTadeusz-10\u201c tampa ne tik esteti\u0161ku, bet ir funkcionaliu bet kurio kambario papildymu. Spintel\u0117s apa\u010dioje yra du prakti\u0161ki stal\u010diai, puikiai tinkantys stalties\u0117ms, servet\u0117l\u0117ms ar kitiems aksesuarams, kuriuos norite visada tur\u0117ti po ranka, laikyti. D\u0117l metalini\u0173 kreipian\u010di\u0173j\u0173 ir vyri\u0173 naudojimo \u0161is baldas garantuoja patvarum\u0105 ir skland\u0173 veikim\u0105, o tai pabr\u0117\u017eia jo universalum\u0105 kasdieniame naudojime.<\/p>","protected":false},"excerpt":{"rendered":"<p>Plotis (cm): 46<br \/>\n\u016agis (cm): 190<br \/>\nGylis (cm): 57<\/p>","protected":false},"featured_media":165690,"comment_status":"open","ping_status":"open","template":"","meta":[],"product_brand":[],"product_cat":[9515,4108,2006],"product_tag":[],"class_list":{"0":"post-165689","1":"product","2":"type-product","3":"status-publish","4":"has-post-thumbnail","6":"product_cat-furniture-system-tadeusz-jarstol-meble","7":"product_cat-jarstol","8":"product_cat-vitrines","10":"first","11":"instock","12":"purchasable","13":"product-type-simple"},"_links":{"self":[{"href":"https:\/\/baldumarket.lt\/lt\/wp-json\/wp\/v2\/product\/165689","targetHints":{"allow":["GET"]}}],"collection":[{"href":"https:\/\/baldumarket.lt\/lt\/wp-json\/wp\/v2\/product"}],"about":[{"href":"https:\/\/baldumarket.lt\/lt\/wp-json\/wp\/v2\/types\/product"}],"replies":[{"embeddable":true,"href":"https:\/\/baldumarket.lt\/lt\/wp-json\/wp\/v2\/comments?post=165689"}],"wp:featuredmedia":[{"embeddable":true,"href":"https:\/\/baldumarket.lt\/lt\/wp-json\/wp\/v2\/media\/165690"}],"wp:attachment":[{"href":"https:\/\/baldumarket.lt\/lt\/wp-json\/wp\/v2\/media?parent=165689"}],"wp:term":[{"taxonomy":"product_brand","embeddable":true,"href":"https:\/\/baldumarket.lt\/lt\/wp-json\/wp\/v2\/product_brand?post=165689"},{"taxonomy":"product_cat","embeddable":true,"href":"https:\/\/baldumarket.lt\/lt\/wp-json\/wp\/v2\/product_cat?post=165689"},{"taxonomy":"product_tag","embeddable":true,"href":"https:\/\/baldumarket.lt\/lt\/wp-json\/wp\/v2\/product_tag?post=165689"}],"curies":[{"name":"wp","href":"https:\/\/api.w.org\/{rel}","templated":true}]}}