{"id":165681,"date":"2025-12-19T15:32:42","date_gmt":"2025-12-19T12:32:42","guid":{"rendered":"https:\/\/baldumarket.lt\/product\/tadeusz-10-witryna-1d2s-dab-stuletni\/"},"modified":"2026-04-12T16:05:07","modified_gmt":"2026-04-12T13:05:07","slug":"tadeusz-10-witryna-1d2s-dab-stuletni","status":"publish","type":"product","link":"https:\/\/baldumarket.lt\/lt\/product\/tadeusz-10-witryna-1d2s-dab-stuletni\/","title":{"rendered":"TADEUSZ-10 &#8211; Vitrina 1D2S \u0160imtametis \u0105\u017euolas"},"content":{"rendered":"<p>Atskleiskite savo interjere elegancij\u0105 ir funkcionalum\u0105 su m\u016bs\u0173 TADEUSZ-10 vitrina, papuo\u0161ta unikalia \u201eCentennial Oak\u201c apdaila. \u0160is stilingas spintel\u0117 yra 44 cm gylio ir 190 cm auk\u0161\u010dio, tod\u0117l puikiai tinka bet kuriai svetainei ar valgomajam. Klasikinis dizainas derina modernius akcentus, sukurdamas ak\u012f traukiant\u012f ir bet kokiam kambariui charaktering\u0105 bald\u0105. Eleganti\u0161kos stiklinimo juostos vitrinos stikliniuose fasaduose yra ne tik esteti\u0161kai patrauklus, bet ir prakti\u0161kas sprendimas, leid\u017eiantis eleganti\u0161kai eksponuoti savo vertingus daiktus. Lentynose i\u0161d\u0117liokite papuo\u0161alus, porceliano kolekcij\u0105 ar i\u0161skirtinius stalo \u012frankius, suteikdami savo erdvei unikal\u0173 charakter\u012f. Vitrina taps ne tik baldu, bet ir dekoratyviniu elementu j\u016bs\u0173 interjere. Apa\u010dioje esantys du prakti\u0161ki stal\u010diai pad\u0117s sutvarkyti erdv\u0119. Jie puikiai tinka stalties\u0117ms, stalo \u012frankiams ar kitiems aksesuarams laikyti ir pad\u0117s palaikyti tvark\u0105 namuose neaukojant estetikos. TADEUSZ-10 vitrina derina funkcionalum\u0105 ir gro\u017e\u012f, tod\u0117l kasdienis naudojimas tampa malonumu.<\/p>","protected":false},"excerpt":{"rendered":"<p>Plotis (cm): 46<br \/>\n\u016agis (cm): 190<br \/>\nGylis (cm): 44<\/p>","protected":false},"featured_media":165682,"comment_status":"open","ping_status":"open","template":"","meta":[],"product_brand":[],"product_cat":[9515,4108,2006],"product_tag":[],"class_list":{"0":"post-165681","1":"product","2":"type-product","3":"status-publish","4":"has-post-thumbnail","6":"product_cat-furniture-system-tadeusz-jarstol-meble","7":"product_cat-jarstol","8":"product_cat-vitrines","10":"first","11":"instock","12":"purchasable","13":"product-type-simple"},"_links":{"self":[{"href":"https:\/\/baldumarket.lt\/lt\/wp-json\/wp\/v2\/product\/165681","targetHints":{"allow":["GET"]}}],"collection":[{"href":"https:\/\/baldumarket.lt\/lt\/wp-json\/wp\/v2\/product"}],"about":[{"href":"https:\/\/baldumarket.lt\/lt\/wp-json\/wp\/v2\/types\/product"}],"replies":[{"embeddable":true,"href":"https:\/\/baldumarket.lt\/lt\/wp-json\/wp\/v2\/comments?post=165681"}],"wp:featuredmedia":[{"embeddable":true,"href":"https:\/\/baldumarket.lt\/lt\/wp-json\/wp\/v2\/media\/165682"}],"wp:attachment":[{"href":"https:\/\/baldumarket.lt\/lt\/wp-json\/wp\/v2\/media?parent=165681"}],"wp:term":[{"taxonomy":"product_brand","embeddable":true,"href":"https:\/\/baldumarket.lt\/lt\/wp-json\/wp\/v2\/product_brand?post=165681"},{"taxonomy":"product_cat","embeddable":true,"href":"https:\/\/baldumarket.lt\/lt\/wp-json\/wp\/v2\/product_cat?post=165681"},{"taxonomy":"product_tag","embeddable":true,"href":"https:\/\/baldumarket.lt\/lt\/wp-json\/wp\/v2\/product_tag?post=165681"}],"curies":[{"name":"wp","href":"https:\/\/api.w.org\/{rel}","templated":true}]}}