{"id":165674,"date":"2025-12-19T15:32:26","date_gmt":"2025-12-19T12:32:26","guid":{"rendered":"https:\/\/baldumarket.lt\/product\/tadeusz-11-komoda-rtv-2-drzwiowa-dab-lefkas\/"},"modified":"2026-04-12T16:05:07","modified_gmt":"2026-04-12T13:05:07","slug":"tadeusz-11-komoda-rtv-2-drzwiowa-dab-lefkas","status":"publish","type":"product","link":"https:\/\/baldumarket.lt\/lt\/product\/tadeusz-11-komoda-rtv-2-drzwiowa-dab-lefkas\/","title":{"rendered":"TADEUSZ-11 &#8211; 2 dur\u0173 TV spinta, Lefkas \u0105\u017euolas"},"content":{"rendered":"<p>Atraskite \u201eTadeusz-11\u201c televizoriaus spintel\u0119 \u2013 tobul\u0105 elegancijos ir funkcionalumo derin\u012f, kuris puikiai papildys bet kok\u012f modern\u0173 interjer\u0105. Pagaminta i\u0161 auk\u0161tos kokyb\u0117s laminuotos plok\u0161t\u0117s su Lefko \u0105\u017euolo apdaila, ji pasi\u017eymi i\u0161skirtinai stilingu ir esteti\u0161kai patraukliu dizainu. Minimalistinis dizainas paver\u010dia j\u0105 ne tik baldu, bet ir estetiniu akcentu j\u016bs\u0173 svetain\u0117je, suteikian\u010diu \u0161ilumos ir jaukumo. \u201eTadeusz-11\u201c televizoriaus spintel\u0117 yra puikus pasirinkimas tiems, kurie vertina erdvum\u0105 ir tvark\u0105. \u012erengta prakti\u0161kais stal\u010diais, ji suteikia puiki\u0105 viet\u0105 visiems smulkiems daiktams, kuriuos norite visada tur\u0117ti po ranka. Dvi lentynos puikiai tinka televizijos \u012frangai, pavyzd\u017eiui, pried\u0117liui ar konsolei, ir suteikia lengv\u0105 prieig\u0105 prie m\u0117gstam\u0173 program\u0173 ir \u017eaidim\u0173. \u0160is baldas harmoningai derina estetik\u0105 su kasdieniu naudojimu. Ne tik funkcionalumas, bet ir gamybos kokyb\u0117 yra auk\u0161\u010diausios klas\u0117s. Aukso spalvos metalin\u0117s rankenos suteikia pra\u0161matnumo ir modernumo, o patvarios stal\u010di\u0173 b\u0117gel\u0117s u\u017etikrina skland\u0173 atidarym\u0105 ir u\u017edarym\u0105. D\u0117l to \u201eTadeusz-11\u201c televizoriaus spintel\u0117 tarnaus jums daugel\u012f met\u0173, i\u0161laikydama originali\u0105 i\u0161vaizd\u0105.<\/p>","protected":false},"excerpt":{"rendered":"<p>Plotis (cm): 118<br \/>\n\u016agis (cm): 50<br \/>\nGylis (cm): 44<\/p>","protected":false},"featured_media":165675,"comment_status":"open","ping_status":"open","template":"","meta":[],"product_brand":[],"product_cat":[9515,4108,1175],"product_tag":[],"class_list":{"0":"post-165674","1":"product","2":"type-product","3":"status-publish","4":"has-post-thumbnail","6":"product_cat-furniture-system-tadeusz-jarstol-meble","7":"product_cat-jarstol","8":"product_cat-tv-stands","10":"first","11":"instock","12":"purchasable","13":"product-type-simple"},"_links":{"self":[{"href":"https:\/\/baldumarket.lt\/lt\/wp-json\/wp\/v2\/product\/165674","targetHints":{"allow":["GET"]}}],"collection":[{"href":"https:\/\/baldumarket.lt\/lt\/wp-json\/wp\/v2\/product"}],"about":[{"href":"https:\/\/baldumarket.lt\/lt\/wp-json\/wp\/v2\/types\/product"}],"replies":[{"embeddable":true,"href":"https:\/\/baldumarket.lt\/lt\/wp-json\/wp\/v2\/comments?post=165674"}],"wp:featuredmedia":[{"embeddable":true,"href":"https:\/\/baldumarket.lt\/lt\/wp-json\/wp\/v2\/media\/165675"}],"wp:attachment":[{"href":"https:\/\/baldumarket.lt\/lt\/wp-json\/wp\/v2\/media?parent=165674"}],"wp:term":[{"taxonomy":"product_brand","embeddable":true,"href":"https:\/\/baldumarket.lt\/lt\/wp-json\/wp\/v2\/product_brand?post=165674"},{"taxonomy":"product_cat","embeddable":true,"href":"https:\/\/baldumarket.lt\/lt\/wp-json\/wp\/v2\/product_cat?post=165674"},{"taxonomy":"product_tag","embeddable":true,"href":"https:\/\/baldumarket.lt\/lt\/wp-json\/wp\/v2\/product_tag?post=165674"}],"curies":[{"name":"wp","href":"https:\/\/api.w.org\/{rel}","templated":true}]}}