{"id":165667,"date":"2025-12-19T15:32:10","date_gmt":"2025-12-19T12:32:10","guid":{"rendered":"https:\/\/baldumarket.lt\/product\/tadeusz-11-komoda-rtv-2-drzwiowa-dab-stuletni\/"},"modified":"2026-04-12T16:05:07","modified_gmt":"2026-04-12T13:05:07","slug":"tadeusz-11-komoda-rtv-2-drzwiowa-dab-stuletni","status":"publish","type":"product","link":"https:\/\/baldumarket.lt\/lt\/product\/tadeusz-11-komoda-rtv-2-drzwiowa-dab-stuletni\/","title":{"rendered":"TADEUSZ-11 \u2013 2 dur\u0173 TV spinta, \u0160imtme\u010dio \u0105\u017euolas"},"content":{"rendered":"<p>Atraskite elegancijos ir modernumo magij\u0105 su garsaus \u201eJarstol\u201c prek\u0117s \u017eenklo \u201eTadeusz-11\u201c televizoriaus spintele. \u0160i unikali sienin\u0117 spintel\u0117 sukurta siekiant harmoningai suderinti funkcionalum\u0105 ir estetik\u0105, puikiai deranti bet kokioje erdv\u0117je. Pagaminta i\u0161 auk\u0161tos kokyb\u0117s laminuotos plok\u0161t\u0117s, spintel\u0117 spinduliuoja nat\u016braliu \u0161imtame\u010dio \u0105\u017euolo \u017eavesiu, suteikdama jai unikal\u0173 charakter\u012f ir jauki\u0105 atmosfer\u0105 j\u016bs\u0173 svetain\u0117je. Minimalistinis dizainas palengvina erdv\u0117s i\u0161d\u0117stym\u0105 ir \u012fne\u0161a gaivumo tiek klasikiniam, tiek moderniam interjerui. Auksin\u0117s ranken\u0117l\u0117s suteikia elegancijos, subtilaus prabangos prisilietimo, o j\u0173 subtilumas gra\u017eiai kontrastuoja su \u0161iltu medienos atspalviu. Spintel\u0117s matmenys \u2013 118 cm plo\u010dio, 50 cm auk\u0161\u010dio ir 50 cm gylio \u2013 yra idealus sprendimas ma\u017eoms erdv\u0117ms, kur svarbus kiekvienas centimetras. \u201eTadeusz-11\u201c spintel\u0117 yra ne tik stilingas baldas, bet ir prakti\u0161kas sprendimas j\u016bs\u0173 kasdieniam gyvenimui. Dviej\u0173 dur\u0173 dizainas si\u016blo erdvi\u0105 ir funkcionali\u0105 erdv\u0119, kurioje tilps visi j\u016bs\u0173 reikalingiausi aksesuarai. Du erdv\u016bs stal\u010diai ir daugiafunkcin\u0117s lentynos puikiai tinka laikyti pried\u0117l\u012f, \u017eaidim\u0173 konsol\u0119 ar kitus smulkius daiktus, kuriuos norite laikyti po ranka ir tvarkingai.<\/p>","protected":false},"excerpt":{"rendered":"<p>Plotis (cm): 118<br \/>\n\u016agis (cm): 50<br \/>\nGylis (cm): 50<\/p>","protected":false},"featured_media":165668,"comment_status":"open","ping_status":"open","template":"","meta":[],"product_brand":[],"product_cat":[9515,4108,1175],"product_tag":[],"class_list":{"0":"post-165667","1":"product","2":"type-product","3":"status-publish","4":"has-post-thumbnail","6":"product_cat-furniture-system-tadeusz-jarstol-meble","7":"product_cat-jarstol","8":"product_cat-tv-stands","10":"first","11":"instock","12":"purchasable","13":"product-type-simple"},"_links":{"self":[{"href":"https:\/\/baldumarket.lt\/lt\/wp-json\/wp\/v2\/product\/165667","targetHints":{"allow":["GET"]}}],"collection":[{"href":"https:\/\/baldumarket.lt\/lt\/wp-json\/wp\/v2\/product"}],"about":[{"href":"https:\/\/baldumarket.lt\/lt\/wp-json\/wp\/v2\/types\/product"}],"replies":[{"embeddable":true,"href":"https:\/\/baldumarket.lt\/lt\/wp-json\/wp\/v2\/comments?post=165667"}],"wp:featuredmedia":[{"embeddable":true,"href":"https:\/\/baldumarket.lt\/lt\/wp-json\/wp\/v2\/media\/165668"}],"wp:attachment":[{"href":"https:\/\/baldumarket.lt\/lt\/wp-json\/wp\/v2\/media?parent=165667"}],"wp:term":[{"taxonomy":"product_brand","embeddable":true,"href":"https:\/\/baldumarket.lt\/lt\/wp-json\/wp\/v2\/product_brand?post=165667"},{"taxonomy":"product_cat","embeddable":true,"href":"https:\/\/baldumarket.lt\/lt\/wp-json\/wp\/v2\/product_cat?post=165667"},{"taxonomy":"product_tag","embeddable":true,"href":"https:\/\/baldumarket.lt\/lt\/wp-json\/wp\/v2\/product_tag?post=165667"}],"curies":[{"name":"wp","href":"https:\/\/api.w.org\/{rel}","templated":true}]}}