{"id":165651,"date":"2025-12-19T15:31:32","date_gmt":"2025-12-19T12:31:32","guid":{"rendered":"https:\/\/baldumarket.lt\/product\/tadeusz-12-polka-wiszaca-dab-stuletni\/"},"modified":"2026-04-12T16:05:07","modified_gmt":"2026-04-12T13:05:07","slug":"tadeusz-12-polka-wiszaca-dab-stuletni","status":"publish","type":"product","link":"https:\/\/baldumarket.lt\/lt\/product\/tadeusz-12-polka-wiszaca-dab-stuletni\/","title":{"rendered":"TADEUSZ-12 \u2013 Pakabinama lentyna, \u0160imtametis \u0105\u017euolas"},"content":{"rendered":"<p>Su \u201eJarstol\u201c pakabinama lentyna \u201eTadeusz-12\u201c suteikite savo interjerui elegancijos ir minimalizmo. Rafinuotas \u0161imtame\u010dio \u0105\u017euolo spalvos dizainas atspindi nat\u016bral\u0173 med\u017eio gro\u017e\u012f, suteikdamas kambariui \u0161ilumos ir jaukumo. \u0160i universali lentyna \u2013 puikus sprendimas tiems, kurie nori savo namams suteikti stiliaus ir tvarkos. 118 cm plo\u010dio lentyna yra pakankamai erdvi, kad joje tilpt\u0173 knygos, dekoracijos ar kiti smulk\u016bs daiktai, kuriuos norite eksponuoti. \u201eTadeusz-12\u201c lentyna yra puikus dekoratyvinis elementas, kuris taip pat yra prakti\u0161kas baldas, puikiai tinkantis bet kokiam interjerui. Paprasta forma kartu su aukso spalvos metalin\u0117mis rankenomis sukuria harmoning\u0105 visum\u0105, suteikian\u010di\u0105 elegancijos ir pra\u0161matnumo. Pasirink\u0119 dvi spalvas, galite lengvai priderinti lentyn\u0105 prie savo stiliaus ir pageidavim\u0173, sukurdami erdv\u0119, kuri atspind\u0117t\u0173 j\u016bs\u0173 asmenyb\u0119. D\u0117l auk\u0161tos kokyb\u0117s med\u017eiag\u0173, i\u0161 kuri\u0173 ji pagaminta, lentyna yra patvari ir funkcionali. Korpusui ir priekiui naudojamos laminuotos plok\u0161t\u0117s u\u017etikrina atsparum\u0105 kasdieniam d\u0117v\u0117jimuisi. Metaliniai elementai suteikia stabilumo ir modernumo. Lengvai surenkamas dizainas leid\u017eia lengvai pertvarkyti kambar\u012f \u2013 vos keliais paprastais \u017eingsniais galite m\u0117gautis nauja i\u0161vaizda.<\/p>","protected":false},"excerpt":{"rendered":"<p>Plotis (cm): 118<br \/>\n\u016agis (cm): 38<br \/>\nGylis (cm): 35<\/p>","protected":false},"featured_media":165652,"comment_status":"open","ping_status":"open","template":"","meta":[],"product_brand":[],"product_cat":[9515,4108,1175],"product_tag":[],"class_list":{"0":"post-165651","1":"product","2":"type-product","3":"status-publish","4":"has-post-thumbnail","6":"product_cat-furniture-system-tadeusz-jarstol-meble","7":"product_cat-jarstol","8":"product_cat-tv-stands","10":"first","11":"instock","12":"purchasable","13":"product-type-simple"},"_links":{"self":[{"href":"https:\/\/baldumarket.lt\/lt\/wp-json\/wp\/v2\/product\/165651","targetHints":{"allow":["GET"]}}],"collection":[{"href":"https:\/\/baldumarket.lt\/lt\/wp-json\/wp\/v2\/product"}],"about":[{"href":"https:\/\/baldumarket.lt\/lt\/wp-json\/wp\/v2\/types\/product"}],"replies":[{"embeddable":true,"href":"https:\/\/baldumarket.lt\/lt\/wp-json\/wp\/v2\/comments?post=165651"}],"wp:featuredmedia":[{"embeddable":true,"href":"https:\/\/baldumarket.lt\/lt\/wp-json\/wp\/v2\/media\/165652"}],"wp:attachment":[{"href":"https:\/\/baldumarket.lt\/lt\/wp-json\/wp\/v2\/media?parent=165651"}],"wp:term":[{"taxonomy":"product_brand","embeddable":true,"href":"https:\/\/baldumarket.lt\/lt\/wp-json\/wp\/v2\/product_brand?post=165651"},{"taxonomy":"product_cat","embeddable":true,"href":"https:\/\/baldumarket.lt\/lt\/wp-json\/wp\/v2\/product_cat?post=165651"},{"taxonomy":"product_tag","embeddable":true,"href":"https:\/\/baldumarket.lt\/lt\/wp-json\/wp\/v2\/product_tag?post=165651"}],"curies":[{"name":"wp","href":"https:\/\/api.w.org\/{rel}","templated":true}]}}