{"id":165646,"date":"2025-12-19T15:31:22","date_gmt":"2025-12-19T12:31:22","guid":{"rendered":"https:\/\/baldumarket.lt\/product\/tadeusz-13-stolik-kawowy-lawa-dab-lefkas\/"},"modified":"2026-04-12T16:05:07","modified_gmt":"2026-04-12T13:05:07","slug":"tadeusz-13-stolik-kawowy-lawa-dab-lefkas","status":"publish","type":"product","link":"https:\/\/baldumarket.lt\/lt\/product\/tadeusz-13-stolik-kawowy-lawa-dab-lefkas\/","title":{"rendered":"TADEUSZ-13 &#8211; Lefkas \u0105\u017euolinis kavos staliukas"},"content":{"rendered":"<p>Pristatome TADEUSZ-13 kavos staliuk\u0105 \u2013 puik\u0173 pasirinkim\u0105 visiems, vertinantiems elegancij\u0105 ir funkcionalum\u0105. Pagamintas i\u0161 laminuotos Lefko \u0105\u017euolo plok\u0161t\u0117s, \u0161is klasikinio stiliaus baldas suteikia jauki\u0105 atmosfer\u0105 bet kokiam interjerui. Jo vaizdingas pavir\u0161ius \u017eavi nat\u016bralia i\u0161vaizda, skland\u017eiai dera tiek su moderniu, tiek su tradiciniu interjeru. 120 cm plo\u010dio ir 60 cm gylio staliukas puikiai tinka bet kokiai erdvei. TADEUSZ-13 staliukas yra ne tik esteti\u0161kai patrauklus, bet ir prakti\u0161kas sprendimas j\u016bs\u0173 svetainei. Optimalus 59,5 cm auk\u0161tis leid\u017eia jam puikiai tiksiti kavai, arbatai ir u\u017ekand\u017eiams susib\u016brim\u0173 su \u0161eima ir draugais metu. Taip pat galite panaudoti jo erdv\u0119 m\u0117gstamoms knygoms ar dekoratyviniams daiktams laikyti, tod\u0117l j\u016bs\u0173 svetain\u0117 taps asmeni\u0161kesn\u0117 ir stilingesn\u0117. Nenuostabu, kad \u0161is staliukas toks populiarus \u2013 jis papuo\u0161 bet kur\u012f kambar\u012f. Eleganti\u0161ka i\u0161vaizda kartu su tvirta konstrukcija sukuria tobul\u0105 patvarumo ir stiliaus derin\u012f. Pasirinkdami TADEUSZ-13, investuojate \u012f bald\u0105, kuris taps j\u016bs\u0173 svetain\u0117s traukos centru ir pritrauks sve\u010di\u0173 d\u0117mes\u012f.<\/p>","protected":false},"excerpt":{"rendered":"<p>Plotis (cm): 120<br \/>\n\u016agis (cm): 59,5<br \/>\nGylis (cm): 35<\/p>","protected":false},"featured_media":165647,"comment_status":"open","ping_status":"open","template":"","meta":[],"product_brand":[],"product_cat":[9515,866,4108],"product_tag":[],"class_list":{"0":"post-165646","1":"product","2":"type-product","3":"status-publish","4":"has-post-thumbnail","6":"product_cat-furniture-system-tadeusz-jarstol-meble","7":"product_cat-coffee-tables","8":"product_cat-jarstol","10":"first","11":"instock","12":"purchasable","13":"product-type-simple"},"_links":{"self":[{"href":"https:\/\/baldumarket.lt\/lt\/wp-json\/wp\/v2\/product\/165646","targetHints":{"allow":["GET"]}}],"collection":[{"href":"https:\/\/baldumarket.lt\/lt\/wp-json\/wp\/v2\/product"}],"about":[{"href":"https:\/\/baldumarket.lt\/lt\/wp-json\/wp\/v2\/types\/product"}],"replies":[{"embeddable":true,"href":"https:\/\/baldumarket.lt\/lt\/wp-json\/wp\/v2\/comments?post=165646"}],"wp:featuredmedia":[{"embeddable":true,"href":"https:\/\/baldumarket.lt\/lt\/wp-json\/wp\/v2\/media\/165647"}],"wp:attachment":[{"href":"https:\/\/baldumarket.lt\/lt\/wp-json\/wp\/v2\/media?parent=165646"}],"wp:term":[{"taxonomy":"product_brand","embeddable":true,"href":"https:\/\/baldumarket.lt\/lt\/wp-json\/wp\/v2\/product_brand?post=165646"},{"taxonomy":"product_cat","embeddable":true,"href":"https:\/\/baldumarket.lt\/lt\/wp-json\/wp\/v2\/product_cat?post=165646"},{"taxonomy":"product_tag","embeddable":true,"href":"https:\/\/baldumarket.lt\/lt\/wp-json\/wp\/v2\/product_tag?post=165646"}],"curies":[{"name":"wp","href":"https:\/\/api.w.org\/{rel}","templated":true}]}}