{"id":165641,"date":"2025-12-19T15:31:11","date_gmt":"2025-12-19T12:31:11","guid":{"rendered":"https:\/\/baldumarket.lt\/product\/tadeusz-13-stolik-kawowy-lawa-dab-stuletni\/"},"modified":"2026-04-12T16:05:07","modified_gmt":"2026-04-12T13:05:07","slug":"tadeusz-13-stolik-kawowy-lawa-dab-stuletni","status":"publish","type":"product","link":"https:\/\/baldumarket.lt\/lt\/product\/tadeusz-13-stolik-kawowy-lawa-dab-stuletni\/","title":{"rendered":"TADEUSZ-13 \u2013 Kavos staliukas, suoliukas, \u0160imtametis \u0105\u017euolas"},"content":{"rendered":"<p>Atraskite klasikinio stiliaus magij\u0105 su garsaus \u201eJarstol\u201c prek\u0117s \u017eenklo kavos staliuku TADEUSZ-13. Pagamintas i\u0161 auk\u0161\u010diausios kokyb\u0117s med\u017eiag\u0173, \u0161is \u201eCentennial Oak\u201c staliukas puikiai papildys bet kok\u012f interjer\u0105. Eleganti\u0161ka forma ir nat\u016brali medienos tekst\u016bra suteikia staliukui unikalaus charakterio, kuris prad\u017eiugins ne tik jus, bet ir j\u016bs\u0173 sve\u010dius. TADEUSZ-13 yra ne tik esteti\u0161kai patrauklus, bet ir prakti\u0161kas, puikiai tinkantis kasdieniam naudojimui. Dideli matmenys \u2013 120 cm plo\u010dio ir 60 cm gylio \u2013 paver\u010dia j\u012f puikia vieta j\u016bs\u0173 svetain\u0117je \u0161alia m\u0117gstamos sofos. Kiekvien\u0105 akimirk\u0105, praleist\u0105 atsipalaiduojant su knyga ar filmu, jis pavers dar malonesne. \u0160is staliukas taps j\u016bs\u0173 patikimu palydovu atsipalaidavimo akimirkomis. Stilingas TADEUSZ-13 kavos staliuko dizainas, \u012fkv\u0117ptas tradicini\u0173 form\u0173, papildys \u012fvairius interjero dizainus \u2013 nuo modernaus iki kaimi\u0161ko. \u0160ilti \u0105\u017euolo atspalviai suteiks j\u016bs\u0173 namams jaukumo ir harmonijos. Nesvarbu, ar jums labiau patinka minimalistiniai aksesuarai, ar sodresni akcentai, \u0161is staliukas prisitaikys prie j\u016bs\u0173 individuali\u0173 poreiki\u0173 ir skonio.<\/p>","protected":false},"excerpt":{"rendered":"<p>Plotis (cm): 120<br \/>\n\u016agis (cm): 59<br \/>\nGylis (cm): 60<\/p>","protected":false},"featured_media":165642,"comment_status":"open","ping_status":"open","template":"","meta":[],"product_brand":[],"product_cat":[9515,866,4108],"product_tag":[],"class_list":{"0":"post-165641","1":"product","2":"type-product","3":"status-publish","4":"has-post-thumbnail","6":"product_cat-furniture-system-tadeusz-jarstol-meble","7":"product_cat-coffee-tables","8":"product_cat-jarstol","10":"first","11":"instock","12":"purchasable","13":"product-type-simple"},"_links":{"self":[{"href":"https:\/\/baldumarket.lt\/lt\/wp-json\/wp\/v2\/product\/165641","targetHints":{"allow":["GET"]}}],"collection":[{"href":"https:\/\/baldumarket.lt\/lt\/wp-json\/wp\/v2\/product"}],"about":[{"href":"https:\/\/baldumarket.lt\/lt\/wp-json\/wp\/v2\/types\/product"}],"replies":[{"embeddable":true,"href":"https:\/\/baldumarket.lt\/lt\/wp-json\/wp\/v2\/comments?post=165641"}],"wp:featuredmedia":[{"embeddable":true,"href":"https:\/\/baldumarket.lt\/lt\/wp-json\/wp\/v2\/media\/165642"}],"wp:attachment":[{"href":"https:\/\/baldumarket.lt\/lt\/wp-json\/wp\/v2\/media?parent=165641"}],"wp:term":[{"taxonomy":"product_brand","embeddable":true,"href":"https:\/\/baldumarket.lt\/lt\/wp-json\/wp\/v2\/product_brand?post=165641"},{"taxonomy":"product_cat","embeddable":true,"href":"https:\/\/baldumarket.lt\/lt\/wp-json\/wp\/v2\/product_cat?post=165641"},{"taxonomy":"product_tag","embeddable":true,"href":"https:\/\/baldumarket.lt\/lt\/wp-json\/wp\/v2\/product_tag?post=165641"}],"curies":[{"name":"wp","href":"https:\/\/api.w.org\/{rel}","templated":true}]}}