{"id":165633,"date":"2025-12-19T15:30:54","date_gmt":"2025-12-19T12:30:54","guid":{"rendered":"https:\/\/baldumarket.lt\/product\/tadeusz-14-witryna-3d3s-dab-lefkas\/"},"modified":"2026-04-12T16:19:20","modified_gmt":"2026-04-12T13:19:20","slug":"tadeusz-14-witryna-3d3s-dab-lefkas","status":"publish","type":"product","link":"https:\/\/baldumarket.lt\/lt\/product\/tadeusz-14-witryna-3d3s-dab-lefkas\/","title":{"rendered":"TADEUSZ-14 \u2013 3D3S vitrinin\u0117 spinta Lefkas \u0105\u017euolas"},"content":{"rendered":"<p>TADEUSZ-14 vitrina \u2013 eleganti\u0161kas baldas, suteikiantis charakterio bet kokiam interjerui. Pagaminta i\u0161 auk\u0161tos kokyb\u0117s laminuotos plok\u0161t\u0117s, gra\u017eaus Lefko \u0105\u017euolo atspalvio, ji traukia d\u0117mes\u012f minimalistiniu dizainu ir stikliniais fasadais, puikiai tinkan\u010diais m\u0117gstamoms dekoracijoms ir puodeliams eksponuoti. \u0160i stilinga, grak\u0161ti komoda prad\u017eiugins tiek modernaus stiliaus m\u0117g\u0117jus, tiek tuos, kurie m\u0117gsta klasikin\u0119 elegancij\u0105. \u0160i erdvi vitrina puikiai tinka svetainei, valgomajam ar net biurui. Trys stal\u010diai puikiai tinka smulkiems daiktams laikyti, tod\u0117l kambarys i\u0161lieka tvarkingas ir esteti\u0161kai patrauklus. Patogumas ir funkcionalumas yra svarbiausi, tod\u0117l visada lengva pasiekti b\u016btiniausius daiktus. TADEUSZ-14 vitrina i\u0161siskiria ne tik prakti\u0161kumu, bet ir estetika. Auksin\u0117s ranken\u0117l\u0117s suteikia rafinuotumo, kontrastuojan\u010dios su nat\u016braliu med\u017eio atspalviu, o stikliniai fasadai su \u012fmantriu ra\u0161tu suteikia lengvumo ir elegancijos. Tai puikus pasirinkimas tiems, kurie nori \u012f savo interjer\u0105 \u012fne\u0161ti prabangos ir elegancijos.<\/p>","protected":false},"excerpt":{"rendered":"<p>Plotis (cm): 140<br \/>\n\u016agis (cm): 110<br \/>\nGylis (cm): 60<\/p>","protected":false},"featured_media":165634,"comment_status":"open","ping_status":"open","template":"","meta":[],"product_brand":[],"product_cat":[9515,4108,2006],"product_tag":[],"class_list":{"0":"post-165633","1":"product","2":"type-product","3":"status-publish","4":"has-post-thumbnail","6":"product_cat-furniture-system-tadeusz-jarstol-meble","7":"product_cat-jarstol","8":"product_cat-vitrines","10":"first","11":"instock","12":"purchasable","13":"product-type-simple"},"_links":{"self":[{"href":"https:\/\/baldumarket.lt\/lt\/wp-json\/wp\/v2\/product\/165633","targetHints":{"allow":["GET"]}}],"collection":[{"href":"https:\/\/baldumarket.lt\/lt\/wp-json\/wp\/v2\/product"}],"about":[{"href":"https:\/\/baldumarket.lt\/lt\/wp-json\/wp\/v2\/types\/product"}],"replies":[{"embeddable":true,"href":"https:\/\/baldumarket.lt\/lt\/wp-json\/wp\/v2\/comments?post=165633"}],"wp:featuredmedia":[{"embeddable":true,"href":"https:\/\/baldumarket.lt\/lt\/wp-json\/wp\/v2\/media\/165634"}],"wp:attachment":[{"href":"https:\/\/baldumarket.lt\/lt\/wp-json\/wp\/v2\/media?parent=165633"}],"wp:term":[{"taxonomy":"product_brand","embeddable":true,"href":"https:\/\/baldumarket.lt\/lt\/wp-json\/wp\/v2\/product_brand?post=165633"},{"taxonomy":"product_cat","embeddable":true,"href":"https:\/\/baldumarket.lt\/lt\/wp-json\/wp\/v2\/product_cat?post=165633"},{"taxonomy":"product_tag","embeddable":true,"href":"https:\/\/baldumarket.lt\/lt\/wp-json\/wp\/v2\/product_tag?post=165633"}],"curies":[{"name":"wp","href":"https:\/\/api.w.org\/{rel}","templated":true}]}}