{"id":165625,"date":"2025-12-19T15:30:35","date_gmt":"2025-12-19T12:30:35","guid":{"rendered":"https:\/\/baldumarket.lt\/product\/tadeusz-14-witryna-3d3s-dab-stuletni\/"},"modified":"2026-04-12T16:19:20","modified_gmt":"2026-04-12T13:19:20","slug":"tadeusz-14-witryna-3d3s-dab-stuletni","status":"publish","type":"product","link":"https:\/\/baldumarket.lt\/lt\/product\/tadeusz-14-witryna-3d3s-dab-stuletni\/","title":{"rendered":"TADEUSZ-14 \u2013 3D3S vitrina \u201e\u0160imtametis \u0105\u017euolas\u201c"},"content":{"rendered":"<p>\u201eTADEUSZ-14\u201c vitrina \u201eCentennial Oak\u201c spalvos, pasi\u017eyminti nuostabiu ra\u0161tu, tampa ne tik prakti\u0161ku baldu, bet ir unikalia j\u016bs\u0173 svetain\u0117s ar valgomojo puo\u0161mena. Eleganti\u0161ka jos i\u0161vaizda puikiai dera su \u0161iuolaikin\u0117mis dizaino tendencijomis, interjerui suteikdama klasikinio stiliaus. Auk\u0161ta komoda su baru ir stikliniais fasadais su nat\u016braliu ra\u0161tu leid\u017eia efektyviai eksponuoti pasirinktus daiktus. Tai leid\u017eia sukurti unikal\u0173 i\u0161d\u0117stym\u0105, kuriame kiekvienas daiktas turi savo viet\u0105, tuo pa\u010diu metu atrodydamas eleganti\u0161kai ir stilingai. Trys erdv\u016bs stal\u010diai suteikia papildomos vietos daiktams susid\u0117ti, tod\u0117l \u0161is baldas yra itin funkcionalus. \u201eTADEUSZ-14\u201c vitrina yra ne tik baldas, bet ir vieta, kur galite pasidalinti m\u0117gstamais g\u0117rimais ar u\u017ekand\u017eiais su sve\u010diais. Auksini\u0173 ranken\u0117li\u0173 naudojimas suteikia jai elegancijos, suteikdamas jai unikal\u0173 charakter\u012f. Metaliniai vyriai ir b\u0117geliai kasdien\u012f naudojim\u0105 paver\u010dia malonumu, o baldo patvarumas ir tvirtumas garantuojami.<\/p>","protected":false},"excerpt":{"rendered":"<p>Plotis (cm): 140<br \/>\n\u016agis (cm): 110<br \/>\nGylis (cm): 44<\/p>","protected":false},"featured_media":165626,"comment_status":"open","ping_status":"open","template":"","meta":[],"product_brand":[],"product_cat":[9515,4108,2006],"product_tag":[],"class_list":{"0":"post-165625","1":"product","2":"type-product","3":"status-publish","4":"has-post-thumbnail","6":"product_cat-furniture-system-tadeusz-jarstol-meble","7":"product_cat-jarstol","8":"product_cat-vitrines","10":"first","11":"instock","12":"purchasable","13":"product-type-simple"},"_links":{"self":[{"href":"https:\/\/baldumarket.lt\/lt\/wp-json\/wp\/v2\/product\/165625","targetHints":{"allow":["GET"]}}],"collection":[{"href":"https:\/\/baldumarket.lt\/lt\/wp-json\/wp\/v2\/product"}],"about":[{"href":"https:\/\/baldumarket.lt\/lt\/wp-json\/wp\/v2\/types\/product"}],"replies":[{"embeddable":true,"href":"https:\/\/baldumarket.lt\/lt\/wp-json\/wp\/v2\/comments?post=165625"}],"wp:featuredmedia":[{"embeddable":true,"href":"https:\/\/baldumarket.lt\/lt\/wp-json\/wp\/v2\/media\/165626"}],"wp:attachment":[{"href":"https:\/\/baldumarket.lt\/lt\/wp-json\/wp\/v2\/media?parent=165625"}],"wp:term":[{"taxonomy":"product_brand","embeddable":true,"href":"https:\/\/baldumarket.lt\/lt\/wp-json\/wp\/v2\/product_brand?post=165625"},{"taxonomy":"product_cat","embeddable":true,"href":"https:\/\/baldumarket.lt\/lt\/wp-json\/wp\/v2\/product_cat?post=165625"},{"taxonomy":"product_tag","embeddable":true,"href":"https:\/\/baldumarket.lt\/lt\/wp-json\/wp\/v2\/product_tag?post=165625"}],"curies":[{"name":"wp","href":"https:\/\/api.w.org\/{rel}","templated":true}]}}