{"id":165617,"date":"2025-12-19T15:30:16","date_gmt":"2025-12-19T12:30:16","guid":{"rendered":"https:\/\/baldumarket.lt\/product\/tadeusz-15-szafa-3-drzwiowa-z-lustrem-dab-lefkas\/"},"modified":"2026-04-12T16:19:20","modified_gmt":"2026-04-12T13:19:20","slug":"tadeusz-15-szafa-3-drzwiowa-z-lustrem-dab-lefkas","status":"publish","type":"product","link":"https:\/\/baldumarket.lt\/lt\/product\/tadeusz-15-szafa-3-drzwiowa-z-lustrem-dab-lefkas\/","title":{"rendered":"TADEUSZ-15 \u2013 Trij\u0173 dur\u0173 spinta su veidrod\u017eiu, Lefkas \u0105\u017euolas"},"content":{"rendered":"<p>Elegancija ir funkcionalumas \u2013 tai trij\u0173 dur\u0173 \u201eTADEUSZ-15\u201c spintos i\u0161 \u201eLefkas Oak\u201c medienos bruo\u017eai. \u0160i nuostabi \u201eJarstol\u201c spinta \u2013 puikus sprendimas bet kokiam interjerui, ie\u0161kan\u010diam erdvumo poj\u016b\u010dio ir rafinuoto stiliaus. D\u0117l veidrod\u017ei\u0173, kurie vizualiai padidina erdv\u0119, galite sukurti unikali\u0105 atmosfer\u0105 savo kambaryje, skatinan\u010di\u0105 atsipalaidavim\u0105 ir kasdienius ritualus. Klasikinis dizainas ir subtili apdaila puikiai tinka tiek kaimi\u0161kam, tiek moderniam stiliui. 135 cm plo\u010dio, 190 cm auk\u0161\u010dio ir 57 cm gylio spinta yra ne tik esteti\u0161kai patraukli, bet ir prakti\u0161ka j\u016bs\u0173 namams. Viduje rasite visk\u0105, ko reikia tvarkingam daikt\u0173 laikymui \u2013 vienoje pus\u0117je yra drabu\u017ei\u0173 kabykla, puikiai tinkanti paltams, suknel\u0117ms ar mar\u0161kiniams pakabinti, o vir\u0161 jos \u2013 prakti\u0161ka lentyna smulkiems daiktams. Kita vertus, galite susitvarkyti savo daiktus naudodami erdvi\u0105 lentyn\u0105 sulankstomiems drabu\u017eiams ar patalynei, u\u017etikrindami, kad kiekvienas daiktas tur\u0117t\u0173 savo viet\u0105. \u201eTADEUSZ-15\u201c spinta \u017eavi ne tik estetiniu patrauklumu, bet ir pagamint\u0173 med\u017eiag\u0173 kokybe. Laminuota plok\u0161t\u0117 u\u017etikrina patvarum\u0105 ir lengv\u0105 valym\u0105, o eleganti\u0161kos auksin\u0117s rankenos suteikia subtil\u0173 blizges\u012f. Metaliniai vyriai garantuoja ilgalaik\u012f ir be r\u016bpes\u010di\u0173 naudojim\u0105, tod\u0117l spinta taps m\u0117gstamiausiu j\u016bs\u0173 interjero elementu.<\/p>","protected":false},"excerpt":{"rendered":"<p>Plotis (cm): 135<br \/>\n\u016agis (cm): 190<br \/>\nGylis (cm): 44<\/p>","protected":false},"featured_media":165618,"comment_status":"open","ping_status":"open","template":"","meta":[],"product_brand":[],"product_cat":[9515,4108,1177],"product_tag":[],"class_list":{"0":"post-165617","1":"product","2":"type-product","3":"status-publish","4":"has-post-thumbnail","6":"product_cat-furniture-system-tadeusz-jarstol-meble","7":"product_cat-jarstol","8":"product_cat-wardrobes","10":"first","11":"instock","12":"purchasable","13":"product-type-simple"},"_links":{"self":[{"href":"https:\/\/baldumarket.lt\/lt\/wp-json\/wp\/v2\/product\/165617","targetHints":{"allow":["GET"]}}],"collection":[{"href":"https:\/\/baldumarket.lt\/lt\/wp-json\/wp\/v2\/product"}],"about":[{"href":"https:\/\/baldumarket.lt\/lt\/wp-json\/wp\/v2\/types\/product"}],"replies":[{"embeddable":true,"href":"https:\/\/baldumarket.lt\/lt\/wp-json\/wp\/v2\/comments?post=165617"}],"wp:featuredmedia":[{"embeddable":true,"href":"https:\/\/baldumarket.lt\/lt\/wp-json\/wp\/v2\/media\/165618"}],"wp:attachment":[{"href":"https:\/\/baldumarket.lt\/lt\/wp-json\/wp\/v2\/media?parent=165617"}],"wp:term":[{"taxonomy":"product_brand","embeddable":true,"href":"https:\/\/baldumarket.lt\/lt\/wp-json\/wp\/v2\/product_brand?post=165617"},{"taxonomy":"product_cat","embeddable":true,"href":"https:\/\/baldumarket.lt\/lt\/wp-json\/wp\/v2\/product_cat?post=165617"},{"taxonomy":"product_tag","embeddable":true,"href":"https:\/\/baldumarket.lt\/lt\/wp-json\/wp\/v2\/product_tag?post=165617"}],"curies":[{"name":"wp","href":"https:\/\/api.w.org\/{rel}","templated":true}]}}