{"id":165609,"date":"2025-12-19T15:29:56","date_gmt":"2025-12-19T12:29:56","guid":{"rendered":"https:\/\/baldumarket.lt\/product\/tadeusz-15-szafa-3-drzwiowa-z-lustrem-dab-stuletni\/"},"modified":"2026-04-12T16:19:12","modified_gmt":"2026-04-12T13:19:12","slug":"tadeusz-15-szafa-3-drzwiowa-z-lustrem-dab-stuletni","status":"publish","type":"product","link":"https:\/\/baldumarket.lt\/lt\/product\/tadeusz-15-szafa-3-drzwiowa-z-lustrem-dab-stuletni\/","title":{"rendered":"TADEUSZ-15 \u2013 Trij\u0173 dur\u0173 spinta su veidrod\u017eiu, \u0161imtametis \u0105\u017euolas"},"content":{"rendered":"<p>Pasinerkite \u012f unikalaus dizaino ir funkcionalumo pasaul\u012f su m\u016bs\u0173 TADEUSZ-15 spinta. \u0160i \u012fsp\u016bdinga trij\u0173 dur\u0173 veidrodin\u0117 spinta yra puikus pasirinkimas visiems, ie\u0161kantiems elegancijos ir prakti\u0161kumo savo interjere. Jos \u201eCentennial Oak\u201c apdaila traukia ak\u012f ir suteikia \u0161ilumos, puikiai papildydama kaimi\u0161k\u0105 stili\u0173, kuris niekada nei\u0161eina i\u0161 mados. Auksini\u0173 ranken\u0117li\u0173 blizgesys suteikia \u0161iai spintai prabangos, o laminuota plok\u0161t\u0117 u\u017etikrina patvarum\u0105 ir atsparum\u0105 pa\u017eeidimams. \u0160is derinys paver\u010dia TADEUSZ-15 spint\u0105 ne tik daikt\u0173 laikymo vieta, bet ir stilingu bet kurio kambario papildymu. Be to, veidrodis ant dureli\u0173 vizualiai padidina erdv\u0119, o jo blizgesys spinduliuoja elegancij\u0105. \u0160ios spintos funkcionalumas yra toks pat \u012fsp\u016bdingas, kaip ir jos i\u0161vaizda. Interjeras sukurtas atsi\u017evelgiant \u012f kasdien\u012f naudojim\u0105. Vienoje pus\u0117je rasite drabu\u017ei\u0173 pakab\u0105, puikiai tinkan\u010di\u0105 drabu\u017eiams pakabinti ant eleganti\u0161k\u0173 pakab\u0173, o vir\u0161 jos \u2013 prakti\u0161k\u0105 lentyn\u0105 aksesuarams. Kita vertus, vieta sulankstytiems daiktams ar patalynei laikyti leid\u017eia lengvai susitvarkyti visus asmeninius daiktus.<\/p>","protected":false},"excerpt":{"rendered":"<p>Plotis (cm): 135<br \/>\n\u016agis (cm): 190<br \/>\nGylis (cm): 57<\/p>","protected":false},"featured_media":165610,"comment_status":"open","ping_status":"open","template":"","meta":[],"product_brand":[],"product_cat":[9515,4108,1177],"product_tag":[],"class_list":{"0":"post-165609","1":"product","2":"type-product","3":"status-publish","4":"has-post-thumbnail","6":"product_cat-furniture-system-tadeusz-jarstol-meble","7":"product_cat-jarstol","8":"product_cat-wardrobes","10":"first","11":"instock","12":"purchasable","13":"product-type-simple"},"_links":{"self":[{"href":"https:\/\/baldumarket.lt\/lt\/wp-json\/wp\/v2\/product\/165609","targetHints":{"allow":["GET"]}}],"collection":[{"href":"https:\/\/baldumarket.lt\/lt\/wp-json\/wp\/v2\/product"}],"about":[{"href":"https:\/\/baldumarket.lt\/lt\/wp-json\/wp\/v2\/types\/product"}],"replies":[{"embeddable":true,"href":"https:\/\/baldumarket.lt\/lt\/wp-json\/wp\/v2\/comments?post=165609"}],"wp:featuredmedia":[{"embeddable":true,"href":"https:\/\/baldumarket.lt\/lt\/wp-json\/wp\/v2\/media\/165610"}],"wp:attachment":[{"href":"https:\/\/baldumarket.lt\/lt\/wp-json\/wp\/v2\/media?parent=165609"}],"wp:term":[{"taxonomy":"product_brand","embeddable":true,"href":"https:\/\/baldumarket.lt\/lt\/wp-json\/wp\/v2\/product_brand?post=165609"},{"taxonomy":"product_cat","embeddable":true,"href":"https:\/\/baldumarket.lt\/lt\/wp-json\/wp\/v2\/product_cat?post=165609"},{"taxonomy":"product_tag","embeddable":true,"href":"https:\/\/baldumarket.lt\/lt\/wp-json\/wp\/v2\/product_tag?post=165609"}],"curies":[{"name":"wp","href":"https:\/\/api.w.org\/{rel}","templated":true}]}}