{"id":165601,"date":"2025-12-19T15:29:38","date_gmt":"2025-12-19T12:29:38","guid":{"rendered":"https:\/\/baldumarket.lt\/product\/tadeusz-16-szafka-nocna-2-szuflady-dab-lefkas\/"},"modified":"2026-04-12T16:19:12","modified_gmt":"2026-04-12T13:19:12","slug":"tadeusz-16-szafka-nocna-2-szuflady-dab-lefkas","status":"publish","type":"product","link":"https:\/\/baldumarket.lt\/lt\/product\/tadeusz-16-szafka-nocna-2-szuflady-dab-lefkas\/","title":{"rendered":"TADEUSZ-16 &#8211; Naktinis staliukas 2 stal\u010diai Lefkas \u0105\u017euolas"},"content":{"rendered":"<p>Atraskite gro\u017e\u012f ir funkcionalum\u0105 su naktiniu staliuku \u201eTADEUSZ-16\u201c \u2013 puikiu bet kokio modernaus interjero papildymu. Eleganti\u0161kas Lefko \u0105\u017euolo dizainas suteiks j\u016bs\u0173 miegamajam \u0161ilto ir jaukaus \u017eavesio. D\u0117l apgalvotos konstrukcijos naktinis staliukas ne tik gra\u017eiai papildo \u201eTADEUSZ\u201c lov\u0105, bet ir tampa prakti\u0161ka vieta svarbiausiems daiktams, kuriuos norite visada tur\u0117ti po ranka. U\u017etikrinkite komfort\u0105 ir tvark\u0105 su dviem stal\u010diais, kuriuos si\u016blo \u0161is naktinis staliukas. Tai puikus sprendimas laikyti smulkius daiktus, kuriuos kasdieniame gyvenime gali b\u016bti sunku sutvarkyti. Galite lengvai sutalpinti visk\u0105 \u2013 nuo knyg\u0173 iki televizoriaus pultelio, tod\u0117l j\u016bs\u0173 erdv\u0117 taps funkcionalesn\u0117 ir organizuotesn\u0117. Verta pamin\u0117ti, kad dizaineri\u0173 sukurtos aukso spalvos ranken\u0117l\u0117s suteikia naktiniam staliukui unikal\u0173 charakter\u012f, suteikdamos interjerui prabangos. Lefko \u0105\u017euolo ir metalini\u0173 detali\u0173 derinys sukuria darni\u0105 visum\u0105, kuri harmoningai dera su \u012fvairiais interjero stiliais \u2013 nuo klasikinio iki skandinavi\u0161ko.<\/p>","protected":false},"excerpt":{"rendered":"<p>Plotis (cm): 40<br \/>\n\u016agis (cm): 50<br \/>\nGylis (cm): 57<\/p>","protected":false},"featured_media":165602,"comment_status":"open","ping_status":"open","template":"","meta":[],"product_brand":[],"product_cat":[9515,1176,4108],"product_tag":[],"class_list":{"0":"post-165601","1":"product","2":"type-product","3":"status-publish","4":"has-post-thumbnail","6":"product_cat-furniture-system-tadeusz-jarstol-meble","7":"product_cat-bedside-tables","8":"product_cat-jarstol","10":"first","11":"instock","12":"purchasable","13":"product-type-simple"},"_links":{"self":[{"href":"https:\/\/baldumarket.lt\/lt\/wp-json\/wp\/v2\/product\/165601","targetHints":{"allow":["GET"]}}],"collection":[{"href":"https:\/\/baldumarket.lt\/lt\/wp-json\/wp\/v2\/product"}],"about":[{"href":"https:\/\/baldumarket.lt\/lt\/wp-json\/wp\/v2\/types\/product"}],"replies":[{"embeddable":true,"href":"https:\/\/baldumarket.lt\/lt\/wp-json\/wp\/v2\/comments?post=165601"}],"wp:featuredmedia":[{"embeddable":true,"href":"https:\/\/baldumarket.lt\/lt\/wp-json\/wp\/v2\/media\/165602"}],"wp:attachment":[{"href":"https:\/\/baldumarket.lt\/lt\/wp-json\/wp\/v2\/media?parent=165601"}],"wp:term":[{"taxonomy":"product_brand","embeddable":true,"href":"https:\/\/baldumarket.lt\/lt\/wp-json\/wp\/v2\/product_brand?post=165601"},{"taxonomy":"product_cat","embeddable":true,"href":"https:\/\/baldumarket.lt\/lt\/wp-json\/wp\/v2\/product_cat?post=165601"},{"taxonomy":"product_tag","embeddable":true,"href":"https:\/\/baldumarket.lt\/lt\/wp-json\/wp\/v2\/product_tag?post=165601"}],"curies":[{"name":"wp","href":"https:\/\/api.w.org\/{rel}","templated":true}]}}