{"id":165593,"date":"2025-12-19T15:29:20","date_gmt":"2025-12-19T12:29:20","guid":{"rendered":"https:\/\/baldumarket.lt\/product\/tadeusz-16-szafka-nocna-2-szuflady-dab-stuletni\/"},"modified":"2026-04-12T16:19:12","modified_gmt":"2026-04-12T13:19:12","slug":"tadeusz-16-szafka-nocna-2-szuflady-dab-stuletni","status":"publish","type":"product","link":"https:\/\/baldumarket.lt\/lt\/product\/tadeusz-16-szafka-nocna-2-szuflady-dab-stuletni\/","title":{"rendered":"TADEUSZ-16 \u2013 Naktinis staliukas su 2 stal\u010diais, \u0160imtame\u010dio \u0105\u017euolo spalvos"},"content":{"rendered":"<p>Atraskite unikal\u0173 TADEUSZ-16 naktinio stalelio \u017eaves\u012f, kuris puikiai dera prie modernaus interjero, derindamas stili\u0173 ir funkcionalum\u0105. Pagamintas i\u0161 auk\u0161tos kokyb\u0117s med\u017eiag\u0173, naktinis staliukas yra nuda\u017eytas \u0161imtame\u010dio \u0105\u017euolo spalva, suteikian\u010dia jam eleganti\u0161k\u0105 ir nesenstant\u012f charakter\u012f. Minimalistinis dizainas paver\u010dia j\u012f puikiu bet kurio miegamojo, tradicinio ar modernaus, papildymu. \u0160is ma\u017eas naktinis staliukas, kurio plotis \u2013 40 cm, auk\u0161tis \u2013 50 cm, o gylis \u2013 44 cm, puikiai tiks bet kokiame interjere. Nepaisant kompakti\u0161ko dyd\u017eio, jis yra erdvus d\u0117l dviej\u0173 funkcionali\u0173 stal\u010di\u0173, kuriuose tilps visi reikalingi daiktai. Puikiai tinka knygai, \u017eadintuvui ar stiklinei vandens, nes j\u012f patogu ir universalu naudoti prie lovos. TADEUSZ-16 naktinis staliukas yra ne tik prakti\u0161kas sprendimas, bet ir dekoratyvinis elementas, kuris suteiks j\u016bs\u0173 miegamajam \u0161ilumos ir jaukumo. Auksin\u0117s ranken\u0117l\u0117s suteikia elegancijos, o santykinai neutrali \u0105\u017euolo spalva puikiai dera su \u012fvairiais dekoro stiliais. Nesvarbu, ar jums labiau patinka skandinavi\u0161ki, klasikiniai, ar modern\u016bs akcentai, \u0161i spintel\u0117 tikrai pritrauks d\u0117mes\u012f ir suteiks erdvei harmonijos.<\/p>","protected":false},"excerpt":{"rendered":"<p>Plotis (cm): 40<br \/>\n\u016agis (cm): 50<br \/>\nGylis (cm): 44<\/p>","protected":false},"featured_media":165594,"comment_status":"open","ping_status":"open","template":"","meta":[],"product_brand":[],"product_cat":[9515,1176,4108],"product_tag":[],"class_list":{"0":"post-165593","1":"product","2":"type-product","3":"status-publish","4":"has-post-thumbnail","6":"product_cat-furniture-system-tadeusz-jarstol-meble","7":"product_cat-bedside-tables","8":"product_cat-jarstol","10":"first","11":"instock","12":"purchasable","13":"product-type-simple"},"_links":{"self":[{"href":"https:\/\/baldumarket.lt\/lt\/wp-json\/wp\/v2\/product\/165593","targetHints":{"allow":["GET"]}}],"collection":[{"href":"https:\/\/baldumarket.lt\/lt\/wp-json\/wp\/v2\/product"}],"about":[{"href":"https:\/\/baldumarket.lt\/lt\/wp-json\/wp\/v2\/types\/product"}],"replies":[{"embeddable":true,"href":"https:\/\/baldumarket.lt\/lt\/wp-json\/wp\/v2\/comments?post=165593"}],"wp:featuredmedia":[{"embeddable":true,"href":"https:\/\/baldumarket.lt\/lt\/wp-json\/wp\/v2\/media\/165594"}],"wp:attachment":[{"href":"https:\/\/baldumarket.lt\/lt\/wp-json\/wp\/v2\/media?parent=165593"}],"wp:term":[{"taxonomy":"product_brand","embeddable":true,"href":"https:\/\/baldumarket.lt\/lt\/wp-json\/wp\/v2\/product_brand?post=165593"},{"taxonomy":"product_cat","embeddable":true,"href":"https:\/\/baldumarket.lt\/lt\/wp-json\/wp\/v2\/product_cat?post=165593"},{"taxonomy":"product_tag","embeddable":true,"href":"https:\/\/baldumarket.lt\/lt\/wp-json\/wp\/v2\/product_tag?post=165593"}],"curies":[{"name":"wp","href":"https:\/\/api.w.org\/{rel}","templated":true}]}}