{"id":165587,"date":"2025-12-19T15:29:06","date_gmt":"2025-12-19T12:29:06","guid":{"rendered":"https:\/\/baldumarket.lt\/product\/tadeusz-17-lustro-wiszace-dab-lefkas\/"},"modified":"2026-04-12T16:19:12","modified_gmt":"2026-04-12T13:19:12","slug":"tadeusz-17-lustro-wiszace-dab-lefkas","status":"publish","type":"product","link":"https:\/\/baldumarket.lt\/lt\/product\/tadeusz-17-lustro-wiszace-dab-lefkas\/","title":{"rendered":"TADEUSZ-17 \u2013 \u201eLefkas\u201c \u0105\u017euolinis pakabinamas veidrodis"},"content":{"rendered":"<p>Pakabinamas veidrodis \u201eTadeusz-17\u201c \u2013 tai unikalus interjero dizaino elementas, kuris bet kuriam kambariui suteiks modernumo. Eleganti\u0161ka \u201eLefkas Oak\u201c spalva puikiai der\u0117s tiek prie klasikinio, tiek prie \u0161iuolaikinio interjero. D\u0117l minimalistinio dizaino veidrodis taps ne tik funkcionaliu priedu, bet ir stilingu akcentu, ap\u0161vie\u010dian\u010diu ir vizualiai didinan\u010diu erdv\u0119. Veidrod\u017eio apdaila, pagaminta i\u0161 auk\u0161tos kokyb\u0117s laminuotos plok\u0161t\u0117s, garantuoja ne tik estetik\u0105, bet ir ilgaam\u017ei\u0161kum\u0105. D\u0117l patikrint\u0173 med\u017eiag\u0173 naudojimo galite b\u016bti tikri, kad \u201eTadeusz-17\u201c veidrodis tarnaus jums ilgus metus. Jo pavir\u0161i\u0173 lengva valyti, tod\u0117l kasdienis naudojimas yra \u017eenkliai paprastesnis. Tai puikus sprendimas u\u017eimtiems \u017emon\u0117ms, trok\u0161tantiems gro\u017eio be nereikaling\u0173 pastang\u0173. \u201eTadeusz-17\u201c veidrod\u017eio montavimas yra paprastas ir intuityvus, tod\u0117l j\u012f lengvai gali montuoti net ir nepatyr\u0119 dizaineriai. D\u0117l pridedam\u0173 tvirtinimo med\u017eiag\u0173 savo naujuoju veidrod\u017eiu d\u017eiaugsit\u0117s akimirksniu. Universalus dydis rei\u0161kia, kad lengvai rasite jam viet\u0105 miegamajame, prie\u0161kambaryje ar svetain\u0117je, suteikdamas interjerui jauki\u0105 atmosfer\u0105.<\/p>","protected":false},"excerpt":{"rendered":"<p>Plotis (cm): 120<br \/>\n\u016agis (cm): 70<br \/>\nGylis (cm): 44<\/p>","protected":false},"featured_media":165588,"comment_status":"open","ping_status":"open","template":"","meta":[],"product_brand":[],"product_cat":[9515,4108,1108],"product_tag":[],"class_list":{"0":"post-165587","1":"product","2":"type-product","3":"status-publish","4":"has-post-thumbnail","6":"product_cat-furniture-system-tadeusz-jarstol-meble","7":"product_cat-jarstol","8":"product_cat-mirrors","10":"first","11":"instock","12":"purchasable","13":"product-type-simple"},"_links":{"self":[{"href":"https:\/\/baldumarket.lt\/lt\/wp-json\/wp\/v2\/product\/165587","targetHints":{"allow":["GET"]}}],"collection":[{"href":"https:\/\/baldumarket.lt\/lt\/wp-json\/wp\/v2\/product"}],"about":[{"href":"https:\/\/baldumarket.lt\/lt\/wp-json\/wp\/v2\/types\/product"}],"replies":[{"embeddable":true,"href":"https:\/\/baldumarket.lt\/lt\/wp-json\/wp\/v2\/comments?post=165587"}],"wp:featuredmedia":[{"embeddable":true,"href":"https:\/\/baldumarket.lt\/lt\/wp-json\/wp\/v2\/media\/165588"}],"wp:attachment":[{"href":"https:\/\/baldumarket.lt\/lt\/wp-json\/wp\/v2\/media?parent=165587"}],"wp:term":[{"taxonomy":"product_brand","embeddable":true,"href":"https:\/\/baldumarket.lt\/lt\/wp-json\/wp\/v2\/product_brand?post=165587"},{"taxonomy":"product_cat","embeddable":true,"href":"https:\/\/baldumarket.lt\/lt\/wp-json\/wp\/v2\/product_cat?post=165587"},{"taxonomy":"product_tag","embeddable":true,"href":"https:\/\/baldumarket.lt\/lt\/wp-json\/wp\/v2\/product_tag?post=165587"}],"curies":[{"name":"wp","href":"https:\/\/api.w.org\/{rel}","templated":true}]}}