{"id":165581,"date":"2025-12-19T15:28:52","date_gmt":"2025-12-19T12:28:52","guid":{"rendered":"https:\/\/baldumarket.lt\/product\/tadeusz-17-lustro-wiszace-dab-stuletni\/"},"modified":"2026-04-12T16:19:12","modified_gmt":"2026-04-12T13:19:12","slug":"tadeusz-17-lustro-wiszace-dab-stuletni","status":"publish","type":"product","link":"https:\/\/baldumarket.lt\/lt\/product\/tadeusz-17-lustro-wiszace-dab-stuletni\/","title":{"rendered":"TADEUSZ-17 &#8211; Pakabinamas veidrodis, \u0160imtametis \u0105\u017euolas"},"content":{"rendered":"<p>Pakabinamas veidrodis \u201eTADEUSZ-17\u201c \u2013 puikus sprendimas, suteikiantis j\u016bs\u0173 interjerui unikalaus \u017eavesio ir elegancijos. Pagamintas i\u0161 auk\u0161tos kokyb\u0117s laminuotos plok\u0161t\u0117s, imituojan\u010dios \u0161imtamet\u012f \u0105\u017euol\u0105, \u0161is veidrodis ne tik atlieka savo pagrindin\u0119 funkcij\u0105, bet ir tampa unikaliu dekoratyviniu elementu bet kuriame kambaryje. \u012esp\u016bdingi matmenys \u2013 120 cm plo\u010dio ir 70 cm auk\u0161\u010dio \u2013 paver\u010dia j\u012f ak\u012f traukian\u010diu ir vizualiai padidina erdv\u0119. Stilinga \u0161imtame\u010dio \u0105\u017euolo apdaila, kuri\u0105 galite rasti m\u016bs\u0173 pasi\u016blyme, suteikia bet kokiam interjerui nat\u016bralumo, der\u0117dama tiek su moderniu, tiek su klasikiniu dekoru. \u201eTADEUSZ-17\u201c veidrodis taps bet kokio i\u0161d\u0117stymo traukos centru, papuo\u0161damas koridorius, miegamuosius ir svetaines. D\u0117l nesenstan\u010dio dizaino j\u012f galima lengvai pritaikyti prie \u012fvairi\u0173 stili\u0173, tod\u0117l jis visada atrodo gaiviai ir patraukliai. Jo funkcionalumas gerokai vir\u0161ija estetik\u0105. Veidrodis pa\u0161viesina kambar\u012f atspind\u0117damas \u0161vies\u0105 ir sukurdamas erdv\u0117s poj\u016bt\u012f, kuris ypa\u010d vertinamas ma\u017eesn\u0117se erdv\u0117se. Puikiai tinkantis kasdieniam apm\u0105stymui prie\u0161 i\u0161einant i\u0161 nam\u0173, veidrodis taip pat puikiai tinka bet kuriame svetain\u0117je, kur gali tapti puikiu fonu j\u016bs\u0173 m\u0117gstamiausioms dekoracijoms ar augalams.<\/p>","protected":false},"excerpt":{"rendered":"<p>Plotis (cm): 120<br \/>\n\u016agis (cm): 70<br \/>\nGylis (cm): 3,2<\/p>","protected":false},"featured_media":165582,"comment_status":"open","ping_status":"open","template":"","meta":[],"product_brand":[],"product_cat":[9515,4108,1108],"product_tag":[],"class_list":{"0":"post-165581","1":"product","2":"type-product","3":"status-publish","4":"has-post-thumbnail","6":"product_cat-furniture-system-tadeusz-jarstol-meble","7":"product_cat-jarstol","8":"product_cat-mirrors","10":"first","11":"instock","12":"purchasable","13":"product-type-simple"},"_links":{"self":[{"href":"https:\/\/baldumarket.lt\/lt\/wp-json\/wp\/v2\/product\/165581","targetHints":{"allow":["GET"]}}],"collection":[{"href":"https:\/\/baldumarket.lt\/lt\/wp-json\/wp\/v2\/product"}],"about":[{"href":"https:\/\/baldumarket.lt\/lt\/wp-json\/wp\/v2\/types\/product"}],"replies":[{"embeddable":true,"href":"https:\/\/baldumarket.lt\/lt\/wp-json\/wp\/v2\/comments?post=165581"}],"wp:featuredmedia":[{"embeddable":true,"href":"https:\/\/baldumarket.lt\/lt\/wp-json\/wp\/v2\/media\/165582"}],"wp:attachment":[{"href":"https:\/\/baldumarket.lt\/lt\/wp-json\/wp\/v2\/media?parent=165581"}],"wp:term":[{"taxonomy":"product_brand","embeddable":true,"href":"https:\/\/baldumarket.lt\/lt\/wp-json\/wp\/v2\/product_brand?post=165581"},{"taxonomy":"product_cat","embeddable":true,"href":"https:\/\/baldumarket.lt\/lt\/wp-json\/wp\/v2\/product_cat?post=165581"},{"taxonomy":"product_tag","embeddable":true,"href":"https:\/\/baldumarket.lt\/lt\/wp-json\/wp\/v2\/product_tag?post=165581"}],"curies":[{"name":"wp","href":"https:\/\/api.w.org\/{rel}","templated":true}]}}