{"id":165575,"date":"2025-12-19T15:28:38","date_gmt":"2025-12-19T12:28:38","guid":{"rendered":"https:\/\/baldumarket.lt\/product\/tadeusz-18-lustro-wiszace-dab-lefkas\/"},"modified":"2026-04-12T16:19:12","modified_gmt":"2026-04-12T13:19:12","slug":"tadeusz-18-lustro-wiszace-dab-lefkas","status":"publish","type":"product","link":"https:\/\/baldumarket.lt\/lt\/product\/tadeusz-18-lustro-wiszace-dab-lefkas\/","title":{"rendered":"TADEUSZ-18 \u2013 \u201eLefkas\u201c \u0105\u017euolinis pakabinamas veidrodis"},"content":{"rendered":"<p>Suteikite savo interjerui elegancijos ir funkcionalumo su pakabinamu veidrod\u017eiu \u201eTadeusz-18\u201c, kuris \u017eavi minimalistiniu dizainu ir nat\u016bralia Lefkas \u0105\u017euolo spalva. \u0160is veidrodis puikiai dera prie modernaus interjero, suteikdamas gaivumo ir harmoningumo poj\u016bt\u012f. Optimalus 100 x 70 cm dydis paver\u010dia j\u012f patraukliu vonios kambario, prie\u0161kambario ir miegamojo spintel\u0117s akcentu, puikiai papildydamas bendr\u0105 dekor\u0105. Pagamintas i\u0161 auk\u0161tos kokyb\u0117s laminuotos plok\u0161t\u0117s, veidrodis derina estetik\u0105 ir patvarum\u0105. Tvirta konstrukcija garantuoja ilgalaik\u012f naudojim\u0105, o subtili Lefkas \u0105\u017euolo spalva suteikia jam unikalaus charakterio. Nesvarbu, ar jums labiau patinka skandinavi\u0161kas, klasikinis, ar modernus stilius, \u201eTadeusz-18\u201c veidrodis tiks prie bet kokio interjero dizaino koncepcijos, pabr\u0117\u017edamas jo unikal\u0173 charakter\u012f. Viena i\u0161 unikali\u0173 \u0161io veidrod\u017eio savybi\u0173 yra ta, kad j\u012f galima montuoti vertikaliai arba horizontaliai, tod\u0117l jis yra ne\u012ftik\u0117tinai universalus. Galite juos pritaikyti pagal savo poreikius ir pageidavimus, tod\u0117l jie idealiai tinka \u012fvairioms erdv\u0117ms. Nepriklausomai nuo to, kur juos pastatysite, veidrodis vizualiai padidins kambar\u012f, suteikdamas jam lengvumo ir erdv\u0117s poj\u016bt\u012f.<\/p>","protected":false},"excerpt":{"rendered":"<p>Plotis (cm): 100<br \/>\n\u016agis (cm): 70<br \/>\nGylis (cm): 3,2<\/p>","protected":false},"featured_media":165576,"comment_status":"open","ping_status":"open","template":"","meta":[],"product_brand":[],"product_cat":[9515,4108,1108],"product_tag":[],"class_list":{"0":"post-165575","1":"product","2":"type-product","3":"status-publish","4":"has-post-thumbnail","6":"product_cat-furniture-system-tadeusz-jarstol-meble","7":"product_cat-jarstol","8":"product_cat-mirrors","10":"first","11":"instock","12":"purchasable","13":"product-type-simple"},"_links":{"self":[{"href":"https:\/\/baldumarket.lt\/lt\/wp-json\/wp\/v2\/product\/165575","targetHints":{"allow":["GET"]}}],"collection":[{"href":"https:\/\/baldumarket.lt\/lt\/wp-json\/wp\/v2\/product"}],"about":[{"href":"https:\/\/baldumarket.lt\/lt\/wp-json\/wp\/v2\/types\/product"}],"replies":[{"embeddable":true,"href":"https:\/\/baldumarket.lt\/lt\/wp-json\/wp\/v2\/comments?post=165575"}],"wp:featuredmedia":[{"embeddable":true,"href":"https:\/\/baldumarket.lt\/lt\/wp-json\/wp\/v2\/media\/165576"}],"wp:attachment":[{"href":"https:\/\/baldumarket.lt\/lt\/wp-json\/wp\/v2\/media?parent=165575"}],"wp:term":[{"taxonomy":"product_brand","embeddable":true,"href":"https:\/\/baldumarket.lt\/lt\/wp-json\/wp\/v2\/product_brand?post=165575"},{"taxonomy":"product_cat","embeddable":true,"href":"https:\/\/baldumarket.lt\/lt\/wp-json\/wp\/v2\/product_cat?post=165575"},{"taxonomy":"product_tag","embeddable":true,"href":"https:\/\/baldumarket.lt\/lt\/wp-json\/wp\/v2\/product_tag?post=165575"}],"curies":[{"name":"wp","href":"https:\/\/api.w.org\/{rel}","templated":true}]}}