{"id":165569,"date":"2025-12-19T15:28:25","date_gmt":"2025-12-19T12:28:25","guid":{"rendered":"https:\/\/baldumarket.lt\/product\/tadeusz-18-lustro-wiszace-dab-stuletni\/"},"modified":"2026-04-12T16:19:12","modified_gmt":"2026-04-12T13:19:12","slug":"tadeusz-18-lustro-wiszace-dab-stuletni","status":"publish","type":"product","link":"https:\/\/baldumarket.lt\/lt\/product\/tadeusz-18-lustro-wiszace-dab-stuletni\/","title":{"rendered":"TADEUSZ-18 &#8211; Pakabinamas veidrodis, \u0160imtametis \u0105\u017euolas"},"content":{"rendered":"<p>Atraskite elegancijos pasaul\u012f su \u201eJarstol\u201c pakabinamu veidrod\u017eiu \u201eTadeusz-18\u201c, kuris puikiai der\u0117s prie \u012fvairi\u0173 interjero dizain\u0173. Pagamintas i\u0161 auk\u0161tos kokyb\u0117s laminuotos plok\u0161t\u0117s su \u0161imtame\u010dio \u0105\u017euolo imitacija, veidrodis spinduliuoja nat\u016bral\u0173 gro\u017e\u012f ir praturtina erdv\u0119. Minimalistinis dizainas puikiai tinka vonios kambariui, prie\u0161kambariui ar jaukiam tualetiniam staliukui, kur gal\u0117site gro\u017e\u0117tis savo kasdieniais \u012fvaizd\u017eiais. Nuostabus 100 cm plo\u010dio ir 70 cm auk\u0161\u010dio \u201eTadeusz-18\u201c veidrodis yra ne tik eleganti\u0161kas, bet ir ne\u012ftik\u0117tinai funkcionalus. Galimyb\u0117 j\u012f montuoti vertikaliai arba horizontaliai, tod\u0117l galite lengvai pritaikyti j\u012f prie turimos erdv\u0117s, tod\u0117l jis tampa universaliu dizaino elementu. Pasirink\u0119 \u201eTadeusz-18\u201c veidrod\u012f, gausite ne tik estetin\u012f papildym\u0105, bet ir prakti\u0161k\u0105 sprendim\u0105, kuris suteiks j\u016bs\u0173 namams daugiau \u0161viesos ir erdv\u0117s. Lengva konstrukcija leid\u017eia lengvai jud\u0117ti, o subtili \u0105\u017euolo apdaila suteikia klas\u0117s ir modernumo.<\/p>","protected":false},"excerpt":{"rendered":"<p>Plotis (cm): 100<br \/>\n\u016agis (cm): 70<br \/>\nGylis (cm): 3,2<\/p>","protected":false},"featured_media":165570,"comment_status":"open","ping_status":"open","template":"","meta":[],"product_brand":[],"product_cat":[9515,4108,1108],"product_tag":[],"class_list":{"0":"post-165569","1":"product","2":"type-product","3":"status-publish","4":"has-post-thumbnail","6":"product_cat-furniture-system-tadeusz-jarstol-meble","7":"product_cat-jarstol","8":"product_cat-mirrors","10":"first","11":"instock","12":"purchasable","13":"product-type-simple"},"_links":{"self":[{"href":"https:\/\/baldumarket.lt\/lt\/wp-json\/wp\/v2\/product\/165569","targetHints":{"allow":["GET"]}}],"collection":[{"href":"https:\/\/baldumarket.lt\/lt\/wp-json\/wp\/v2\/product"}],"about":[{"href":"https:\/\/baldumarket.lt\/lt\/wp-json\/wp\/v2\/types\/product"}],"replies":[{"embeddable":true,"href":"https:\/\/baldumarket.lt\/lt\/wp-json\/wp\/v2\/comments?post=165569"}],"wp:featuredmedia":[{"embeddable":true,"href":"https:\/\/baldumarket.lt\/lt\/wp-json\/wp\/v2\/media\/165570"}],"wp:attachment":[{"href":"https:\/\/baldumarket.lt\/lt\/wp-json\/wp\/v2\/media?parent=165569"}],"wp:term":[{"taxonomy":"product_brand","embeddable":true,"href":"https:\/\/baldumarket.lt\/lt\/wp-json\/wp\/v2\/product_brand?post=165569"},{"taxonomy":"product_cat","embeddable":true,"href":"https:\/\/baldumarket.lt\/lt\/wp-json\/wp\/v2\/product_cat?post=165569"},{"taxonomy":"product_tag","embeddable":true,"href":"https:\/\/baldumarket.lt\/lt\/wp-json\/wp\/v2\/product_tag?post=165569"}],"curies":[{"name":"wp","href":"https:\/\/api.w.org\/{rel}","templated":true}]}}