{"id":165562,"date":"2025-12-19T15:28:10","date_gmt":"2025-12-19T12:28:10","guid":{"rendered":"https:\/\/baldumarket.lt\/product\/tadeusz-19-biurko-1d1s-dab-lefkas\/"},"modified":"2026-04-12T16:19:12","modified_gmt":"2026-04-12T13:19:12","slug":"tadeusz-19-biurko-1d1s-dab-lefkas","status":"publish","type":"product","link":"https:\/\/baldumarket.lt\/lt\/product\/tadeusz-19-biurko-1d1s-dab-lefkas\/","title":{"rendered":"TADEUSZ-19 &#8211; Ra\u0161omasis stalas 1D1S Lefkas \u0105\u017euolas"},"content":{"rendered":"<p>\u201eTADEUSZ-19\u201c ra\u0161omasis stalas \u2013 tai unikalus baldas, kuriame dera nesenstanti estetika ir prakti\u0161kumas. \u0160iltas Lefko \u0105\u017euolo atspalvis suteikia jauki\u0105 atmosfer\u0105 bet kokiam interjerui, pabr\u0117\u017edamas nat\u016bral\u0173 med\u017eio \u017eaves\u012f ir elegancij\u0105. Tai pasi\u016blymas tiems, kurie vertina harmonij\u0105, stili\u0173 ir komfort\u0105 viename. Pagamintas i\u0161 auk\u0161tos kokyb\u0117s laminuotos plok\u0161t\u0117s, stalas yra atsparus kasdieniam naudojimui, daugel\u012f met\u0173 i\u0161laikant nepriekai\u0161ting\u0105 i\u0161vaizd\u0105. Metaliniai vyriai ir kreipian\u010diosios u\u017etikrina patikimum\u0105 ir skland\u0173 veikim\u0105, o auksin\u0117s rankenos suteikia rafinuoto charakterio ir subtilaus blizgesio. Funkcinis i\u0161planavimas su erdviu stal\u010diumi ir u\u017erakinamu daiktad\u0117\u017ee palengvina darbo vietos organizavim\u0105, leid\u017eia patogiai laikyti dokumentus ir biuro reikmenis. Kiekviena detal\u0117 kruop\u0161\u010diai apgalvota, kad b\u016bt\u0173 suderintas elegancija ir kasdienio naudojimo patogumas.<\/p>","protected":false},"excerpt":{"rendered":"<p>Plotis (cm): 118<br \/>\n\u016agis (cm): 78,5<br \/>\nGylis (cm): 3,2<\/p>","protected":false},"featured_media":165563,"comment_status":"open","ping_status":"open","template":"","meta":[],"product_brand":[],"product_cat":[9515,1312,4108],"product_tag":[],"class_list":{"0":"post-165562","1":"product","2":"type-product","3":"status-publish","4":"has-post-thumbnail","6":"product_cat-furniture-system-tadeusz-jarstol-meble","7":"product_cat-desks","8":"product_cat-jarstol","10":"first","11":"instock","12":"purchasable","13":"product-type-simple"},"_links":{"self":[{"href":"https:\/\/baldumarket.lt\/lt\/wp-json\/wp\/v2\/product\/165562","targetHints":{"allow":["GET"]}}],"collection":[{"href":"https:\/\/baldumarket.lt\/lt\/wp-json\/wp\/v2\/product"}],"about":[{"href":"https:\/\/baldumarket.lt\/lt\/wp-json\/wp\/v2\/types\/product"}],"replies":[{"embeddable":true,"href":"https:\/\/baldumarket.lt\/lt\/wp-json\/wp\/v2\/comments?post=165562"}],"wp:featuredmedia":[{"embeddable":true,"href":"https:\/\/baldumarket.lt\/lt\/wp-json\/wp\/v2\/media\/165563"}],"wp:attachment":[{"href":"https:\/\/baldumarket.lt\/lt\/wp-json\/wp\/v2\/media?parent=165562"}],"wp:term":[{"taxonomy":"product_brand","embeddable":true,"href":"https:\/\/baldumarket.lt\/lt\/wp-json\/wp\/v2\/product_brand?post=165562"},{"taxonomy":"product_cat","embeddable":true,"href":"https:\/\/baldumarket.lt\/lt\/wp-json\/wp\/v2\/product_cat?post=165562"},{"taxonomy":"product_tag","embeddable":true,"href":"https:\/\/baldumarket.lt\/lt\/wp-json\/wp\/v2\/product_tag?post=165562"}],"curies":[{"name":"wp","href":"https:\/\/api.w.org\/{rel}","templated":true}]}}