{"id":165555,"date":"2025-12-19T15:27:51","date_gmt":"2025-12-19T12:27:51","guid":{"rendered":"https:\/\/baldumarket.lt\/product\/tadeusz-19-biurko-1d1s-dab-stuletni\/"},"modified":"2026-04-12T16:19:03","modified_gmt":"2026-04-12T13:19:03","slug":"tadeusz-19-biurko-1d1s-dab-stuletni","status":"publish","type":"product","link":"https:\/\/baldumarket.lt\/lt\/product\/tadeusz-19-biurko-1d1s-dab-stuletni\/","title":{"rendered":"TADEUSZ-19 &#8211; Ra\u0161omasis stalas 1D1S \u0160imtme\u010dio \u0105\u017euolas"},"content":{"rendered":"<p>TADEUSZ-19 ra\u0161omasis stalas \u2013 tobulas tradicij\u0173 ir modernaus komforto derinys. \u0160iltu \u0161imtame\u010dio \u0105\u017euolo atspalviu dekoruotas stalas bet kokiam interjerui suteikia harmonijos, ramyb\u0117s ir elegancijos. Rafinuoto dizaino d\u0117ka jis puikiai tinka tiek klasikiniam, tiek moderniam darbo kambario ar nam\u0173 biuro dizainui. Pagamintas i\u0161 auk\u0161tos kokyb\u0117s laminuotos plok\u0161t\u0117s, \u0161is baldas yra patvarus ir atsparus kasdieniam d\u0117v\u0117jimuisi. Metaliniai vyriai ir kreipian\u010diosios u\u017etikrina skland\u0173 stal\u010di\u0173 atidarym\u0105 ir u\u017edarym\u0105, o stilingos auksin\u0117s ranken\u0117l\u0117s suteikia jam unikalaus \u017eavesio ir pabr\u0117\u017eia eleganti\u0161k\u0105 charakter\u012f. Gerai apgalvotas stalo i\u0161d\u0117stymas su erdviu stal\u010diumi ir u\u017erakinamu daiktad\u0117\u017ee leid\u017eia patogiai laikyti visus b\u016btiniausius aksesuarus ir tvark\u0105. Tai ne tik funkcionalus baldas, bet ir stiliaus bei d\u0117mesio detal\u0117ms i\u0161rai\u0161ka, suteikianti erdvei nesenstan\u010dios klas\u0117s poj\u016bt\u012f.<\/p>","protected":false},"excerpt":{"rendered":"<p>Plotis (cm): 118<br \/>\n\u016agis (cm): 78,5<br \/>\nGylis (cm): 59,5<\/p>","protected":false},"featured_media":165556,"comment_status":"open","ping_status":"open","template":"","meta":[],"product_brand":[],"product_cat":[9515,1312,4108],"product_tag":[],"class_list":{"0":"post-165555","1":"product","2":"type-product","3":"status-publish","4":"has-post-thumbnail","6":"product_cat-furniture-system-tadeusz-jarstol-meble","7":"product_cat-desks","8":"product_cat-jarstol","10":"first","11":"instock","12":"purchasable","13":"product-type-simple"},"_links":{"self":[{"href":"https:\/\/baldumarket.lt\/lt\/wp-json\/wp\/v2\/product\/165555","targetHints":{"allow":["GET"]}}],"collection":[{"href":"https:\/\/baldumarket.lt\/lt\/wp-json\/wp\/v2\/product"}],"about":[{"href":"https:\/\/baldumarket.lt\/lt\/wp-json\/wp\/v2\/types\/product"}],"replies":[{"embeddable":true,"href":"https:\/\/baldumarket.lt\/lt\/wp-json\/wp\/v2\/comments?post=165555"}],"wp:featuredmedia":[{"embeddable":true,"href":"https:\/\/baldumarket.lt\/lt\/wp-json\/wp\/v2\/media\/165556"}],"wp:attachment":[{"href":"https:\/\/baldumarket.lt\/lt\/wp-json\/wp\/v2\/media?parent=165555"}],"wp:term":[{"taxonomy":"product_brand","embeddable":true,"href":"https:\/\/baldumarket.lt\/lt\/wp-json\/wp\/v2\/product_brand?post=165555"},{"taxonomy":"product_cat","embeddable":true,"href":"https:\/\/baldumarket.lt\/lt\/wp-json\/wp\/v2\/product_cat?post=165555"},{"taxonomy":"product_tag","embeddable":true,"href":"https:\/\/baldumarket.lt\/lt\/wp-json\/wp\/v2\/product_tag?post=165555"}],"curies":[{"name":"wp","href":"https:\/\/api.w.org\/{rel}","templated":true}]}}