{"id":165549,"date":"2025-12-19T15:27:38","date_gmt":"2025-12-19T12:27:38","guid":{"rendered":"https:\/\/baldumarket.lt\/product\/tadeusz-20-lozko-160x200-cm-dab-lefkas\/"},"modified":"2026-04-12T16:19:03","modified_gmt":"2026-04-12T13:19:03","slug":"tadeusz-20-lozko-160x200-cm-dab-lefkas","status":"publish","type":"product","link":"https:\/\/baldumarket.lt\/lt\/product\/tadeusz-20-lozko-160x200-cm-dab-lefkas\/","title":{"rendered":"TADEUSZ-20 &#8211; Lova 160&#215;200 cm Lefkas \u0105\u017euolas"},"content":{"rendered":"<p>Atraskite \u201eTadeusz-20\u201c lovos \u017eaves\u012f, kuri \u017eavi savo elegancija ir moderniu stiliumi. Pagaminta i\u0161 auk\u0161tos kokyb\u0117s laminuotos plok\u0161t\u0117s Lefkas \u0105\u017euolo atspalvio, \u0161i 160\u00d7200 cm lova taps j\u016bs\u0173 miegamojo traukos centru. \u0160ilta spalva ir nat\u016brali i\u0161vaizda sukurs jauki\u0105 atmosfer\u0105, tod\u0117l kiekvienos nakties miegas bus tikras malonumas. M\u0117gausit\u0117s \u0161io modelio funkcionalumu kiekvien\u0105 dien\u0105. D\u0117l tvirtos konstrukcijos lova suteikia ne tik komfort\u0105, bet ir ilgaam\u017ei\u0161kum\u0105, kuris tarnaus ilgus metus. Naudotos med\u017eiagos garantuoja atsparum\u0105 pa\u017eeidimams, tod\u0117l galite b\u016bti tikri, kad ji jums tarnaus ilg\u0105 laik\u0105. Patogus galv\u016bgalis apsaugo nuo galim\u0173 sm\u016bgi\u0173 \u012f sien\u0105, o papildomos dekoratyvin\u0117s juostel\u0117s pabr\u0117\u017eia jos unikal\u0173 charakter\u012f. \u201eTadeusz-20\u201c lova ne tik atitinka funkcinius reikalavimus, bet ir suteikia estetinio eleganti\u0161kumo j\u016bs\u0173 erdvei. Ji puikiai dera su \u012fvairiais interjero stiliais \u2013 nuo \u200b\u200bskandinavi\u0161ko iki modernaus minimalizmo. D\u0117l lengvo surinkimo galite greitai susitvarkyti miegam\u0105j\u012f taip, kaip norite, tod\u0117l tai idealus sprendimas visiems, vertinantiems komfort\u0105 ir stili\u0173.<\/p>","protected":false},"excerpt":{"rendered":"<p>Plotis (cm): 170<br \/>\n\u016agis (cm): 80<br \/>\nGylis (cm): 59,5<\/p>","protected":false},"featured_media":165550,"comment_status":"open","ping_status":"open","template":"","meta":[],"product_brand":[],"product_cat":[9515,505,1971,4108],"product_tag":[],"class_list":{"0":"post-165549","1":"product","2":"type-product","3":"status-publish","4":"has-post-thumbnail","6":"product_cat-furniture-system-tadeusz-jarstol-meble","7":"product_cat-bedroom-beds","8":"product_cat-beds-160x200","9":"product_cat-jarstol","11":"first","12":"instock","13":"purchasable","14":"product-type-simple"},"_links":{"self":[{"href":"https:\/\/baldumarket.lt\/lt\/wp-json\/wp\/v2\/product\/165549","targetHints":{"allow":["GET"]}}],"collection":[{"href":"https:\/\/baldumarket.lt\/lt\/wp-json\/wp\/v2\/product"}],"about":[{"href":"https:\/\/baldumarket.lt\/lt\/wp-json\/wp\/v2\/types\/product"}],"replies":[{"embeddable":true,"href":"https:\/\/baldumarket.lt\/lt\/wp-json\/wp\/v2\/comments?post=165549"}],"wp:featuredmedia":[{"embeddable":true,"href":"https:\/\/baldumarket.lt\/lt\/wp-json\/wp\/v2\/media\/165550"}],"wp:attachment":[{"href":"https:\/\/baldumarket.lt\/lt\/wp-json\/wp\/v2\/media?parent=165549"}],"wp:term":[{"taxonomy":"product_brand","embeddable":true,"href":"https:\/\/baldumarket.lt\/lt\/wp-json\/wp\/v2\/product_brand?post=165549"},{"taxonomy":"product_cat","embeddable":true,"href":"https:\/\/baldumarket.lt\/lt\/wp-json\/wp\/v2\/product_cat?post=165549"},{"taxonomy":"product_tag","embeddable":true,"href":"https:\/\/baldumarket.lt\/lt\/wp-json\/wp\/v2\/product_tag?post=165549"}],"curies":[{"name":"wp","href":"https:\/\/api.w.org\/{rel}","templated":true}]}}