{"id":165543,"date":"2025-12-19T15:27:26","date_gmt":"2025-12-19T12:27:26","guid":{"rendered":"https:\/\/baldumarket.lt\/product\/tadeusz-20-lozko-160x200-cm-dab-stuletni\/"},"modified":"2026-04-12T16:19:03","modified_gmt":"2026-04-12T13:19:03","slug":"tadeusz-20-lozko-160x200-cm-dab-stuletni","status":"publish","type":"product","link":"https:\/\/baldumarket.lt\/lt\/product\/tadeusz-20-lozko-160x200-cm-dab-stuletni\/","title":{"rendered":"TADEUSZ-20 &#8211; Lova 160&#215;200 cm, \u0161imtametis \u0105\u017euolas"},"content":{"rendered":"<p>Suteikite savo miegamajam elegancijos ir stiliaus su TADEUSZ-20 lova, kuri \u017eavi nat\u016bralia i\u0161vaizda ir tvirta konstrukcija. Pagaminta i\u0161 auk\u0161tos kokyb\u0117s laminuotos plok\u0161t\u0117s, \u0161i lova pasi\u017eymi gra\u017eia, \u0161imtame\u010dio \u0105\u017euolo apdaila, suteikian\u010dia j\u016bs\u0173 interjerui \u0161ilt\u0105 ir jauk\u0173 poj\u016bt\u012f. Unikalus dizainas pavers j\u0105 j\u016bs\u0173 poilsio erdv\u0117s traukos centru. \u0160i 160 \u00d7 200 cm lova yra puikus sprendimas tiems, kurie vertina funkcionalum\u0105 ir komfort\u0105. D\u0117l gerai apgalvoto dizaino kiekviena naktis \u0161ioje lovoje bus atpalaiduojanti patirtis, o tvirtas r\u0117mas u\u017etikrina stabil\u0173 ir saug\u0173 naudojim\u0105 ilgus metus. Papildomas privalumas \u2013 auk\u0161tas galv\u016bgalis, kuris ne tik pagerina estetin\u012f patrauklum\u0105, bet ir suteikia patogi\u0105 nugaros atram\u0105 vakare skaitant ar atsipalaiduojant prie\u0161 mieg\u0105. Dekoratyvin\u0117s lentjuost\u0117s lovos vir\u0161uje suteikia charakterio ir subtiliai pagerina miegamojo dizain\u0105. Nesvarbu, ar jums labiau patinka modernus, ar tradici\u0161kesnis stilius, TADEUSZ-20 puikiai der\u0117s prie bet kokio interjero. Eleganti\u0161ka forma ir nesenstanti spalva paver\u010dia j\u0105 investicija, kuri niekada nei\u0161eis i\u0161 mados.<\/p>","protected":false},"excerpt":{"rendered":"<p>Plotis (cm): 170<br \/>\n\u016agis (cm): 80<br \/>\nGylis (cm): 205<\/p>","protected":false},"featured_media":165544,"comment_status":"open","ping_status":"open","template":"","meta":[],"product_brand":[],"product_cat":[9515,505,1971,4108],"product_tag":[],"class_list":{"0":"post-165543","1":"product","2":"type-product","3":"status-publish","4":"has-post-thumbnail","6":"product_cat-furniture-system-tadeusz-jarstol-meble","7":"product_cat-bedroom-beds","8":"product_cat-beds-160x200","9":"product_cat-jarstol","11":"first","12":"instock","13":"purchasable","14":"product-type-simple"},"_links":{"self":[{"href":"https:\/\/baldumarket.lt\/lt\/wp-json\/wp\/v2\/product\/165543","targetHints":{"allow":["GET"]}}],"collection":[{"href":"https:\/\/baldumarket.lt\/lt\/wp-json\/wp\/v2\/product"}],"about":[{"href":"https:\/\/baldumarket.lt\/lt\/wp-json\/wp\/v2\/types\/product"}],"replies":[{"embeddable":true,"href":"https:\/\/baldumarket.lt\/lt\/wp-json\/wp\/v2\/comments?post=165543"}],"wp:featuredmedia":[{"embeddable":true,"href":"https:\/\/baldumarket.lt\/lt\/wp-json\/wp\/v2\/media\/165544"}],"wp:attachment":[{"href":"https:\/\/baldumarket.lt\/lt\/wp-json\/wp\/v2\/media?parent=165543"}],"wp:term":[{"taxonomy":"product_brand","embeddable":true,"href":"https:\/\/baldumarket.lt\/lt\/wp-json\/wp\/v2\/product_brand?post=165543"},{"taxonomy":"product_cat","embeddable":true,"href":"https:\/\/baldumarket.lt\/lt\/wp-json\/wp\/v2\/product_cat?post=165543"},{"taxonomy":"product_tag","embeddable":true,"href":"https:\/\/baldumarket.lt\/lt\/wp-json\/wp\/v2\/product_tag?post=165543"}],"curies":[{"name":"wp","href":"https:\/\/api.w.org\/{rel}","templated":true}]}}