{"id":165537,"date":"2025-12-19T15:27:13","date_gmt":"2025-12-19T12:27:13","guid":{"rendered":"https:\/\/baldumarket.lt\/product\/tadeusz-21-lozko-90x200-cm-dab-lefkas\/"},"modified":"2026-04-12T16:19:03","modified_gmt":"2026-04-12T13:19:03","slug":"tadeusz-21-lozko-90x200-cm-dab-lefkas","status":"publish","type":"product","link":"https:\/\/baldumarket.lt\/lt\/product\/tadeusz-21-lozko-90x200-cm-dab-lefkas\/","title":{"rendered":"TADEUSZ-21 &#8211; Lova 90&#215;200 cm Lefkas \u0105\u017euolas"},"content":{"rendered":"<p>Lova \u201eTadeusz-21\u201c \u2013 puikus pasirinkimas visiems, norintiems sukurti unikal\u0173 ir stiling\u0105 interjer\u0105. Pagaminta i\u0161 eleganti\u0161ko Lefko \u0105\u017euolo atspalvio laminuotos plok\u0161t\u0117s, ji suteiks j\u016bs\u0173 kambariui moderni\u0105 ir harmoning\u0105 atmosfer\u0105. Minimalistin\u0117s linijos ir subtili apdaila puikiai papildys \u012fvairius interjerus \u2013 nuo klasikinio iki modernaus. Kiekviena detal\u0117 kruop\u0161\u010diai apgalvota, kad patenkint\u0173 net ir reikliausi\u0173 vartotoj\u0173 poreikius. Lovos matmenys \u2013 90 \u00d7 200 cm \u2013 suteikia patogi\u0105 miegojimo erdv\u0119, idealiai tinkan\u010di\u0105 tiek jaunimui, tiek sve\u010diams. J\u0105 galima pastatyti bet kuriame kambaryje \u2013 miegamajame, jaunimo kambaryje ar sve\u010di\u0173 erdv\u0117je, kur ji neabejotinai bus puiki vieta atsipalaiduoti. 100 cm plotis ir 205 cm gylis leid\u017eia patogiai naudotis lova ir puikiai tinka ma\u017eesn\u0117ms erdv\u0117ms. Lova \u201eTadeusz-21\u201c yra ne tik esteti\u0161kai patraukli, bet ir funkcionali. Komplekte yra r\u0117mas, tod\u0117l surinkimas yra daug lengvesnis ir u\u017etikrinamas stabilumas. Dar vienas \u0161io gaminio privalumas \u2013 galimyb\u0117 j\u012f surinkti savaranki\u0161kai \u2013 jis suteikia lankstumo ir leid\u017eia lengvai pritaikyti j\u012f prie savo poreiki\u0173. \u010ciu\u017einys \u012f komplekt\u0105 ne\u012feina, tod\u0117l galite pasirinkti optimal\u0173 sprendim\u0105, geriausiai atitinkant\u012f j\u016bs\u0173 miego komforto poreikius.<\/p>","protected":false},"excerpt":{"rendered":"<p>Plotis (cm): 100<br \/>\n\u016agis (cm): 80<br \/>\nGylis (cm): 205<\/p>","protected":false},"featured_media":165538,"comment_status":"open","ping_status":"open","template":"","meta":[],"product_brand":[],"product_cat":[9515,505,4108],"product_tag":[],"class_list":{"0":"post-165537","1":"product","2":"type-product","3":"status-publish","4":"has-post-thumbnail","6":"product_cat-furniture-system-tadeusz-jarstol-meble","7":"product_cat-bedroom-beds","8":"product_cat-jarstol","10":"first","11":"instock","12":"purchasable","13":"product-type-simple"},"_links":{"self":[{"href":"https:\/\/baldumarket.lt\/lt\/wp-json\/wp\/v2\/product\/165537","targetHints":{"allow":["GET"]}}],"collection":[{"href":"https:\/\/baldumarket.lt\/lt\/wp-json\/wp\/v2\/product"}],"about":[{"href":"https:\/\/baldumarket.lt\/lt\/wp-json\/wp\/v2\/types\/product"}],"replies":[{"embeddable":true,"href":"https:\/\/baldumarket.lt\/lt\/wp-json\/wp\/v2\/comments?post=165537"}],"wp:featuredmedia":[{"embeddable":true,"href":"https:\/\/baldumarket.lt\/lt\/wp-json\/wp\/v2\/media\/165538"}],"wp:attachment":[{"href":"https:\/\/baldumarket.lt\/lt\/wp-json\/wp\/v2\/media?parent=165537"}],"wp:term":[{"taxonomy":"product_brand","embeddable":true,"href":"https:\/\/baldumarket.lt\/lt\/wp-json\/wp\/v2\/product_brand?post=165537"},{"taxonomy":"product_cat","embeddable":true,"href":"https:\/\/baldumarket.lt\/lt\/wp-json\/wp\/v2\/product_cat?post=165537"},{"taxonomy":"product_tag","embeddable":true,"href":"https:\/\/baldumarket.lt\/lt\/wp-json\/wp\/v2\/product_tag?post=165537"}],"curies":[{"name":"wp","href":"https:\/\/api.w.org\/{rel}","templated":true}]}}