{"id":165523,"date":"2025-12-19T15:26:42","date_gmt":"2025-12-19T12:26:42","guid":{"rendered":"https:\/\/baldumarket.lt\/product\/tadeusz-22-komoda-1d4s-dab-stuletni\/"},"modified":"2026-04-12T16:19:03","modified_gmt":"2026-04-12T13:19:03","slug":"tadeusz-22-komoda-1d4s-dab-stuletni","status":"publish","type":"product","link":"https:\/\/baldumarket.lt\/lt\/product\/tadeusz-22-komoda-1d4s-dab-stuletni\/","title":{"rendered":"TADEUSZ-22 \u2013 Komoda 1D4S \u0160imtame\u010dio \u0105\u017euolo spalvos"},"content":{"rendered":"<p>Atraskite \u201eTadeusz-22\u201c komod\u0105, kurioje dera ne tik elegancija, bet ir funkcionalumas. Pagaminta i\u0161 \u0161imtame\u010dio \u0105\u017euolo, \u0161i moderni komoda tikrai pritrauks kiekvieno, vertinan\u010dio i\u0161skirtin\u012f stili\u0173 ir estetik\u0105, d\u0117mes\u012f. Jos universali apdaila puikiai papildys \u012fvairius interjero dizainus \u2013 nuo klasikinio iki modernaus, suteikdama bet kuriai erdvei unikal\u0173 charakter\u012f. 100 cm plo\u010dio, 90 cm auk\u0161\u010dio ir 44 cm gylio \u0161i komoda yra puikus sprendimas svetainei, miegamajam ar prie\u0161kambariui. Joje tilps visi reikalingi daiktai d\u0117l keturi\u0173 erdvi\u0173 stal\u010di\u0173 ir erdvios spintel\u0117s su viena lentyna. D\u0117l gerai apgalvoto dizaino \u0161i komoda ne tik atrodo esteti\u0161kai, bet ir turi daug vietos daiktams susid\u0117ti, o tai labai svarbu kasdieniam naudojimui. Verta atkreipti d\u0117mes\u012f \u012f kruop\u0161\u010diai apdirbtas aukso spalvos metalines rankenas, kurios suteikia elegancijos ir modernumo. \u0160ios detal\u0117s i\u0161skiria \u201eTadeusz-22\u201c komod\u0105 i\u0161 kit\u0173 rinkoje esan\u010di\u0173 bald\u0173. Nat\u016brali\u0173 medienos atspalvi\u0173 ir metalini\u0173 akcent\u0173 derinys suteikia jai gaiv\u0173 vaizd\u0105, kartu garantuodamas ilgaam\u017ei\u0161kum\u0105 ir patvarum\u0105.<\/p>","protected":false},"excerpt":{"rendered":"<p>Plotis (cm): 100<br \/>\n\u016agis (cm): 90<br \/>\nGylis (cm): 205<\/p>","protected":false},"featured_media":165524,"comment_status":"open","ping_status":"open","template":"","meta":[],"product_brand":[],"product_cat":[9515,1173,4108],"product_tag":[],"class_list":{"0":"post-165523","1":"product","2":"type-product","3":"status-publish","4":"has-post-thumbnail","6":"product_cat-furniture-system-tadeusz-jarstol-meble","7":"product_cat-chests-of-drawers","8":"product_cat-jarstol","10":"first","11":"instock","12":"purchasable","13":"product-type-simple"},"_links":{"self":[{"href":"https:\/\/baldumarket.lt\/lt\/wp-json\/wp\/v2\/product\/165523","targetHints":{"allow":["GET"]}}],"collection":[{"href":"https:\/\/baldumarket.lt\/lt\/wp-json\/wp\/v2\/product"}],"about":[{"href":"https:\/\/baldumarket.lt\/lt\/wp-json\/wp\/v2\/types\/product"}],"replies":[{"embeddable":true,"href":"https:\/\/baldumarket.lt\/lt\/wp-json\/wp\/v2\/comments?post=165523"}],"wp:featuredmedia":[{"embeddable":true,"href":"https:\/\/baldumarket.lt\/lt\/wp-json\/wp\/v2\/media\/165524"}],"wp:attachment":[{"href":"https:\/\/baldumarket.lt\/lt\/wp-json\/wp\/v2\/media?parent=165523"}],"wp:term":[{"taxonomy":"product_brand","embeddable":true,"href":"https:\/\/baldumarket.lt\/lt\/wp-json\/wp\/v2\/product_brand?post=165523"},{"taxonomy":"product_cat","embeddable":true,"href":"https:\/\/baldumarket.lt\/lt\/wp-json\/wp\/v2\/product_cat?post=165523"},{"taxonomy":"product_tag","embeddable":true,"href":"https:\/\/baldumarket.lt\/lt\/wp-json\/wp\/v2\/product_tag?post=165523"}],"curies":[{"name":"wp","href":"https:\/\/api.w.org\/{rel}","templated":true}]}}