{"id":165518,"date":"2025-12-19T15:26:32","date_gmt":"2025-12-19T12:26:32","guid":{"rendered":"https:\/\/baldumarket.lt\/product\/tadeusz-23-stolik-kawowy-dab-lefkas\/"},"modified":"2026-04-12T16:19:03","modified_gmt":"2026-04-12T13:19:03","slug":"tadeusz-23-stolik-kawowy-dab-lefkas","status":"publish","type":"product","link":"https:\/\/baldumarket.lt\/lt\/product\/tadeusz-23-stolik-kawowy-dab-lefkas\/","title":{"rendered":"TADEUSZ-23 \u2013 Lefkas \u0105\u017euolinis kavos staliukas"},"content":{"rendered":"<p>TADEUSZ-23 kavos staliukas \u2013 puikus pasirinkimas klasikinio stiliaus su nat\u016bralios elegancijos prieskoniu m\u0117g\u0117jams. \u0160iltu Lefkos \u0105\u017euolo atspalviu dekoruotas staliukas \u017eavi savo i\u0161skirtine medienos tekst\u016bra ir strukt\u016bra, suteikdamas jaukumo ir harmoningumo bet kokiam interjerui. D\u0117l universalaus dizaino jis puikiai tinka tiek tradiciniam, tiek moderniam svetain\u0117s dizainui. Pagamintas i\u0161 patvarios laminuotos plok\u0161t\u0117s, staliukas yra atsparus kasdieniam naudojimui ir lengvai valomas. Stabili konstrukcija ir kruop\u0161ti apdaila pabr\u0117\u017eia auk\u0161t\u0105 meistri\u0161kumo kokyb\u0119, tod\u0117l tai baldas, kuris tarnaus ilgus metus. TADEUSZ-23 yra ne tik prakti\u0161kas kavos staliukas, bet ir stilingas akcentas, suteiksiantis bet kokiam interjerui unikalaus charakterio. Jis puikiai papildo kitus TADEUSZ kolekcijos elementus, sukurdamas darni\u0105 ir eleganti\u0161k\u0105 visum\u0105. \u0160is baldas derina funkcionalum\u0105 su estetika, suteikdamas bet kuriai gyvenamajai erdvei \u0161ilumos, harmonijos ir nesenstan\u010dio \u017eavesio.<\/p>","protected":false},"excerpt":{"rendered":"<p>Plotis (cm): 90<br \/>\n\u016agis (cm): 59,5<br \/>\nGylis (cm): 44<\/p>","protected":false},"featured_media":165519,"comment_status":"open","ping_status":"open","template":"","meta":[],"product_brand":[],"product_cat":[9515,866,4108],"product_tag":[],"class_list":{"0":"post-165518","1":"product","2":"type-product","3":"status-publish","4":"has-post-thumbnail","6":"product_cat-furniture-system-tadeusz-jarstol-meble","7":"product_cat-coffee-tables","8":"product_cat-jarstol","10":"first","11":"instock","12":"purchasable","13":"product-type-simple"},"_links":{"self":[{"href":"https:\/\/baldumarket.lt\/lt\/wp-json\/wp\/v2\/product\/165518","targetHints":{"allow":["GET"]}}],"collection":[{"href":"https:\/\/baldumarket.lt\/lt\/wp-json\/wp\/v2\/product"}],"about":[{"href":"https:\/\/baldumarket.lt\/lt\/wp-json\/wp\/v2\/types\/product"}],"replies":[{"embeddable":true,"href":"https:\/\/baldumarket.lt\/lt\/wp-json\/wp\/v2\/comments?post=165518"}],"wp:featuredmedia":[{"embeddable":true,"href":"https:\/\/baldumarket.lt\/lt\/wp-json\/wp\/v2\/media\/165519"}],"wp:attachment":[{"href":"https:\/\/baldumarket.lt\/lt\/wp-json\/wp\/v2\/media?parent=165518"}],"wp:term":[{"taxonomy":"product_brand","embeddable":true,"href":"https:\/\/baldumarket.lt\/lt\/wp-json\/wp\/v2\/product_brand?post=165518"},{"taxonomy":"product_cat","embeddable":true,"href":"https:\/\/baldumarket.lt\/lt\/wp-json\/wp\/v2\/product_cat?post=165518"},{"taxonomy":"product_tag","embeddable":true,"href":"https:\/\/baldumarket.lt\/lt\/wp-json\/wp\/v2\/product_tag?post=165518"}],"curies":[{"name":"wp","href":"https:\/\/api.w.org\/{rel}","templated":true}]}}