{"id":165513,"date":"2025-12-19T15:26:21","date_gmt":"2025-12-19T12:26:21","guid":{"rendered":"https:\/\/baldumarket.lt\/product\/tadeusz-23-stolik-kawowy-dab-stuletni\/"},"modified":"2026-04-12T16:19:03","modified_gmt":"2026-04-12T13:19:03","slug":"tadeusz-23-stolik-kawowy-dab-stuletni","status":"publish","type":"product","link":"https:\/\/baldumarket.lt\/lt\/product\/tadeusz-23-stolik-kawowy-dab-stuletni\/","title":{"rendered":"TADEUSZ-23 \u2013 \u0160imtme\u010dio \u0105\u017euolo kavos staliukas"},"content":{"rendered":"<p>TADEUSZ-23 kavos staliukas \u2013 stiliaus ir nesenstan\u010dio \u017eavesio kvintesencija. Pagamintas i\u0161 \u0161imtame\u010dio \u0105\u017euolo medienos, jis \u017eavi nat\u016braliu ra\u0161tu, suteikian\u010diu interjerui \u0161ilumos ir elegancijos. Jis puikiai tinka svetainei kaip poilsio zonos traukos centras, derinantis prakti\u0161kum\u0105 su i\u0161skirtiniu dizainu. Stalvir\u0161is ir kojos, pagamintos i\u0161 auk\u0161tos kokyb\u0117s laminuotos plok\u0161t\u0117s, garantuoja ilgaam\u017ei\u0161kum\u0105 ir atsparum\u0105 kasdieniam naudojimui. Stalas pasi\u017eymi tvirta konstrukcija ir precizi\u0161ka apdaila, pabr\u0117\u017eian\u010dia jo klasikin\u012f charakter\u012f. Harmoninga forma puikiai dera su kitais TADEUSZ kolekcijos baldais, sukurdama darn\u0173 ir eleganti\u0161k\u0105 interjero dizain\u0105. \u0160is baldas ne tik d\u017eiugina savo i\u0161vaizda, bet ir suteikia komforto kasdieniam naudojimui. Puikiai tinkantis rytinei kavai, susitikimams su artimaisiais ar atsipalaidavimo akimirkoms su m\u0117gstama knyga, TADEUSZ-23 yra stilingas akcentas, kuris \u012f j\u016bs\u0173 namus atne\u0161 ramyb\u0117s ir klasikin\u0117s elegancijos atmosfer\u0105.<\/p>","protected":false},"excerpt":{"rendered":"<p>Plotis (cm): 90<br \/>\n\u016agis (cm): 59,5<br \/>\nGylis (cm): 60<\/p>","protected":false},"featured_media":165514,"comment_status":"open","ping_status":"open","template":"","meta":[],"product_brand":[],"product_cat":[9515,866,4108],"product_tag":[],"class_list":{"0":"post-165513","1":"product","2":"type-product","3":"status-publish","4":"has-post-thumbnail","6":"product_cat-furniture-system-tadeusz-jarstol-meble","7":"product_cat-coffee-tables","8":"product_cat-jarstol","10":"first","11":"instock","12":"purchasable","13":"product-type-simple"},"_links":{"self":[{"href":"https:\/\/baldumarket.lt\/lt\/wp-json\/wp\/v2\/product\/165513","targetHints":{"allow":["GET"]}}],"collection":[{"href":"https:\/\/baldumarket.lt\/lt\/wp-json\/wp\/v2\/product"}],"about":[{"href":"https:\/\/baldumarket.lt\/lt\/wp-json\/wp\/v2\/types\/product"}],"replies":[{"embeddable":true,"href":"https:\/\/baldumarket.lt\/lt\/wp-json\/wp\/v2\/comments?post=165513"}],"wp:featuredmedia":[{"embeddable":true,"href":"https:\/\/baldumarket.lt\/lt\/wp-json\/wp\/v2\/media\/165514"}],"wp:attachment":[{"href":"https:\/\/baldumarket.lt\/lt\/wp-json\/wp\/v2\/media?parent=165513"}],"wp:term":[{"taxonomy":"product_brand","embeddable":true,"href":"https:\/\/baldumarket.lt\/lt\/wp-json\/wp\/v2\/product_brand?post=165513"},{"taxonomy":"product_cat","embeddable":true,"href":"https:\/\/baldumarket.lt\/lt\/wp-json\/wp\/v2\/product_cat?post=165513"},{"taxonomy":"product_tag","embeddable":true,"href":"https:\/\/baldumarket.lt\/lt\/wp-json\/wp\/v2\/product_tag?post=165513"}],"curies":[{"name":"wp","href":"https:\/\/api.w.org\/{rel}","templated":true}]}}