{"id":165505,"date":"2025-12-19T15:26:02","date_gmt":"2025-12-19T12:26:02","guid":{"rendered":"https:\/\/baldumarket.lt\/product\/tadeusz-24-komoda-rtv-1-szuflada-dab-lefkas\/"},"modified":"2026-04-12T16:18:50","modified_gmt":"2026-04-12T13:18:50","slug":"tadeusz-24-komoda-rtv-1-szuflada-dab-lefkas","status":"publish","type":"product","link":"https:\/\/baldumarket.lt\/lt\/product\/tadeusz-24-komoda-rtv-1-szuflada-dab-lefkas\/","title":{"rendered":"TADEUSZ-24 &#8211; TV spintel\u0117 1 stal\u010dius Lefkas \u0105\u017euolas"},"content":{"rendered":"<p>\u012ene\u0161kite elegancijos ir modernumo \u012f savo svetain\u0119 su TADEUSZ-24 televizoriaus spintele \u2013 puikiu sprendimu funkcionali\u0173 ir esteti\u0161kai patraukli\u0173 bald\u0173 m\u0117g\u0117jams. Minimalistinis dizainas, pagamintas i\u0161 auk\u0161tos kokyb\u0117s laminuotos Lefko \u0105\u017euolo plok\u0161t\u0117s, suteikia interjerui \u0161ilumos ir nat\u016bralumo. Nesvarbu, ar kuriate modern\u0173, ar klasikin\u012f svetain\u0117s stili\u0173, \u0161i spintel\u0117 tikrai atitiks j\u016bs\u0173 vizij\u0105. TADEUSZ-24 televizoriaus spintel\u0117 yra ne tik esteti\u0161kai patraukli, bet ir funkcionali. Tur\u0117dama vien\u0105 stal\u010di\u0173, ji puikiai tinka laikyti laidus, nuotolinio valdymo pultelius ir kitus smulkius daiktus, kuri\u0173 nereik\u0117t\u0173 laikyti matomoje vietoje. Dviejose erdviose lentynose telpa dekoderis, \u017eaidim\u0173 konsol\u0117 ar m\u0117gstami filmai \u2013 viskas turi savo viet\u0105, tod\u0117l kasdienis naudojimas yra lengvesnis. Aukso spalvos metalin\u0117s ranken\u0117l\u0117s suteikia spintelei eleganti\u0161k\u0105 akcent\u0105, kuris patraukia d\u0117mes\u012f ir sustiprina jos moderni\u0105 i\u0161vaizd\u0105. Be to, mink\u0161ta ir patvari med\u017eiaga u\u017etikrina bald\u0173 patvarum\u0105 ir lengv\u0105 prie\u017ei\u016br\u0105. Paprastas, bet stilingas dizainas paver\u010dia \u0161i\u0105 komod\u0105 bet kurio interjero traukos centru.<\/p>","protected":false},"excerpt":{"rendered":"<p>Plotis (cm): 88<br \/>\n\u016agis (cm): 69<br \/>\nGylis (cm): 60<\/p>","protected":false},"featured_media":165506,"comment_status":"open","ping_status":"open","template":"","meta":[],"product_brand":[],"product_cat":[9515,4108,1175],"product_tag":[],"class_list":{"0":"post-165505","1":"product","2":"type-product","3":"status-publish","4":"has-post-thumbnail","6":"product_cat-furniture-system-tadeusz-jarstol-meble","7":"product_cat-jarstol","8":"product_cat-tv-stands","10":"first","11":"instock","12":"purchasable","13":"product-type-simple"},"_links":{"self":[{"href":"https:\/\/baldumarket.lt\/lt\/wp-json\/wp\/v2\/product\/165505","targetHints":{"allow":["GET"]}}],"collection":[{"href":"https:\/\/baldumarket.lt\/lt\/wp-json\/wp\/v2\/product"}],"about":[{"href":"https:\/\/baldumarket.lt\/lt\/wp-json\/wp\/v2\/types\/product"}],"replies":[{"embeddable":true,"href":"https:\/\/baldumarket.lt\/lt\/wp-json\/wp\/v2\/comments?post=165505"}],"wp:featuredmedia":[{"embeddable":true,"href":"https:\/\/baldumarket.lt\/lt\/wp-json\/wp\/v2\/media\/165506"}],"wp:attachment":[{"href":"https:\/\/baldumarket.lt\/lt\/wp-json\/wp\/v2\/media?parent=165505"}],"wp:term":[{"taxonomy":"product_brand","embeddable":true,"href":"https:\/\/baldumarket.lt\/lt\/wp-json\/wp\/v2\/product_brand?post=165505"},{"taxonomy":"product_cat","embeddable":true,"href":"https:\/\/baldumarket.lt\/lt\/wp-json\/wp\/v2\/product_cat?post=165505"},{"taxonomy":"product_tag","embeddable":true,"href":"https:\/\/baldumarket.lt\/lt\/wp-json\/wp\/v2\/product_tag?post=165505"}],"curies":[{"name":"wp","href":"https:\/\/api.w.org\/{rel}","templated":true}]}}