{"id":165497,"date":"2025-12-19T15:25:41","date_gmt":"2025-12-19T12:25:41","guid":{"rendered":"https:\/\/baldumarket.lt\/product\/tadeusz-24-komoda-rtv-1-szuflada-dab-stuletni\/"},"modified":"2026-04-12T16:18:50","modified_gmt":"2026-04-12T13:18:50","slug":"tadeusz-24-komoda-rtv-1-szuflada-dab-stuletni","status":"publish","type":"product","link":"https:\/\/baldumarket.lt\/lt\/product\/tadeusz-24-komoda-rtv-1-szuflada-dab-stuletni\/","title":{"rendered":"TADEUSZ-24 &#8211; TV spintel\u0117 1 stal\u010dius \u0160imtme\u010dio \u0105\u017euolas"},"content":{"rendered":"<p>Atraskite garsaus \u201eJarstol\u201c prek\u0117s \u017eenklo \u201eTadeusz-24\u201c televizoriaus spintel\u0119, kuri \u017eavi eleganti\u0161ku dizainu ir funkcionalumu. Minimalistin\u0117 forma puikiai dera bet kokioje erdv\u0117je, suteikdama j\u016bs\u0173 svetainei jaukumo ir modernumo. Pagaminta i\u0161 auk\u0161tos kokyb\u0117s med\u017eiag\u0173, toki\u0173 kaip \u0161ilto Lefko \u0105\u017euolo atspalvio laminuota plok\u0161t\u0117, ji puikiai derina klasikin\u012f ir modern\u0173 stili\u0173. Televizoriaus spintel\u0117s matmenys \u2013 88 cm plo\u010dio, 69 cm auk\u0161\u010dio ir 50 cm gylio \u2013 yra idealus sprendimas ma\u017eoms erdv\u0117ms, kur svarbus kiekvienas centimetras. Ji turi prakti\u0161k\u0105 vien\u0105 stal\u010di\u0173, puikiai tinkant\u012f laidams laikyti, ir dvi lentynas, puikiai tinkan\u010dias pried\u0117liui ar \u017eaidim\u0173 konsolei. Tai pagerina ir estetik\u0105, ir funkcionalum\u0105, suteikdama j\u016bs\u0173 svetainei dar jaukesn\u012f poj\u016bt\u012f. Spintel\u0117 turi eleganti\u0161kas, aukso spalvos metalines rankenas, kurios suteikia prabangos ir pabr\u0117\u017eia modern\u0173 \u0161io baldo stili\u0173. Tokios detal\u0117s paver\u010dia \u201eTadeusz-24\u201c televizoriaus spintel\u0119 ne tik prakti\u0161ku baldu, bet ir dekoratyviniu elementu j\u016bs\u0173 interjere. Pasirinkdami \u0161\u012f bald\u0105, investuojate \u012f kokyb\u0119 ir nesenstant\u012f dizain\u0105, kuris niekada nei\u0161eis i\u0161 mados.<\/p>","protected":false},"excerpt":{"rendered":"<p>Plotis (cm): 88<br \/>\n\u016agis (cm): 69<br \/>\nGylis (cm): 50<\/p>","protected":false},"featured_media":165498,"comment_status":"open","ping_status":"open","template":"","meta":[],"product_brand":[],"product_cat":[9515,4108,1175],"product_tag":[],"class_list":{"0":"post-165497","1":"product","2":"type-product","3":"status-publish","4":"has-post-thumbnail","6":"product_cat-furniture-system-tadeusz-jarstol-meble","7":"product_cat-jarstol","8":"product_cat-tv-stands","10":"first","11":"instock","12":"purchasable","13":"product-type-simple"},"_links":{"self":[{"href":"https:\/\/baldumarket.lt\/lt\/wp-json\/wp\/v2\/product\/165497","targetHints":{"allow":["GET"]}}],"collection":[{"href":"https:\/\/baldumarket.lt\/lt\/wp-json\/wp\/v2\/product"}],"about":[{"href":"https:\/\/baldumarket.lt\/lt\/wp-json\/wp\/v2\/types\/product"}],"replies":[{"embeddable":true,"href":"https:\/\/baldumarket.lt\/lt\/wp-json\/wp\/v2\/comments?post=165497"}],"wp:featuredmedia":[{"embeddable":true,"href":"https:\/\/baldumarket.lt\/lt\/wp-json\/wp\/v2\/media\/165498"}],"wp:attachment":[{"href":"https:\/\/baldumarket.lt\/lt\/wp-json\/wp\/v2\/media?parent=165497"}],"wp:term":[{"taxonomy":"product_brand","embeddable":true,"href":"https:\/\/baldumarket.lt\/lt\/wp-json\/wp\/v2\/product_brand?post=165497"},{"taxonomy":"product_cat","embeddable":true,"href":"https:\/\/baldumarket.lt\/lt\/wp-json\/wp\/v2\/product_cat?post=165497"},{"taxonomy":"product_tag","embeddable":true,"href":"https:\/\/baldumarket.lt\/lt\/wp-json\/wp\/v2\/product_tag?post=165497"}],"curies":[{"name":"wp","href":"https:\/\/api.w.org\/{rel}","templated":true}]}}