{"id":165489,"date":"2025-12-19T15:25:22","date_gmt":"2025-12-19T12:25:22","guid":{"rendered":"https:\/\/baldumarket.lt\/product\/tadeusz-25-szafa-narozna-2-drzwiowa-dab-lefkas\/"},"modified":"2026-04-12T16:18:50","modified_gmt":"2026-04-12T13:18:50","slug":"tadeusz-25-szafa-narozna-2-drzwiowa-dab-lefkas","status":"publish","type":"product","link":"https:\/\/baldumarket.lt\/lt\/product\/tadeusz-25-szafa-narozna-2-drzwiowa-dab-lefkas\/","title":{"rendered":"TADEUSZ-25 &#8211; 2 dur\u0173 kampin\u0117 spinta, Lefkas \u0105\u017euolas"},"content":{"rendered":"<p>Atraskite garsaus \u201eJarstol\u201c prek\u0117s \u017eenklo kampin\u0119 spint\u0105 \u201eTadeusz-25\u201c, kurioje dera funkcionalumas ir eleganti\u0161kas stilius. Apdaila Lefkas \u0105\u017euolu, \u0161i spinta puikiai tiks \u012fvairiuose interjeruose, suteikdama jiems \u0161ilt\u0105 ir jauki\u0105 atmosfer\u0105. Klasikinis dizainas paver\u010dia j\u0105 ne tik prakti\u0161ku baldu, bet ir reik\u0161mingu dekoratyviniu elementu j\u016bs\u0173 namuose. M\u016bs\u0173 kampin\u0117 spinta ne tik atrodo gra\u017eiai, bet ir si\u016blo daug vietos daiktams susid\u0117ti. D\u0117l keturi\u0173 lentyn\u0173 ir specialiai sukurto b\u0117gelio galite susisteminti drabu\u017eius ir aksesuarus pagal savo poreikius. Papildoma lentyna vir\u0161 b\u0117gelio yra puiki vieta \u012fvairiems aksesuarams \u2013 nuo rankini\u0173 iki kepuri\u0173, u\u017etikrinant, kad viskas b\u016bt\u0173 lengvai pasiekiama. J\u016bs\u0173 patogumas yra m\u016bs\u0173 prioritetas, tod\u0117l \u201eTadeusz-25\u201c spinta pagaminta i\u0161 auk\u0161tos kokyb\u0117s laminuotos plok\u0161t\u0117s, u\u017etikrinan\u010dios patvarum\u0105 ir estetik\u0105 ilgus metus. Aukso spalvos metalin\u0117s rankenos suteikia elegancijos ir modernumo, puikiai kontrastuodamos su \u0161iltu medienos atspalviu. Spinta sukurta taip, kad j\u0105 b\u016bt\u0173 galima surinkti savaranki\u0161kai, tod\u0117l ji tinka bet kokiam interjerui.<\/p>","protected":false},"excerpt":{"rendered":"<p>Plotis (cm): 110<br \/>\n\u016agis (cm): 190<br \/>\nGylis (cm): 50<\/p>","protected":false},"featured_media":165490,"comment_status":"open","ping_status":"open","template":"","meta":[],"product_brand":[],"product_cat":[9515,4108,1177],"product_tag":[],"class_list":{"0":"post-165489","1":"product","2":"type-product","3":"status-publish","4":"has-post-thumbnail","6":"product_cat-furniture-system-tadeusz-jarstol-meble","7":"product_cat-jarstol","8":"product_cat-wardrobes","10":"first","11":"instock","12":"purchasable","13":"product-type-simple"},"_links":{"self":[{"href":"https:\/\/baldumarket.lt\/lt\/wp-json\/wp\/v2\/product\/165489","targetHints":{"allow":["GET"]}}],"collection":[{"href":"https:\/\/baldumarket.lt\/lt\/wp-json\/wp\/v2\/product"}],"about":[{"href":"https:\/\/baldumarket.lt\/lt\/wp-json\/wp\/v2\/types\/product"}],"replies":[{"embeddable":true,"href":"https:\/\/baldumarket.lt\/lt\/wp-json\/wp\/v2\/comments?post=165489"}],"wp:featuredmedia":[{"embeddable":true,"href":"https:\/\/baldumarket.lt\/lt\/wp-json\/wp\/v2\/media\/165490"}],"wp:attachment":[{"href":"https:\/\/baldumarket.lt\/lt\/wp-json\/wp\/v2\/media?parent=165489"}],"wp:term":[{"taxonomy":"product_brand","embeddable":true,"href":"https:\/\/baldumarket.lt\/lt\/wp-json\/wp\/v2\/product_brand?post=165489"},{"taxonomy":"product_cat","embeddable":true,"href":"https:\/\/baldumarket.lt\/lt\/wp-json\/wp\/v2\/product_cat?post=165489"},{"taxonomy":"product_tag","embeddable":true,"href":"https:\/\/baldumarket.lt\/lt\/wp-json\/wp\/v2\/product_tag?post=165489"}],"curies":[{"name":"wp","href":"https:\/\/api.w.org\/{rel}","templated":true}]}}