{"id":165481,"date":"2025-12-19T15:25:03","date_gmt":"2025-12-19T12:25:03","guid":{"rendered":"https:\/\/baldumarket.lt\/product\/tadeusz-25-szafa-narozna-2-drzwiowa-dab-stuletni\/"},"modified":"2026-04-12T16:18:50","modified_gmt":"2026-04-12T13:18:50","slug":"tadeusz-25-szafa-narozna-2-drzwiowa-dab-stuletni","status":"publish","type":"product","link":"https:\/\/baldumarket.lt\/lt\/product\/tadeusz-25-szafa-narozna-2-drzwiowa-dab-stuletni\/","title":{"rendered":"TADEUSZ-25 \u2013 Dviej\u0173 dur\u0173 kampin\u0117 spinta, \u0161imtametis \u0105\u017euolas"},"content":{"rendered":"<p>Susipa\u017einkite su \u201eTadeusz-25\u201c \u2013 tobula kampine spinta, kuri ne tik papuo\u0161 j\u016bs\u0173 interjer\u0105, bet ir padidins jo funkcionalum\u0105. Pagaminta i\u0161 laminuotos plok\u0161t\u0117s, eleganti\u0161ka \u201eCentennial Oak\u201c spalva traukia d\u0117mes\u012f ir suteikia kambariui unikal\u0173 charakter\u012f. D\u0117l gerai apgalvoto dizaino spinta puikiai dera prie bet kokio stiliaus interjero, nuo modernaus iki klasikinio. \u201eTadeusz-25\u201c spinta i\u0161siskiria erdvumu ir sumaniu erdv\u0117s i\u0161naudojimu. Su keturiomis lentynomis ir funkcionaliu 89 cm ilgio b\u0117geliu, ji si\u016blo daug vietos j\u016bs\u0173 drabu\u017eiams ir aksesuarams. Papildoma lentyna vir\u0161 b\u0117gelio u\u017etikrina, kad net ir smulk\u016bs daiktai rast\u0173 savo viet\u0105, tod\u0117l j\u016bs\u0173 spintoje bus daugiau tvarkos. Taip pat si\u016bloma atvirk\u0161tin\u0117 spintos versija, kuri\u0105 galima lengvai pritaikyti prie j\u016bs\u0173 individuali\u0173 poreiki\u0173. Atkreipus d\u0117mes\u012f \u012f detales, \u201eTadeusz-25\u201c tikrai su\u017eav\u0117s. Auksin\u0117s metalin\u0117s ranken\u0117l\u0117s ne tik suteikia elegancijos, bet ir yra prakti\u0161kos kasdieniam naudojimui. Visa tai puikiai dera su \u0161iltu \u0105\u017euolo atspalviu, sukurdama harmoning\u0105 visum\u0105, kuri kiekvien\u0105 akimirk\u0105, praleist\u0105 prie \u0161ios spintos, paver\u010dia tikru malonumu.<\/p>","protected":false},"excerpt":{"rendered":"<p>Plotis (cm): 110<br \/>\n\u016agis (cm): 190<br \/>\nGylis (cm): 57<\/p>","protected":false},"featured_media":165482,"comment_status":"open","ping_status":"open","template":"","meta":[],"product_brand":[],"product_cat":[9515,4108,1177],"product_tag":[],"class_list":{"0":"post-165481","1":"product","2":"type-product","3":"status-publish","4":"has-post-thumbnail","6":"product_cat-furniture-system-tadeusz-jarstol-meble","7":"product_cat-jarstol","8":"product_cat-wardrobes","10":"first","11":"instock","12":"purchasable","13":"product-type-simple"},"_links":{"self":[{"href":"https:\/\/baldumarket.lt\/lt\/wp-json\/wp\/v2\/product\/165481","targetHints":{"allow":["GET"]}}],"collection":[{"href":"https:\/\/baldumarket.lt\/lt\/wp-json\/wp\/v2\/product"}],"about":[{"href":"https:\/\/baldumarket.lt\/lt\/wp-json\/wp\/v2\/types\/product"}],"replies":[{"embeddable":true,"href":"https:\/\/baldumarket.lt\/lt\/wp-json\/wp\/v2\/comments?post=165481"}],"wp:featuredmedia":[{"embeddable":true,"href":"https:\/\/baldumarket.lt\/lt\/wp-json\/wp\/v2\/media\/165482"}],"wp:attachment":[{"href":"https:\/\/baldumarket.lt\/lt\/wp-json\/wp\/v2\/media?parent=165481"}],"wp:term":[{"taxonomy":"product_brand","embeddable":true,"href":"https:\/\/baldumarket.lt\/lt\/wp-json\/wp\/v2\/product_brand?post=165481"},{"taxonomy":"product_cat","embeddable":true,"href":"https:\/\/baldumarket.lt\/lt\/wp-json\/wp\/v2\/product_cat?post=165481"},{"taxonomy":"product_tag","embeddable":true,"href":"https:\/\/baldumarket.lt\/lt\/wp-json\/wp\/v2\/product_tag?post=165481"}],"curies":[{"name":"wp","href":"https:\/\/api.w.org\/{rel}","templated":true}]}}