{"id":165476,"date":"2025-12-19T15:24:51","date_gmt":"2025-12-19T12:24:51","guid":{"rendered":"https:\/\/baldumarket.lt\/product\/vegas-3-komoda-2d4s-santana-ciemna\/"},"modified":"2026-04-12T16:18:50","modified_gmt":"2026-04-12T13:18:50","slug":"vegas-3-komoda-2d4s-santana-ciemna","status":"publish","type":"product","link":"https:\/\/baldumarket.lt\/lt\/product\/vegas-3-komoda-2d4s-santana-ciemna\/","title":{"rendered":"VEGAS-3 \u2013 2D4S Santana tamsi komoda"},"content":{"rendered":"<p>Komoda VEGAS-3 \u2013 puikus pasirinkimas tiems, kurie vertina stili\u0173 ir funkcionalum\u0105 viename. Moderni tamsiai rudos Santana spalvos estetika suteikia elegancijos bet kokiam interjerui ir skland\u017eiai dera su \u012fvairiais i\u0161d\u0117stymais. 148 cm plo\u010dio ir 91 cm auk\u0161\u010dio komoda tampa ne tik prakti\u0161ku baldu, bet ir vizualiu traukos centru bet kuriame kambaryje, suteikdama charakterio. Vienas pagrindini\u0173 \u0161ios komodos privalum\u0173 \u2013 erdv\u016bs stal\u010diai ir dvi erdvios spintel\u0117s, leid\u017eian\u010dios maksimaliai i\u0161naudoti turim\u0105 erdv\u0119. D\u0117l sumaniai sutvarkyto vidaus i\u0161d\u0117stymo patirsite unikali\u0105 organizacij\u0105, kuri b\u016btina tiek svetain\u0117je, tiek biure. Dokument\u0173, knyg\u0173 ir kit\u0173 b\u016btin\u0173 aksesuar\u0173 laikymas taps lengvesnis ir esteti\u0161kesnis. Metaliniai akcentai, tokie kaip rankenos ir vyriai, suteikia VEGAS-3 komodai modernumo, kartu u\u017etikrindami patvarum\u0105 ir komfort\u0105. Sidabrin\u0117s detal\u0117s harmoningai papildo tams\u0173 korpus\u0105, sukurdamos eleganti\u0161k\u0105 ir darni\u0105 visum\u0105. D\u0117l \u012fvairi\u0173 spalv\u0173 galite pritaikyti komod\u0105 pagal savo poreikius ir skon\u012f.<\/p>","protected":false},"excerpt":{"rendered":"<p>Plotis (cm): 148<br \/>\n\u016agis (cm): 91<br \/>\nGylis (cm): 57<\/p>","protected":false},"featured_media":165477,"comment_status":"open","ping_status":"open","template":"","meta":[],"product_brand":[],"product_cat":[9516,1173,4108],"product_tag":[],"class_list":{"0":"post-165476","1":"product","2":"type-product","3":"status-publish","4":"has-post-thumbnail","6":"product_cat-furniture-system-vegas-jarstol-meble","7":"product_cat-chests-of-drawers","8":"product_cat-jarstol","10":"first","11":"instock","12":"purchasable","13":"product-type-simple"},"_links":{"self":[{"href":"https:\/\/baldumarket.lt\/lt\/wp-json\/wp\/v2\/product\/165476","targetHints":{"allow":["GET"]}}],"collection":[{"href":"https:\/\/baldumarket.lt\/lt\/wp-json\/wp\/v2\/product"}],"about":[{"href":"https:\/\/baldumarket.lt\/lt\/wp-json\/wp\/v2\/types\/product"}],"replies":[{"embeddable":true,"href":"https:\/\/baldumarket.lt\/lt\/wp-json\/wp\/v2\/comments?post=165476"}],"wp:featuredmedia":[{"embeddable":true,"href":"https:\/\/baldumarket.lt\/lt\/wp-json\/wp\/v2\/media\/165477"}],"wp:attachment":[{"href":"https:\/\/baldumarket.lt\/lt\/wp-json\/wp\/v2\/media?parent=165476"}],"wp:term":[{"taxonomy":"product_brand","embeddable":true,"href":"https:\/\/baldumarket.lt\/lt\/wp-json\/wp\/v2\/product_brand?post=165476"},{"taxonomy":"product_cat","embeddable":true,"href":"https:\/\/baldumarket.lt\/lt\/wp-json\/wp\/v2\/product_cat?post=165476"},{"taxonomy":"product_tag","embeddable":true,"href":"https:\/\/baldumarket.lt\/lt\/wp-json\/wp\/v2\/product_tag?post=165476"}],"curies":[{"name":"wp","href":"https:\/\/api.w.org\/{rel}","templated":true}]}}