{"id":165469,"date":"2025-12-19T15:24:35","date_gmt":"2025-12-19T12:24:35","guid":{"rendered":"https:\/\/baldumarket.lt\/product\/vegas-3-komoda-2d4s-santana-jasna\/"},"modified":"2026-04-12T16:18:50","modified_gmt":"2026-04-12T13:18:50","slug":"vegas-3-komoda-2d4s-santana-jasna","status":"publish","type":"product","link":"https:\/\/baldumarket.lt\/lt\/product\/vegas-3-komoda-2d4s-santana-jasna\/","title":{"rendered":"VEGAS-3 &#8211; 2D4S Santana Bright komoda"},"content":{"rendered":"<p>VEGAS-3 komoda derina stili\u0173 ir prakti\u0161kum\u0105, puikiai papildydama modern\u0173 interjer\u0105. D\u0117l \u0161viesios Santana spalvos \u0161i \u2019Jarstol\u201c komoda suteikia bet kokiam kambariui lengvumo ir gaivumo. Eleganti\u0161ka i\u0161vaizda idealiai tinka tiek svetain\u0117ms, tiek biurams. Ji lengvai \u012fsilieja \u012f \u012fvairius interjerus ir suteikia ry\u0161k\u0173 papildym\u0105. VEGAS-3 komodos funkcionalumas yra neprilygstamas. Keturi erdv\u016bs stal\u010diai ir dvi spintel\u0117s su lentynomis maksimaliai i\u0161naudoja erdv\u0119. Kiekviename i\u0161 \u0161i\u0173 element\u0173 tilps visi reikalingi daiktai \u2013 nuo dokument\u0173 iki \u012fvairi\u0173 nam\u0173 aksesuar\u0173. D\u0117l gerai apgalvoto dizaino komoda leid\u017eia lengvai pasiekti laikomus daiktus, o tai neabejotinai prisid\u0117s prie geresn\u0117s tvarkos j\u016bs\u0173 gyvenamojoje erdv\u0117je. Be prakti\u0161kumo, VEGAS-3 komoda taip pat \u017eavi savo dizainu. Sidabrin\u0117s metalin\u0117s ranken\u0117l\u0117s suteikia jai modernumo ir puikiai dera su \u0161viesia korpuso ir fasado spalva. \u0160i spalv\u0173 schema suteikia harmonijos ir elegancijos, suteikdama bet kokiam interjerui klas\u0117s. Galimyb\u0117 rinktis i\u0161 dviej\u0173 spalv\u0173 variant\u0173 dar labiau padidina jos universalum\u0105, leid\u017eiant pritaikyti j\u0105 pagal individualius pageidavimus.<\/p>","protected":false},"excerpt":{"rendered":"<p>Plotis (cm): 148<br \/>\n\u016agis (cm): 91<br \/>\nGylis (cm): 40,5<\/p>","protected":false},"featured_media":165470,"comment_status":"open","ping_status":"open","template":"","meta":[],"product_brand":[],"product_cat":[9516,1173,4108],"product_tag":[],"class_list":{"0":"post-165469","1":"product","2":"type-product","3":"status-publish","4":"has-post-thumbnail","6":"product_cat-furniture-system-vegas-jarstol-meble","7":"product_cat-chests-of-drawers","8":"product_cat-jarstol","10":"first","11":"instock","12":"purchasable","13":"product-type-simple"},"_links":{"self":[{"href":"https:\/\/baldumarket.lt\/lt\/wp-json\/wp\/v2\/product\/165469","targetHints":{"allow":["GET"]}}],"collection":[{"href":"https:\/\/baldumarket.lt\/lt\/wp-json\/wp\/v2\/product"}],"about":[{"href":"https:\/\/baldumarket.lt\/lt\/wp-json\/wp\/v2\/types\/product"}],"replies":[{"embeddable":true,"href":"https:\/\/baldumarket.lt\/lt\/wp-json\/wp\/v2\/comments?post=165469"}],"wp:featuredmedia":[{"embeddable":true,"href":"https:\/\/baldumarket.lt\/lt\/wp-json\/wp\/v2\/media\/165470"}],"wp:attachment":[{"href":"https:\/\/baldumarket.lt\/lt\/wp-json\/wp\/v2\/media?parent=165469"}],"wp:term":[{"taxonomy":"product_brand","embeddable":true,"href":"https:\/\/baldumarket.lt\/lt\/wp-json\/wp\/v2\/product_brand?post=165469"},{"taxonomy":"product_cat","embeddable":true,"href":"https:\/\/baldumarket.lt\/lt\/wp-json\/wp\/v2\/product_cat?post=165469"},{"taxonomy":"product_tag","embeddable":true,"href":"https:\/\/baldumarket.lt\/lt\/wp-json\/wp\/v2\/product_tag?post=165469"}],"curies":[{"name":"wp","href":"https:\/\/api.w.org\/{rel}","templated":true}]}}