{"id":165464,"date":"2025-12-19T15:24:23","date_gmt":"2025-12-19T12:24:23","guid":{"rendered":"https:\/\/baldumarket.lt\/product\/vegas-6-komoda-3d1s-santana-ciemna\/"},"modified":"2026-04-12T16:18:50","modified_gmt":"2026-04-12T13:18:50","slug":"vegas-6-komoda-3d1s-santana-ciemna","status":"publish","type":"product","link":"https:\/\/baldumarket.lt\/lt\/product\/vegas-6-komoda-3d1s-santana-ciemna\/","title":{"rendered":"VEGAS-6 &#8211; 3D1S Santana tamsi komoda"},"content":{"rendered":"<p>Atraskite nauj\u0105 stiliaus ir funkcionalumo dimensij\u0105 su \u201e3D1S Santana Dark\u201c komoda. \u0160is eleganti\u0161kas baldas pasi\u017eymi unikaliu dizainu, kuris puikiai dera prie modernaus interjero. Jo sodrus, tamsus med\u017eio atspalvis ne tik traukia ak\u012f, bet ir suteikia kambariui jaukumo bei elegancijos atmosfer\u0105. Subtilios metalin\u0117s ranken\u0117l\u0117s padidina komodos rafinuotum\u0105, tod\u0117l ji yra gero skonio parei\u0161kimas. Prakti\u0161kumas yra neatsiejamas \u201eSantana\u201c komodos privalumas. Trys durel\u0117s, slepian\u010dios funkcionalias lentynas, ir stal\u010dius smulkiems daiktams u\u017etikrina puiki\u0105 tvark\u0105. Nesvarbu, ar norite susitvarkyti m\u0117gstamas knygas, dokumentus, ar sezoninius aksesuarus, \u0161i komoda pateisins j\u016bs\u0173 l\u016bkes\u010dius. Tvirta konstrukcija, pagaminta i\u0161 laminuotos plok\u0161t\u0117s, garantuoja ilgaam\u017ei\u0161kum\u0105. Puikiai tinkanti \u012fvairioms aplinkoms, \u201e3D1S Santana\u201c komoda puikiai tiks daugelyje erdvi\u0173. Naudokite j\u0105 svetain\u0117je kaip daikt\u0173 laikymo viet\u0105 arba miegamajame, kur ji pad\u0117s tvarkingai laikyti daiktus. Klasikinis dizainas suteiks charakterio prie\u0161kambariui ar biurui, pagerindamas bet kurio kambario estetik\u0105. Galima \u012fsigyti dviej\u0173 spalv\u0173, tod\u0117l j\u0105 lengva priderinti prie savo stiliaus.<\/p>","protected":false},"excerpt":{"rendered":"<p>Plotis (cm): 127,5<br \/>\n\u016agis (cm): 91<br \/>\nGylis (cm): 40,5<\/p>","protected":false},"featured_media":165465,"comment_status":"open","ping_status":"open","template":"","meta":[],"product_brand":[],"product_cat":[9516,1173,4108],"product_tag":[],"class_list":{"0":"post-165464","1":"product","2":"type-product","3":"status-publish","4":"has-post-thumbnail","6":"product_cat-furniture-system-vegas-jarstol-meble","7":"product_cat-chests-of-drawers","8":"product_cat-jarstol","10":"first","11":"instock","12":"purchasable","13":"product-type-simple"},"_links":{"self":[{"href":"https:\/\/baldumarket.lt\/lt\/wp-json\/wp\/v2\/product\/165464","targetHints":{"allow":["GET"]}}],"collection":[{"href":"https:\/\/baldumarket.lt\/lt\/wp-json\/wp\/v2\/product"}],"about":[{"href":"https:\/\/baldumarket.lt\/lt\/wp-json\/wp\/v2\/types\/product"}],"replies":[{"embeddable":true,"href":"https:\/\/baldumarket.lt\/lt\/wp-json\/wp\/v2\/comments?post=165464"}],"wp:featuredmedia":[{"embeddable":true,"href":"https:\/\/baldumarket.lt\/lt\/wp-json\/wp\/v2\/media\/165465"}],"wp:attachment":[{"href":"https:\/\/baldumarket.lt\/lt\/wp-json\/wp\/v2\/media?parent=165464"}],"wp:term":[{"taxonomy":"product_brand","embeddable":true,"href":"https:\/\/baldumarket.lt\/lt\/wp-json\/wp\/v2\/product_brand?post=165464"},{"taxonomy":"product_cat","embeddable":true,"href":"https:\/\/baldumarket.lt\/lt\/wp-json\/wp\/v2\/product_cat?post=165464"},{"taxonomy":"product_tag","embeddable":true,"href":"https:\/\/baldumarket.lt\/lt\/wp-json\/wp\/v2\/product_tag?post=165464"}],"curies":[{"name":"wp","href":"https:\/\/api.w.org\/{rel}","templated":true}]}}