{"id":165457,"date":"2025-12-19T15:24:05","date_gmt":"2025-12-19T12:24:05","guid":{"rendered":"https:\/\/baldumarket.lt\/product\/vegas-6-komoda-3d1s-santana-jasna\/"},"modified":"2026-04-12T16:18:50","modified_gmt":"2026-04-12T13:18:50","slug":"vegas-6-komoda-3d1s-santana-jasna","status":"publish","type":"product","link":"https:\/\/baldumarket.lt\/lt\/product\/vegas-6-komoda-3d1s-santana-jasna\/","title":{"rendered":"VEGAS-6 &#8211; 3D1S Santana Bright komoda"},"content":{"rendered":"<p>Atraskite garsaus \u201eJarstol\u201c prek\u0117s \u017eenklo 3D1S Santana Light indauja elegancij\u0105 ir funkcionalum\u0105. \u0160is rafinuotas, 127,5 cm plo\u010dio ir 91 cm auk\u0161\u010dio baldas \u2013 tai tobulas modernaus dizaino ir prakti\u0161kumo derinys, kuris patrauks kiekvieno sve\u010dio ak\u012f. Jo \u0161viesus atspalvis i\u0161siskiria i\u0161 kit\u0173 bald\u0173, suteikdamas bet kokiam interjerui jaukumo ir gaivos poj\u016bt\u012f. \u0160i indauja buvo sukurta atsi\u017evelgiant \u012f maksimal\u0173 erdv\u0117s organizavim\u0105. Trys durel\u0117s, kiekvienose su lentyna, ir vienas erdvus stal\u010dius leid\u017eia efektyviai laikyti ir organizuoti \u012fvairius daiktus. Nesvarbu, ar jums reikia vietos drabu\u017eiams miegamajame, dokumentams biure, ar dekoracijoms svetain\u0117je, \u0161i indauja patenkins visus \u0161iuos poreikius eleganti\u0161kai ir stilingai. Sidabrin\u0117s metalin\u0117s rankenos suteikia modernumo, o tvirta laminuotos plok\u0161t\u0117s konstrukcija u\u017etikrina patvarum\u0105 ir lengv\u0105 prie\u017ei\u016br\u0105. D\u0117l kruop\u0161taus meistri\u0161kumo 3D1S Santana Light indauja ne tik atrodo i\u0161skirtinai, bet ir suteikia j\u016bs\u0173 aplinkai ramyb\u0117s bei tvarkos. Baldai yra dviej\u0173 spalv\u0173, tod\u0117l puikiai dera prie esamo interjero dizaino.<\/p>","protected":false},"excerpt":{"rendered":"<p>Plotis (cm): 127,5<br \/>\n\u016agis (cm): 91<br \/>\nGylis (cm): 40,5<\/p>","protected":false},"featured_media":165458,"comment_status":"open","ping_status":"open","template":"","meta":[],"product_brand":[],"product_cat":[9516,1173,4108],"product_tag":[],"class_list":{"0":"post-165457","1":"product","2":"type-product","3":"status-publish","4":"has-post-thumbnail","6":"product_cat-furniture-system-vegas-jarstol-meble","7":"product_cat-chests-of-drawers","8":"product_cat-jarstol","10":"first","11":"instock","12":"purchasable","13":"product-type-simple"},"_links":{"self":[{"href":"https:\/\/baldumarket.lt\/lt\/wp-json\/wp\/v2\/product\/165457","targetHints":{"allow":["GET"]}}],"collection":[{"href":"https:\/\/baldumarket.lt\/lt\/wp-json\/wp\/v2\/product"}],"about":[{"href":"https:\/\/baldumarket.lt\/lt\/wp-json\/wp\/v2\/types\/product"}],"replies":[{"embeddable":true,"href":"https:\/\/baldumarket.lt\/lt\/wp-json\/wp\/v2\/comments?post=165457"}],"wp:featuredmedia":[{"embeddable":true,"href":"https:\/\/baldumarket.lt\/lt\/wp-json\/wp\/v2\/media\/165458"}],"wp:attachment":[{"href":"https:\/\/baldumarket.lt\/lt\/wp-json\/wp\/v2\/media?parent=165457"}],"wp:term":[{"taxonomy":"product_brand","embeddable":true,"href":"https:\/\/baldumarket.lt\/lt\/wp-json\/wp\/v2\/product_brand?post=165457"},{"taxonomy":"product_cat","embeddable":true,"href":"https:\/\/baldumarket.lt\/lt\/wp-json\/wp\/v2\/product_cat?post=165457"},{"taxonomy":"product_tag","embeddable":true,"href":"https:\/\/baldumarket.lt\/lt\/wp-json\/wp\/v2\/product_tag?post=165457"}],"curies":[{"name":"wp","href":"https:\/\/api.w.org\/{rel}","templated":true}]}}