{"id":165452,"date":"2025-12-19T15:23:54","date_gmt":"2025-12-19T12:23:54","guid":{"rendered":"https:\/\/baldumarket.lt\/product\/vegas-7-komoda-2d2s-santana-ciemna\/"},"modified":"2026-04-12T16:18:40","modified_gmt":"2026-04-12T13:18:40","slug":"vegas-7-komoda-2d2s-santana-ciemna","status":"publish","type":"product","link":"https:\/\/baldumarket.lt\/lt\/product\/vegas-7-komoda-2d2s-santana-ciemna\/","title":{"rendered":"VEGAS-7 \u2013 2D2S Santana tamsi komoda"},"content":{"rendered":"<p>VEGAS-7 komoda \u2013 stilingas ir funkcionalus baldas j\u016bs\u0173 interjerui. Eleganti\u0161ka tamsiai ruda apdaila puikiai der\u0117s tiek prie modernaus, tiek prie klasikinio interjero. Minimalistinis dizainas ir auk\u0161ta forma suteikia jai lengvumo poj\u016bt\u012f ir yra \u012fdomus dekoratyvinis elementas. Puiki laminuotos plok\u0161t\u0117s konstrukcija u\u017etikrina patvarum\u0105, o matin\u0117 korpuso tekst\u016bra traukia ak\u012f. I\u0161manus komodos dizainas si\u016blo i\u0161manius daikt\u0173 laikymo sprendimus. Du erdv\u016bs stal\u010diai vir\u0161uje suteikia puiki\u0105 viet\u0105 drabu\u017eiams ar dokumentams, kuriuos norite laikyti po ranka. Apa\u010dioje, pro dvi dureles, atsiskleid\u017eia erdvus skyrius ir lentyna, leid\u017eiantys efektyviai suplanuoti interjer\u0105 ir susisteminti \u012fvairius daiktus. Tai leid\u017eia VEGAS-7 komodai palaikyti tvark\u0105 erdvioje svetain\u0117je arba harmoningai papildyti profesional\u0173 biuro charakter\u012f. Sidabrin\u0117s metalin\u0117s ranken\u0117l\u0117s suteikia komodai lengvumo ir modernumo, pary\u0161kindamos jos unikal\u0173 charakter\u012f. \u0160is med\u017eiag\u0173 derinys paver\u010dia j\u0105 tikru ak\u012f traukian\u010diu baldu, tapsian\u010diu bet kurio kambario traukos centru. Komoda yra dviej\u0173 spalv\u0173, tod\u0117l j\u0105 lengva pritaikyti individualiems poreikiams ir interjero dizaino stiliui. Jos universalumas leid\u017eia sukurti nepamir\u0161tamas kompozicijas.<\/p>","protected":false},"excerpt":{"rendered":"<p>Plotis (cm): 88<br \/>\n\u016agis (cm): 122,5<br \/>\nGylis (cm): 40,5<\/p>","protected":false},"featured_media":165453,"comment_status":"open","ping_status":"open","template":"","meta":[],"product_brand":[],"product_cat":[9516,1173,4108],"product_tag":[],"class_list":{"0":"post-165452","1":"product","2":"type-product","3":"status-publish","4":"has-post-thumbnail","6":"product_cat-furniture-system-vegas-jarstol-meble","7":"product_cat-chests-of-drawers","8":"product_cat-jarstol","10":"first","11":"instock","12":"purchasable","13":"product-type-simple"},"_links":{"self":[{"href":"https:\/\/baldumarket.lt\/lt\/wp-json\/wp\/v2\/product\/165452","targetHints":{"allow":["GET"]}}],"collection":[{"href":"https:\/\/baldumarket.lt\/lt\/wp-json\/wp\/v2\/product"}],"about":[{"href":"https:\/\/baldumarket.lt\/lt\/wp-json\/wp\/v2\/types\/product"}],"replies":[{"embeddable":true,"href":"https:\/\/baldumarket.lt\/lt\/wp-json\/wp\/v2\/comments?post=165452"}],"wp:featuredmedia":[{"embeddable":true,"href":"https:\/\/baldumarket.lt\/lt\/wp-json\/wp\/v2\/media\/165453"}],"wp:attachment":[{"href":"https:\/\/baldumarket.lt\/lt\/wp-json\/wp\/v2\/media?parent=165452"}],"wp:term":[{"taxonomy":"product_brand","embeddable":true,"href":"https:\/\/baldumarket.lt\/lt\/wp-json\/wp\/v2\/product_brand?post=165452"},{"taxonomy":"product_cat","embeddable":true,"href":"https:\/\/baldumarket.lt\/lt\/wp-json\/wp\/v2\/product_cat?post=165452"},{"taxonomy":"product_tag","embeddable":true,"href":"https:\/\/baldumarket.lt\/lt\/wp-json\/wp\/v2\/product_tag?post=165452"}],"curies":[{"name":"wp","href":"https:\/\/api.w.org\/{rel}","templated":true}]}}