{"id":165445,"date":"2025-12-19T15:23:38","date_gmt":"2025-12-19T12:23:38","guid":{"rendered":"https:\/\/baldumarket.lt\/product\/vegas-7-komoda-2d2s-santana-jasna\/"},"modified":"2026-04-12T16:18:40","modified_gmt":"2026-04-12T13:18:40","slug":"vegas-7-komoda-2d2s-santana-jasna","status":"publish","type":"product","link":"https:\/\/baldumarket.lt\/lt\/product\/vegas-7-komoda-2d2s-santana-jasna\/","title":{"rendered":"VEGAS-7 &#8211; Komoda 2D2S Santana Bright"},"content":{"rendered":"<p>Komoda VEGAS-7, pasi\u017eyminti lengvu \u201eSantana\u201c korpusu, suteikia bet kokiam kambariui lengvumo ir jaukumo, kartu sukurdama stiling\u0105 erdv\u0119. \u0160i auk\u0161ta komoda, kurios plotis \u2013 88 cm, auk\u0161tis \u2013 122,5 cm, o gylis \u2013 40,5 cm, d\u0117l savo paprastumo puikiai tiks tiek svetain\u0117je, tiek biure. Erdvios metalin\u0117s ranken\u0117l\u0117s \u2013 tai ak\u012f traukiantys akcentai, pabr\u0117\u017eiantys baldo elegancij\u0105. Komodoje yra du stal\u010diai, puikiai tinkantys drabu\u017eiams, dokumentams ar kitiems smulkiems daiktams, kuriuos norite laikyti po ranka, laikyti. Po stal\u010diais yra dvejos durel\u0117s, kuriose pasl\u0117pta pertvara ir lentyna, suteikian\u010dios plat\u0173 erdv\u0117s organizavimo galimybi\u0173 spektr\u0105. D\u0117l savo universalaus dizaino komoda VEGAS-7 puikiai tiks tiek minimalistiniam, tiek i\u0161rai\u0161kingesniam interjerui. Universalus dizainas leid\u017eia jai der\u0117ti prie \u012fvairi\u0173 stili\u0173 \u2013 nuo skandinavi\u0161ko iki industrinio ir net klasikinio. Ji si\u016bloma dviej\u0173 spalv\u0173, tod\u0117l j\u0105 galima pritaikyti prie individuali\u0173 vartotoj\u0173 poreiki\u0173 ir skonio.<\/p>","protected":false},"excerpt":{"rendered":"<p>Plotis (cm): 88<br \/>\n\u016agis (cm): 122,5<br \/>\nGylis (cm): 40,5<\/p>","protected":false},"featured_media":165446,"comment_status":"open","ping_status":"open","template":"","meta":[],"product_brand":[],"product_cat":[9516,1173,4108],"product_tag":[],"class_list":{"0":"post-165445","1":"product","2":"type-product","3":"status-publish","4":"has-post-thumbnail","6":"product_cat-furniture-system-vegas-jarstol-meble","7":"product_cat-chests-of-drawers","8":"product_cat-jarstol","10":"first","11":"instock","12":"purchasable","13":"product-type-simple"},"_links":{"self":[{"href":"https:\/\/baldumarket.lt\/lt\/wp-json\/wp\/v2\/product\/165445","targetHints":{"allow":["GET"]}}],"collection":[{"href":"https:\/\/baldumarket.lt\/lt\/wp-json\/wp\/v2\/product"}],"about":[{"href":"https:\/\/baldumarket.lt\/lt\/wp-json\/wp\/v2\/types\/product"}],"replies":[{"embeddable":true,"href":"https:\/\/baldumarket.lt\/lt\/wp-json\/wp\/v2\/comments?post=165445"}],"wp:featuredmedia":[{"embeddable":true,"href":"https:\/\/baldumarket.lt\/lt\/wp-json\/wp\/v2\/media\/165446"}],"wp:attachment":[{"href":"https:\/\/baldumarket.lt\/lt\/wp-json\/wp\/v2\/media?parent=165445"}],"wp:term":[{"taxonomy":"product_brand","embeddable":true,"href":"https:\/\/baldumarket.lt\/lt\/wp-json\/wp\/v2\/product_brand?post=165445"},{"taxonomy":"product_cat","embeddable":true,"href":"https:\/\/baldumarket.lt\/lt\/wp-json\/wp\/v2\/product_cat?post=165445"},{"taxonomy":"product_tag","embeddable":true,"href":"https:\/\/baldumarket.lt\/lt\/wp-json\/wp\/v2\/product_tag?post=165445"}],"curies":[{"name":"wp","href":"https:\/\/api.w.org\/{rel}","templated":true}]}}