{"id":165440,"date":"2025-12-19T15:23:27","date_gmt":"2025-12-19T12:23:27","guid":{"rendered":"https:\/\/baldumarket.lt\/product\/vegas-28-biurko-4-szuflady-santana-ciemna\/"},"modified":"2026-04-12T16:18:40","modified_gmt":"2026-04-12T13:18:40","slug":"vegas-28-biurko-4-szuflady-santana-ciemna","status":"publish","type":"product","link":"https:\/\/baldumarket.lt\/lt\/product\/vegas-28-biurko-4-szuflady-santana-ciemna\/","title":{"rendered":"VEGAS-28 \u2013 Santana tamsus ra\u0161omasis stalas su 4 stal\u010diais"},"content":{"rendered":"<p>\u201eVEGAS-28\u201c stalas, pagamintas i\u0161 laminuotos plok\u0161t\u0117s ir nuda\u017eytas sodria \u201eSantana Dark\u201c spalva, bet kuriam kambariui suteikia prabangos ir stiliaus dvelksmo. Minimalistinis dizainas puikiai dera prie modernaus interjero ir si\u016blo universal\u0173 sprendim\u0105 \u012fvairiems interjero dizaino stiliams. Keturi erdv\u016bs stal\u010diai leid\u017eia lengvai susitvarkyti stal\u0105. Juose visi j\u016bs\u0173 dokumentai, biuro reikmenys ir knygos yra lengvai pasiekiami, o tai \u017eymiai padidina darbo efektyvum\u0105. I\u0161traukiama lentyna, idealiai suderinta su klaviat\u016bra, leid\u017eia dar patogiau naudotis stalu, nes joje patogiai susid\u0117ti svarbiausius reikmenis. Sidabrin\u0117s metalin\u0117s rankenos suteikia visai konstrukcijai i\u0161skirtinumo, pabr\u0117\u017eiant jos moderni\u0105 i\u0161vaizd\u0105. \u201eVEGAS-28\u201c stalas yra ne tik prakti\u0161kas, bet ir esteti\u0161kai patrauklus, tod\u0117l tikrai papuo\u0161 bet kur\u012f kambar\u012f. Jis puikiai tinka tiek biure, tiek darbo kambaryje, tiek ir jaukesn\u0117se erdv\u0117se, tokiose kaip svetain\u0117 ar miegamasis.<\/p>","protected":false},"excerpt":{"rendered":"<p>Plotis (cm): 120<br \/>\n\u016agis (cm): 78<br \/>\nGylis (cm): 40,5<\/p>","protected":false},"featured_media":165441,"comment_status":"open","ping_status":"open","template":"","meta":[],"product_brand":[],"product_cat":[9516,1312,4108],"product_tag":[],"class_list":{"0":"post-165440","1":"product","2":"type-product","3":"status-publish","4":"has-post-thumbnail","6":"product_cat-furniture-system-vegas-jarstol-meble","7":"product_cat-desks","8":"product_cat-jarstol","10":"first","11":"instock","12":"purchasable","13":"product-type-simple"},"_links":{"self":[{"href":"https:\/\/baldumarket.lt\/lt\/wp-json\/wp\/v2\/product\/165440","targetHints":{"allow":["GET"]}}],"collection":[{"href":"https:\/\/baldumarket.lt\/lt\/wp-json\/wp\/v2\/product"}],"about":[{"href":"https:\/\/baldumarket.lt\/lt\/wp-json\/wp\/v2\/types\/product"}],"replies":[{"embeddable":true,"href":"https:\/\/baldumarket.lt\/lt\/wp-json\/wp\/v2\/comments?post=165440"}],"wp:featuredmedia":[{"embeddable":true,"href":"https:\/\/baldumarket.lt\/lt\/wp-json\/wp\/v2\/media\/165441"}],"wp:attachment":[{"href":"https:\/\/baldumarket.lt\/lt\/wp-json\/wp\/v2\/media?parent=165440"}],"wp:term":[{"taxonomy":"product_brand","embeddable":true,"href":"https:\/\/baldumarket.lt\/lt\/wp-json\/wp\/v2\/product_brand?post=165440"},{"taxonomy":"product_cat","embeddable":true,"href":"https:\/\/baldumarket.lt\/lt\/wp-json\/wp\/v2\/product_cat?post=165440"},{"taxonomy":"product_tag","embeddable":true,"href":"https:\/\/baldumarket.lt\/lt\/wp-json\/wp\/v2\/product_tag?post=165440"}],"curies":[{"name":"wp","href":"https:\/\/api.w.org\/{rel}","templated":true}]}}