{"id":165433,"date":"2025-12-19T15:23:12","date_gmt":"2025-12-19T12:23:12","guid":{"rendered":"https:\/\/baldumarket.lt\/product\/vegas-28-biurko-4-szuflady-santana-jasna\/"},"modified":"2026-04-12T16:18:40","modified_gmt":"2026-04-12T13:18:40","slug":"vegas-28-biurko-4-szuflady-santana-jasna","status":"publish","type":"product","link":"https:\/\/baldumarket.lt\/lt\/product\/vegas-28-biurko-4-szuflady-santana-jasna\/","title":{"rendered":"VEGAS-28 \u2013 Santana \u0161viesus ra\u0161omasis stalas su 4 stal\u010diais"},"content":{"rendered":"<p>\u201eVEGAS-28\u201c ra\u0161omasis stalas taps neatsiejama j\u016bs\u0173 darbo vietos dalimi, derindamas funkcionalum\u0105 ir eleganti\u0161k\u0105 dizain\u0105. Ry\u0161ki \u201eSantana\u201c spalv\u0173 gama suteikia kambariui \u0161viesumo ir gaivos poj\u016bt\u012f, sukurdama maloni\u0105 atmosfer\u0105 tiek darbui, tiek poilsiui. Nat\u016bralios medienos atspalviai padidina jo universalum\u0105, tod\u0117l jis tinka \u012fvairiems interjero dizainams \u2013 nuo modernaus iki klasikinio. \u201eVEGAS-28\u201c ra\u0161omasis stalas buvo sukurtas atsi\u017evelgiant \u012f maksimal\u0173 erdv\u0117s i\u0161naudojim\u0105. Keturi erdv\u016bs stal\u010diai u\u017etikrina, kad visi j\u016bs\u0173 dokumentai, priedai ir knygos b\u016bt\u0173 lengvai pasiekiami. I\u0161traukiama klaviat\u016bros lentyna leid\u017eia patogiai pasiekti b\u016btiniausius daiktus ir i\u0161laikyti j\u016bs\u0173 darbo viet\u0105 tvarking\u0105. Tai puikus sprendimas tiems, kurie vertina ir estetik\u0105, ir prakti\u0161kum\u0105. Metalin\u0117s rankenos yra ne tik dekoratyvios, bet ir pabr\u0117\u017eia \u0161io baldo charakter\u012f bei ilgaam\u017ei\u0161kum\u0105. Kartu su metaliniais vyriais ir kreipian\u010diosiomis \u201eVEGAS-28\u201c ra\u0161omasis stalas u\u017etikrina patikimum\u0105 ir ilgaam\u017ei\u0161kum\u0105. \u201eJarstol\u201c dizaineriai pasir\u016bpino, kad net ir intensyviai naudojant baldas ilgai i\u0161laikyt\u0173 savo funkcijas ir estetik\u0105.<\/p>","protected":false},"excerpt":{"rendered":"<p>Plotis (cm): 120<br \/>\n\u016agis (cm): 78<br \/>\nGylis (cm): 60<\/p>","protected":false},"featured_media":165434,"comment_status":"open","ping_status":"open","template":"","meta":[],"product_brand":[],"product_cat":[9516,1312,4108],"product_tag":[],"class_list":{"0":"post-165433","1":"product","2":"type-product","3":"status-publish","4":"has-post-thumbnail","6":"product_cat-furniture-system-vegas-jarstol-meble","7":"product_cat-desks","8":"product_cat-jarstol","10":"first","11":"instock","12":"purchasable","13":"product-type-simple"},"_links":{"self":[{"href":"https:\/\/baldumarket.lt\/lt\/wp-json\/wp\/v2\/product\/165433","targetHints":{"allow":["GET"]}}],"collection":[{"href":"https:\/\/baldumarket.lt\/lt\/wp-json\/wp\/v2\/product"}],"about":[{"href":"https:\/\/baldumarket.lt\/lt\/wp-json\/wp\/v2\/types\/product"}],"replies":[{"embeddable":true,"href":"https:\/\/baldumarket.lt\/lt\/wp-json\/wp\/v2\/comments?post=165433"}],"wp:featuredmedia":[{"embeddable":true,"href":"https:\/\/baldumarket.lt\/lt\/wp-json\/wp\/v2\/media\/165434"}],"wp:attachment":[{"href":"https:\/\/baldumarket.lt\/lt\/wp-json\/wp\/v2\/media?parent=165433"}],"wp:term":[{"taxonomy":"product_brand","embeddable":true,"href":"https:\/\/baldumarket.lt\/lt\/wp-json\/wp\/v2\/product_brand?post=165433"},{"taxonomy":"product_cat","embeddable":true,"href":"https:\/\/baldumarket.lt\/lt\/wp-json\/wp\/v2\/product_cat?post=165433"},{"taxonomy":"product_tag","embeddable":true,"href":"https:\/\/baldumarket.lt\/lt\/wp-json\/wp\/v2\/product_tag?post=165433"}],"curies":[{"name":"wp","href":"https:\/\/api.w.org\/{rel}","templated":true}]}}