{"id":165428,"date":"2025-12-19T15:23:01","date_gmt":"2025-12-19T12:23:01","guid":{"rendered":"https:\/\/baldumarket.lt\/product\/vegas-30-biurko-santana-ciemna\/"},"modified":"2026-04-12T16:18:40","modified_gmt":"2026-04-12T13:18:40","slug":"vegas-30-biurko-santana-ciemna","status":"publish","type":"product","link":"https:\/\/baldumarket.lt\/lt\/product\/vegas-30-biurko-santana-ciemna\/","title":{"rendered":"VEGAS-30 &#8211; Santana stalas, tamsus"},"content":{"rendered":"<p>Pasiruo\u0161kite atrasti stal\u0105, kuris i\u0161 esm\u0117s pakei\u010dia elegancij\u0105 ir funkcionalum\u0105 \u2013 pristatome \u201eSantana Dark\u201c stal\u0105 i\u0161 \u201eVegas\u201c kolekcijos. D\u0117l modernaus, minimalistinio dizaino jis puikiai tinka \u012fvairiems interjero dizainams \u2013 nuo jaukios svetain\u0117s iki profesionalaus biuro ar darbo kambario. \u201eSantana Dark\u201c r\u0117mas spinduliuoja subtilia elegancija, suteikian\u010dia erdvei klas\u0117s ir stiliaus. \u0160is stalas i\u0161siskiria ne tik estetika, bet ir praktin\u0117mis savyb\u0117mis. \u012erengtas viena i\u0161traukiama lentyna, jis puikiai tinka klaviat\u016brai ar svarbiems dokumentams laikyti. Tai puikus pagalbininkas kasdien\u0117ms u\u017eduotims, derinantis funkcionalum\u0105 su paprastu naudojimu. Mielai j\u012f pritaikysite savo poreikiams, kad erdv\u0119 i\u0161naudotum\u0117te efektyviai. Pagrindinis \u201eSantana Dark\u201c stalo privalumas yra jo universalumas. Jis gali b\u016bti naudojamas ir kaip tradicinis darbo stalas, ir kaip modernus tualetinis staliukas, skland\u017eiai derantis prie \u012fvairi\u0173 interjero stili\u0173. Paprastas stalo dizainas si\u016blo daugyb\u0119 i\u0161d\u0117stymo variant\u0173, tod\u0117l j\u012f lengvai pritaikysite prie norimo dekoro. Kiekvienas interjeras \u012fgis charakterio, taps funkcionalesnis ir esteti\u0161kesnis.<\/p>","protected":false},"excerpt":{"rendered":"<p>Plotis (cm): 150<br \/>\n\u016agis (cm): 78<br \/>\nGylis (cm): 60<\/p>","protected":false},"featured_media":165429,"comment_status":"open","ping_status":"open","template":"","meta":[],"product_brand":[],"product_cat":[9516,1312,4108],"product_tag":[],"class_list":{"0":"post-165428","1":"product","2":"type-product","3":"status-publish","4":"has-post-thumbnail","6":"product_cat-furniture-system-vegas-jarstol-meble","7":"product_cat-desks","8":"product_cat-jarstol","10":"first","11":"instock","12":"purchasable","13":"product-type-simple"},"_links":{"self":[{"href":"https:\/\/baldumarket.lt\/lt\/wp-json\/wp\/v2\/product\/165428","targetHints":{"allow":["GET"]}}],"collection":[{"href":"https:\/\/baldumarket.lt\/lt\/wp-json\/wp\/v2\/product"}],"about":[{"href":"https:\/\/baldumarket.lt\/lt\/wp-json\/wp\/v2\/types\/product"}],"replies":[{"embeddable":true,"href":"https:\/\/baldumarket.lt\/lt\/wp-json\/wp\/v2\/comments?post=165428"}],"wp:featuredmedia":[{"embeddable":true,"href":"https:\/\/baldumarket.lt\/lt\/wp-json\/wp\/v2\/media\/165429"}],"wp:attachment":[{"href":"https:\/\/baldumarket.lt\/lt\/wp-json\/wp\/v2\/media?parent=165428"}],"wp:term":[{"taxonomy":"product_brand","embeddable":true,"href":"https:\/\/baldumarket.lt\/lt\/wp-json\/wp\/v2\/product_brand?post=165428"},{"taxonomy":"product_cat","embeddable":true,"href":"https:\/\/baldumarket.lt\/lt\/wp-json\/wp\/v2\/product_cat?post=165428"},{"taxonomy":"product_tag","embeddable":true,"href":"https:\/\/baldumarket.lt\/lt\/wp-json\/wp\/v2\/product_tag?post=165428"}],"curies":[{"name":"wp","href":"https:\/\/api.w.org\/{rel}","templated":true}]}}