{"id":165423,"date":"2025-12-19T15:22:51","date_gmt":"2025-12-19T12:22:51","guid":{"rendered":"https:\/\/baldumarket.lt\/product\/vegas-30-biurko-santana-jasna\/"},"modified":"2026-04-12T16:18:40","modified_gmt":"2026-04-12T13:18:40","slug":"vegas-30-biurko-santana-jasna","status":"publish","type":"product","link":"https:\/\/baldumarket.lt\/lt\/product\/vegas-30-biurko-santana-jasna\/","title":{"rendered":"VEGAS-30 &#8211; Santana stalo \u0161viestuvas"},"content":{"rendered":"<p>\u201eVegas\u201c kolekcijos ra\u0161omasis stalas \u201eVEGAS-30\u201c i\u0161siskiria minimalistiniu dizainu, puikiai papildan\u010diu \u012fvairius interjero dizainus. Ry\u0161ki \u201eSantana\u201c spalv\u0173 gama paver\u010dia j\u012f i\u0161skirtinai universaliu baldu, kuris suteiks lengvumo bet kokiam kambariui, nepriklausomai nuo jo paskirties. \u201eVEGAS-30\u201c ra\u0161omasis stalas yra lengvai naudojamas ir turi vien\u0105 i\u0161traukiam\u0105 lentyn\u0105, puikiai tinkan\u010di\u0105 klaviat\u016brai ar svarbiems dokumentams laikyti. Tai sukuria organizuot\u0105 ir erdvi\u0105 darbo viet\u0105 ar studij\u0173 zon\u0105. 150 cm plotis suteikia daug darbinio pavir\u0161iaus, tod\u0117l puikiai tinka tiek svetainei, tiek biurui. \u0160is stalas yra ne tik biuro baldas, bet ir leid\u017eia k\u016brybi\u0161kai kurti interjer\u0105. Jis gali b\u016bti patogus tualetinis staliukas arba vieta greitiems susitikimams. D\u0117l paprastos formos ir minimalistin\u0117s i\u0161vaizdos jis suteikia galimyb\u0119 suasmeninti erdv\u0119, tod\u0117l j\u0105 lengva pritaikyti prie j\u016bs\u0173 stiliaus ir pageidavim\u0173.<\/p>","protected":false},"excerpt":{"rendered":"<p>Plotis (cm): 150<br \/>\n\u016agis (cm): 78<br \/>\nGylis (cm): 67<\/p>","protected":false},"featured_media":165424,"comment_status":"open","ping_status":"open","template":"","meta":[],"product_brand":[],"product_cat":[9516,1312,4108],"product_tag":[],"class_list":{"0":"post-165423","1":"product","2":"type-product","3":"status-publish","4":"has-post-thumbnail","6":"product_cat-furniture-system-vegas-jarstol-meble","7":"product_cat-desks","8":"product_cat-jarstol","10":"first","11":"instock","12":"purchasable","13":"product-type-simple"},"_links":{"self":[{"href":"https:\/\/baldumarket.lt\/lt\/wp-json\/wp\/v2\/product\/165423","targetHints":{"allow":["GET"]}}],"collection":[{"href":"https:\/\/baldumarket.lt\/lt\/wp-json\/wp\/v2\/product"}],"about":[{"href":"https:\/\/baldumarket.lt\/lt\/wp-json\/wp\/v2\/types\/product"}],"replies":[{"embeddable":true,"href":"https:\/\/baldumarket.lt\/lt\/wp-json\/wp\/v2\/comments?post=165423"}],"wp:featuredmedia":[{"embeddable":true,"href":"https:\/\/baldumarket.lt\/lt\/wp-json\/wp\/v2\/media\/165424"}],"wp:attachment":[{"href":"https:\/\/baldumarket.lt\/lt\/wp-json\/wp\/v2\/media?parent=165423"}],"wp:term":[{"taxonomy":"product_brand","embeddable":true,"href":"https:\/\/baldumarket.lt\/lt\/wp-json\/wp\/v2\/product_brand?post=165423"},{"taxonomy":"product_cat","embeddable":true,"href":"https:\/\/baldumarket.lt\/lt\/wp-json\/wp\/v2\/product_cat?post=165423"},{"taxonomy":"product_tag","embeddable":true,"href":"https:\/\/baldumarket.lt\/lt\/wp-json\/wp\/v2\/product_tag?post=165423"}],"curies":[{"name":"wp","href":"https:\/\/api.w.org\/{rel}","templated":true}]}}