{"id":165418,"date":"2025-12-19T15:22:40","date_gmt":"2025-12-19T12:22:40","guid":{"rendered":"https:\/\/baldumarket.lt\/product\/vegas-34-regal-2-drzwiowy-santana-ciemna\/"},"modified":"2026-04-12T16:18:40","modified_gmt":"2026-04-12T13:18:40","slug":"vegas-34-regal-2-drzwiowy-santana-ciemna","status":"publish","type":"product","link":"https:\/\/baldumarket.lt\/lt\/product\/vegas-34-regal-2-drzwiowy-santana-ciemna\/","title":{"rendered":"VEGAS-34 \u2013 Santana tamsi dviej\u0173 dur\u0173 knyg\u0173 lentyna"},"content":{"rendered":"<p>Dviej\u0173 dur\u0173 knyg\u0173 spinta VEGAS-34 \u2013 tai unikalus baldas, kuris suteiks j\u016bs\u0173 interjerui savito charakterio ir stiliaus. Tamsaus Santana atspalvio apdaila, eleganti\u0161kas dizainas tikrai pritrauks kiekvieno pro duris \u012f\u017eengian\u010dio d\u0117mes\u012f. Ji neabejotinai papuo\u0161 tiek modern\u0173, tiek klasikin\u012f interjer\u0105, suteikdama prabangos. Dvi atviros lentynos VEGAS-34 knyg\u0173 spintoje puikiai tinka eksponuoti m\u0117gstamas knygas, suvenyrus ar dekoracijas. \u0160ios erdv\u0117s tampa fantasti\u0161ka galerija, kurioje galima pamatyti ir \u012fvertinti kiekvien\u0105 detal\u0119. Tai suteiks j\u016bs\u0173 svetainei, darbo kambariui ar miegamajam asmeni\u0161kumo, o kasdieniai daiktai tur\u0117s savo ypating\u0105 viet\u0105. Knyg\u0173 spintoje yra dvi durys, po kuriomis pasl\u0117pta viena prakti\u0161ka lentyna. \u0160is sprendimas leid\u017eia palaikyti tvark\u0105 ir pasl\u0117pti daiktus, kuri\u0173 nenorite rodyti. Tai leid\u017eia laikyti visk\u0105, ko jums reikia, nesijaudinant d\u0117l chaoso aplinkoje. Kartu su metalin\u0117mis rankenomis \u0161is baldas yra patvarus ir atsparus kasdieniam naudojimui.<\/p>","protected":false},"excerpt":{"rendered":"<p>Plotis (cm): 70<br \/>\n\u016agis (cm): 192<br \/>\nGylis (cm): 67<\/p>","protected":false},"featured_media":165419,"comment_status":"open","ping_status":"open","template":"","meta":[],"product_brand":[],"product_cat":[9516,4108,1987],"product_tag":[],"class_list":{"0":"post-165418","1":"product","2":"type-product","3":"status-publish","4":"has-post-thumbnail","6":"product_cat-furniture-system-vegas-jarstol-meble","7":"product_cat-jarstol","8":"product_cat-shelving-units","10":"first","11":"instock","12":"purchasable","13":"product-type-simple"},"_links":{"self":[{"href":"https:\/\/baldumarket.lt\/lt\/wp-json\/wp\/v2\/product\/165418","targetHints":{"allow":["GET"]}}],"collection":[{"href":"https:\/\/baldumarket.lt\/lt\/wp-json\/wp\/v2\/product"}],"about":[{"href":"https:\/\/baldumarket.lt\/lt\/wp-json\/wp\/v2\/types\/product"}],"replies":[{"embeddable":true,"href":"https:\/\/baldumarket.lt\/lt\/wp-json\/wp\/v2\/comments?post=165418"}],"wp:featuredmedia":[{"embeddable":true,"href":"https:\/\/baldumarket.lt\/lt\/wp-json\/wp\/v2\/media\/165419"}],"wp:attachment":[{"href":"https:\/\/baldumarket.lt\/lt\/wp-json\/wp\/v2\/media?parent=165418"}],"wp:term":[{"taxonomy":"product_brand","embeddable":true,"href":"https:\/\/baldumarket.lt\/lt\/wp-json\/wp\/v2\/product_brand?post=165418"},{"taxonomy":"product_cat","embeddable":true,"href":"https:\/\/baldumarket.lt\/lt\/wp-json\/wp\/v2\/product_cat?post=165418"},{"taxonomy":"product_tag","embeddable":true,"href":"https:\/\/baldumarket.lt\/lt\/wp-json\/wp\/v2\/product_tag?post=165418"}],"curies":[{"name":"wp","href":"https:\/\/api.w.org\/{rel}","templated":true}]}}