{"id":165412,"date":"2025-12-19T15:22:27","date_gmt":"2025-12-19T12:22:27","guid":{"rendered":"https:\/\/baldumarket.lt\/product\/vegas-34-regal-2-drzwiowy-santana-jasna\/"},"modified":"2026-04-12T16:18:40","modified_gmt":"2026-04-12T13:18:40","slug":"vegas-34-regal-2-drzwiowy-santana-jasna","status":"publish","type":"product","link":"https:\/\/baldumarket.lt\/lt\/product\/vegas-34-regal-2-drzwiowy-santana-jasna\/","title":{"rendered":"VEGAS-34 \u2013 Santana Light dviej\u0173 dur\u0173 knyg\u0173 lentyna"},"content":{"rendered":"<p>Atraskite elegancij\u0105 ir funkcionalum\u0105, kur\u012f si\u016blo \u201eSantana\u201c 2 dur\u0173 knyg\u0173 lentyna i\u0161 \u201eVegas\u201c kolekcijos. 70 cm plo\u010dio, 192 cm auk\u0161\u010dio ir 40,5 cm gylio \u0161i lentyna yra stilingas bet kokio interjero papildymas, suteikiantis jai unikal\u0173 charakter\u012f. \u0160viesus korpuso atspalvis kartu su metalin\u0117mis ranken\u0173 detal\u0117mis sukuria harmoning\u0105 visum\u0105, kuri traukia ak\u012f ir \u017eavi savo paprastumu. Knyg\u0173 lentyna buvo sukurta atsi\u017evelgiant \u012f daugiafunkcin\u012f naudojim\u0105. Ji suteikia erdvi\u0105 prieig\u0105 prie dviej\u0173 atvir\u0173 lentyn\u0173, puikiai tinkan\u010di\u0173 m\u0117gstamoms knygoms, dekoracijoms ir atminimo daiktams, pabr\u0117\u017eiantiems j\u016bs\u0173 unikal\u0173 gyvenimo b\u016bd\u0105, eksponuoti. Be to, u\u017edaros durys su viena lentyna viduje suteikia puiki\u0105 viet\u0105 daiktams, kuriuos norite pasl\u0117pti, tuo pa\u010diu sukurdamos tvark\u0105 j\u016bs\u0173 interjere. \u201eSantana\u201c knyg\u0173 lentyna yra ne tik prakti\u0161ka, bet ir patogi kasdieniam naudojimui. D\u0117l auk\u0161tos kokyb\u0117s med\u017eiag\u0173, i\u0161 kuri\u0173 ji pagaminta, ji yra patvari ir lengvai pri\u017ei\u016brima. \u0160iltas ir malonus med\u017eio atspalvis kartu su minimalistiniu stiliumi leid\u017eia lentynai puikiai dera prie \u012fvairi\u0173 i\u0161d\u0117stym\u0173 \u2013 nuo modernaus iki klasikinio.<\/p>","protected":false},"excerpt":{"rendered":"<p>Plotis (cm): 70<br \/>\n\u016agis (cm): 192<br \/>\nGylis (cm): 40,5<\/p>","protected":false},"featured_media":165413,"comment_status":"open","ping_status":"open","template":"","meta":[],"product_brand":[],"product_cat":[9516,4108,1987],"product_tag":[],"class_list":{"0":"post-165412","1":"product","2":"type-product","3":"status-publish","4":"has-post-thumbnail","6":"product_cat-furniture-system-vegas-jarstol-meble","7":"product_cat-jarstol","8":"product_cat-shelving-units","10":"first","11":"instock","12":"purchasable","13":"product-type-simple"},"_links":{"self":[{"href":"https:\/\/baldumarket.lt\/lt\/wp-json\/wp\/v2\/product\/165412","targetHints":{"allow":["GET"]}}],"collection":[{"href":"https:\/\/baldumarket.lt\/lt\/wp-json\/wp\/v2\/product"}],"about":[{"href":"https:\/\/baldumarket.lt\/lt\/wp-json\/wp\/v2\/types\/product"}],"replies":[{"embeddable":true,"href":"https:\/\/baldumarket.lt\/lt\/wp-json\/wp\/v2\/comments?post=165412"}],"wp:featuredmedia":[{"embeddable":true,"href":"https:\/\/baldumarket.lt\/lt\/wp-json\/wp\/v2\/media\/165413"}],"wp:attachment":[{"href":"https:\/\/baldumarket.lt\/lt\/wp-json\/wp\/v2\/media?parent=165412"}],"wp:term":[{"taxonomy":"product_brand","embeddable":true,"href":"https:\/\/baldumarket.lt\/lt\/wp-json\/wp\/v2\/product_brand?post=165412"},{"taxonomy":"product_cat","embeddable":true,"href":"https:\/\/baldumarket.lt\/lt\/wp-json\/wp\/v2\/product_cat?post=165412"},{"taxonomy":"product_tag","embeddable":true,"href":"https:\/\/baldumarket.lt\/lt\/wp-json\/wp\/v2\/product_tag?post=165412"}],"curies":[{"name":"wp","href":"https:\/\/api.w.org\/{rel}","templated":true}]}}