{"id":165407,"date":"2025-12-19T15:22:16","date_gmt":"2025-12-19T12:22:16","guid":{"rendered":"https:\/\/baldumarket.lt\/product\/vegas-35-szafa-2-drzwiowa-santana-ciemna\/"},"modified":"2026-04-12T16:18:30","modified_gmt":"2026-04-12T13:18:30","slug":"vegas-35-szafa-2-drzwiowa-santana-ciemna","status":"publish","type":"product","link":"https:\/\/baldumarket.lt\/lt\/product\/vegas-35-szafa-2-drzwiowa-santana-ciemna\/","title":{"rendered":"VEGAS-35 \u2013 Santana dviej\u0173 dur\u0173 spinta, tamsi"},"content":{"rendered":"<p>VEGAS-35 \u2013 i\u0161skirtinai stilinga dviej\u0173 dur\u0173 spinta, puikiai papildanti modern\u0173 interjer\u0105, suteikianti jam eleganti\u0161k\u0105 charakter\u012f. Pagaminta i\u0161 auk\u0161tos kokyb\u0117s laminuotos plok\u0161t\u0117s, tamsios Santana atspalvio, ji yra tobulas funkcionalumo ir estetikos derinys. Minimalistinis dizainas tikrai patrauks ak\u012f ir papildys \u012fvairius interjerus \u2013 nuo miegamojo iki svetain\u0117s ir biuro. Sidabrin\u0117s metalin\u0117s ranken\u0117l\u0117s suteikia subtilumo, deran\u010dios prie bendro dizaino. \u0160i erdvi 70 cm plo\u010dio, 192 cm auk\u0161\u010dio ir 40,5 cm gylio spinta buvo sukurta siekiant maksimaliai i\u0161naudoti turim\u0105 erdv\u0119. Keturios lentynos viduje leid\u017eia efektyviai sutvarkyti drabu\u017eius ir aksesuarus. Tai u\u017etikrina, kad kiekvienas spintos elementas tur\u0117t\u0173 savo viet\u0105, tod\u0117l kasdienis valymas tampa lengvesnis ir malonesnis. Did\u017eiausias VEGAS-35 spintos privalumas \u2013 jos universalumas. Ji puikiai tinka ne tik miegamajam, kur tilps visi j\u016bs\u0173 m\u0117gstamiausi drabu\u017eiai, bet ir biurui ar darbo kambariui, suteikdama elegancijos ir tvarkos. Tamsi moderni\u0173 bald\u0173 korpuso spalva puikiai dera su \u0161viesiomis sienomis, sukurdama malon\u0173 kontrast\u0105, kuris interjerui suteikia harmonijos ir ramyb\u0117s.<\/p>","protected":false},"excerpt":{"rendered":"<p>Plotis (cm): 70<br \/>\n\u016agis (cm): 192<br \/>\nGylis (cm): 40,5<\/p>","protected":false},"featured_media":165408,"comment_status":"open","ping_status":"open","template":"","meta":[],"product_brand":[],"product_cat":[9516,4108,1177],"product_tag":[],"class_list":{"0":"post-165407","1":"product","2":"type-product","3":"status-publish","4":"has-post-thumbnail","6":"product_cat-furniture-system-vegas-jarstol-meble","7":"product_cat-jarstol","8":"product_cat-wardrobes","10":"first","11":"instock","12":"purchasable","13":"product-type-simple"},"_links":{"self":[{"href":"https:\/\/baldumarket.lt\/lt\/wp-json\/wp\/v2\/product\/165407","targetHints":{"allow":["GET"]}}],"collection":[{"href":"https:\/\/baldumarket.lt\/lt\/wp-json\/wp\/v2\/product"}],"about":[{"href":"https:\/\/baldumarket.lt\/lt\/wp-json\/wp\/v2\/types\/product"}],"replies":[{"embeddable":true,"href":"https:\/\/baldumarket.lt\/lt\/wp-json\/wp\/v2\/comments?post=165407"}],"wp:featuredmedia":[{"embeddable":true,"href":"https:\/\/baldumarket.lt\/lt\/wp-json\/wp\/v2\/media\/165408"}],"wp:attachment":[{"href":"https:\/\/baldumarket.lt\/lt\/wp-json\/wp\/v2\/media?parent=165407"}],"wp:term":[{"taxonomy":"product_brand","embeddable":true,"href":"https:\/\/baldumarket.lt\/lt\/wp-json\/wp\/v2\/product_brand?post=165407"},{"taxonomy":"product_cat","embeddable":true,"href":"https:\/\/baldumarket.lt\/lt\/wp-json\/wp\/v2\/product_cat?post=165407"},{"taxonomy":"product_tag","embeddable":true,"href":"https:\/\/baldumarket.lt\/lt\/wp-json\/wp\/v2\/product_tag?post=165407"}],"curies":[{"name":"wp","href":"https:\/\/api.w.org\/{rel}","templated":true}]}}